{"id":2288,"date":"2024-10-23T14:10:49","date_gmt":"2024-10-23T12:10:49","guid":{"rendered":"http:\/\/billigtrikots.com\/?post_type=product&#038;p=2288"},"modified":"2024-10-23T14:11:15","modified_gmt":"2024-10-23T12:11:15","slug":"lcfc-wesley-fofana-3-heimtrikot-fussball-trikots-offizielles-set-2022","status":"publish","type":"product","link":"https:\/\/www.billigtrikotde.com\/es\/lcfc-wesley-fofana-3-heimtrikot-fussball-trikots-offizielles-set-2022\/","title":{"rendered":"LCFC Wesley Fofana 3# Home Shirt Camisetas de F\u00fatbol Kit Oficial 2022"},"content":{"rendered":"<p>Esta camiseta Leicester City FC 2021\/22 para hombre de adidas mantendr\u00e1 a los chicos entre los 4 primeros esta temporada. Esta camiseta de corte est\u00e1ndar en color azul camuflaje est\u00e1 confeccionada en tejido ligero de poli\u00e9ster que utiliza la tecnolog\u00eda AEROREADY para expulsar el sudor y mantenerte fresco y c\u00f3modo. Tiene cuello de pico y mangas cortas con ribetes blancos en contraste y 3 bandas en los hombros. Con los patrocinadores del club en la parte delantera, esta camiseta est\u00e1 rematada con una insignia deportiva y el ic\u00f3nico escudo de los Foxes en el pecho.<\/p>\n<p>Consejos para la impresi\u00f3n: Si el nombre y el n\u00famero que aparecen en la imagen son exactamente los que desea, no es necesario que los vuelva a introducir. En caso contrario, deber\u00e1 introducir el nombre y el n\u00famero que desee.<\/p>\n<p>Consejos de lavado: Se recomienda lavar las camisetas de f\u00fatbol a mano. Si desea utilizar la lavadora, recuerde poner las camisetas de f\u00fatbol del rev\u00e9s y luego lavarlas. Llena la lavadora con agua fr\u00eda y utiliza un ciclo delicado para proteger mejor los colores.<\/p>","protected":false},"excerpt":{"rendered":"<p>Mit diesem Leicester City FC 2021\/22 Heimtrikot f\u00fcr Herren von adidas sind die Jungs in dieser Saison unter den Top 4. Dieses Standard-Fit-Shirt in blauer Tarnfarbe besteht aus leichtem Polygewebe, das mit AEROREADY-Technologie Schwei\u00df ableitet und f\u00fcr k\u00fchlen Komfort sorgt. Es hat einen V-Ausschnitt und kurze \u00c4rmel mit kontrastierenden wei\u00dfen Bes\u00e4tzen und 3-Streifen an den [&hellip;]<\/p>","protected":false},"featured_media":2294,"comment_status":"open","ping_status":"closed","template":"","meta":[],"product_brand":[],"product_cat":[80],"product_tag":[20,21,22,23,54,24,81],"class_list":{"0":"post-2288","1":"product","2":"type-product","3":"status-publish","4":"has-post-thumbnail","6":"product_cat-leicester-city","7":"product_tag-coole-fussballtrikots","8":"product_tag-fussballtrikot-fuer-herren","9":"product_tag-fussballtrikot-guenstig-kaufen","10":"product_tag-fussballtrikot-kurzarm","11":"product_tag-fussballtrikot-set","12":"product_tag-guenstiges-fussballtrikot","13":"product_tag-leicester-city-f-c-trikots","15":"first","16":"instock","17":"shipping-taxable","18":"purchasable","19":"product-type-variable"},"_links":{"self":[{"href":"https:\/\/www.billigtrikotde.com\/es\/wp-json\/wp\/v2\/product\/2288","targetHints":{"allow":["GET"]}}],"collection":[{"href":"https:\/\/www.billigtrikotde.com\/es\/wp-json\/wp\/v2\/product"}],"about":[{"href":"https:\/\/www.billigtrikotde.com\/es\/wp-json\/wp\/v2\/types\/product"}],"replies":[{"embeddable":true,"href":"https:\/\/www.billigtrikotde.com\/es\/wp-json\/wp\/v2\/comments?post=2288"}],"wp:featuredmedia":[{"embeddable":true,"href":"https:\/\/www.billigtrikotde.com\/es\/wp-json\/wp\/v2\/media\/2294"}],"wp:attachment":[{"href":"https:\/\/www.billigtrikotde.com\/es\/wp-json\/wp\/v2\/media?parent=2288"}],"wp:term":[{"taxonomy":"product_brand","embeddable":true,"href":"https:\/\/www.billigtrikotde.com\/es\/wp-json\/wp\/v2\/product_brand?post=2288"},{"taxonomy":"product_cat","embeddable":true,"href":"https:\/\/www.billigtrikotde.com\/es\/wp-json\/wp\/v2\/product_cat?post=2288"},{"taxonomy":"product_tag","embeddable":true,"href":"https:\/\/www.billigtrikotde.com\/es\/wp-json\/wp\/v2\/product_tag?post=2288"}],"curies":[{"name":"wp","href":"https:\/\/api.w.org\/{rel}","templated":true}]}}