{"id":22806,"date":"2025-11-04T15:37:15","date_gmt":"2025-11-04T14:37:15","guid":{"rendered":"https:\/\/www.billigtrikotde.com\/?post_type=product&#038;p=22806"},"modified":"2025-11-04T15:37:27","modified_gmt":"2025-11-04T14:37:27","slug":"arsenal-declan-rice-41-heimtrikot-2025-26-kurzarm","status":"publish","type":"product","link":"https:\/\/www.billigtrikotde.com\/es\/arsenal-declan-rice-41-heimtrikot-2025-26-kurzarm\/","title":{"rendered":"Arsenal Declan Rice #41 Camiseta local 2025-26 Manga corta"},"content":{"rendered":"<p>Consejos para imprimir camisetas de f\u00fatbol del Arsenal: Si el nombre y el n\u00famero en la imagen coinciden exactamente con tus deseos, no necesitas volver a ingresarlos. Si no, deber\u00edas ingresar el nombre y el n\u00famero que desees.<\/p>\n<p>Consejos para lavar camisetas de f\u00fatbol del Arsenal: Se recomienda lavar las camisetas a mano. Si quieres usar la lavadora, recuerda voltear las camisetas y luego lavarlas. Llena la m\u00e1quina con agua fr\u00eda y usa un ciclo suave para proteger mejor los colores.<\/p>","protected":false},"excerpt":{"rendered":"<p>Consejos para camisetas de f\u00fatbol de Chelsea para imprimir: si el nombre y el n\u00famero en la imagen coinciden exactamente con sus deseos, no es necesario volver a ingresarlos. Si no, debe ingresar el nombre y el n\u00famero que desea. Consejos para lavar camisetas de f\u00fatbol de Chelsea: se recomienda lavar las camisetas de f\u00fatbol a mano. Si desea usar la lavadora, recuerde voltear las camisetas de f\u00fatbol [\u2026]<\/p>","protected":false},"featured_media":22808,"comment_status":"open","ping_status":"closed","template":"","meta":[],"product_brand":[],"product_cat":[55],"product_tag":[1610,1611],"class_list":{"0":"post-22806","1":"product","2":"type-product","3":"status-publish","4":"has-post-thumbnail","6":"product_cat-arsenal","7":"product_tag-declan-rice-trikot-kinder-kaufen","8":"product_tag-guenstige-declan-rice-trikot-kinder","10":"first","11":"instock","12":"shipping-taxable","13":"purchasable","14":"product-type-variable"},"_links":{"self":[{"href":"https:\/\/www.billigtrikotde.com\/es\/wp-json\/wp\/v2\/product\/22806","targetHints":{"allow":["GET"]}}],"collection":[{"href":"https:\/\/www.billigtrikotde.com\/es\/wp-json\/wp\/v2\/product"}],"about":[{"href":"https:\/\/www.billigtrikotde.com\/es\/wp-json\/wp\/v2\/types\/product"}],"replies":[{"embeddable":true,"href":"https:\/\/www.billigtrikotde.com\/es\/wp-json\/wp\/v2\/comments?post=22806"}],"wp:featuredmedia":[{"embeddable":true,"href":"https:\/\/www.billigtrikotde.com\/es\/wp-json\/wp\/v2\/media\/22808"}],"wp:attachment":[{"href":"https:\/\/www.billigtrikotde.com\/es\/wp-json\/wp\/v2\/media?parent=22806"}],"wp:term":[{"taxonomy":"product_brand","embeddable":true,"href":"https:\/\/www.billigtrikotde.com\/es\/wp-json\/wp\/v2\/product_brand?post=22806"},{"taxonomy":"product_cat","embeddable":true,"href":"https:\/\/www.billigtrikotde.com\/es\/wp-json\/wp\/v2\/product_cat?post=22806"},{"taxonomy":"product_tag","embeddable":true,"href":"https:\/\/www.billigtrikotde.com\/es\/wp-json\/wp\/v2\/product_tag?post=22806"}],"curies":[{"name":"wp","href":"https:\/\/api.w.org\/{rel}","templated":true}]}}