{"id":22763,"date":"2025-11-04T15:34:30","date_gmt":"2025-11-04T14:34:30","guid":{"rendered":"https:\/\/www.billigtrikotde.com\/?post_type=product&#038;p=22763"},"modified":"2025-11-04T15:34:33","modified_gmt":"2025-11-04T14:34:33","slug":"chelsea-moises-caicedo-25-heimtrikot-2025-26-kurzarm","status":"publish","type":"product","link":"https:\/\/www.billigtrikotde.com\/es\/chelsea-moises-caicedo-25-heimtrikot-2025-26-kurzarm\/","title":{"rendered":"Chelsea Moises Caicedo #25 Camiseta local 2025-26 Manga corta"},"content":{"rendered":"<p>Consejos para imprimir camisetas de f\u00fatbol de Chelsea: Si el nombre y el n\u00famero en la imagen coinciden exactamente con tus deseos, no es necesario que los vuelvas a ingresar. Si no, debes ingresar el nombre y el n\u00famero que deseas.<\/p>\n<p>Consejos para lavar camisetas de f\u00fatbol de Chelsea: Se recomienda lavar las camisetas a mano. Si deseas usar la lavadora, recuerda darle la vuelta a las camisetas y luego lavarlas. Llena la m\u00e1quina con agua fr\u00eda y usa un ciclo suave para proteger mejor los colores.<\/p>","protected":false},"excerpt":{"rendered":"<p>Consejos para camisetas de f\u00fatbol de Chelsea para imprimir: si el nombre y el n\u00famero en la imagen coinciden exactamente con sus deseos, no es necesario volver a ingresarlos. Si no, debe ingresar el nombre y el n\u00famero que desea. Consejos para lavar camisetas de f\u00fatbol de Chelsea: se recomienda lavar las camisetas de f\u00fatbol a mano. Si desea usar la lavadora, recuerde voltear las camisetas de f\u00fatbol [\u2026]<\/p>","protected":false},"featured_media":22765,"comment_status":"open","ping_status":"closed","template":"","meta":[],"product_brand":[],"product_cat":[72],"product_tag":[1285,1286],"class_list":{"0":"post-22763","1":"product","2":"type-product","3":"status-publish","4":"has-post-thumbnail","6":"product_cat-chelsea","7":"product_tag-guenstige-moises-caicedo-trikot-kinder","8":"product_tag-moises-caicedo-trikot-kinder-kaufen","10":"first","11":"instock","12":"shipping-taxable","13":"purchasable","14":"product-type-variable"},"_links":{"self":[{"href":"https:\/\/www.billigtrikotde.com\/es\/wp-json\/wp\/v2\/product\/22763","targetHints":{"allow":["GET"]}}],"collection":[{"href":"https:\/\/www.billigtrikotde.com\/es\/wp-json\/wp\/v2\/product"}],"about":[{"href":"https:\/\/www.billigtrikotde.com\/es\/wp-json\/wp\/v2\/types\/product"}],"replies":[{"embeddable":true,"href":"https:\/\/www.billigtrikotde.com\/es\/wp-json\/wp\/v2\/comments?post=22763"}],"wp:featuredmedia":[{"embeddable":true,"href":"https:\/\/www.billigtrikotde.com\/es\/wp-json\/wp\/v2\/media\/22765"}],"wp:attachment":[{"href":"https:\/\/www.billigtrikotde.com\/es\/wp-json\/wp\/v2\/media?parent=22763"}],"wp:term":[{"taxonomy":"product_brand","embeddable":true,"href":"https:\/\/www.billigtrikotde.com\/es\/wp-json\/wp\/v2\/product_brand?post=22763"},{"taxonomy":"product_cat","embeddable":true,"href":"https:\/\/www.billigtrikotde.com\/es\/wp-json\/wp\/v2\/product_cat?post=22763"},{"taxonomy":"product_tag","embeddable":true,"href":"https:\/\/www.billigtrikotde.com\/es\/wp-json\/wp\/v2\/product_tag?post=22763"}],"curies":[{"name":"wp","href":"https:\/\/api.w.org\/{rel}","templated":true}]}}