{"id":22750,"date":"2025-11-04T15:41:25","date_gmt":"2025-11-04T14:41:25","guid":{"rendered":"https:\/\/www.billigtrikotde.com\/?post_type=product&#038;p=22750"},"modified":"2025-11-04T15:41:25","modified_gmt":"2025-11-04T14:41:25","slug":"manchester-united-guenstige-marcus-rashford-10-heimtrikot-2025-26-kurzarm","status":"publish","type":"product","link":"https:\/\/www.billigtrikotde.com\/es\/manchester-united-guenstige-marcus-rashford-10-heimtrikot-2025-26-kurzarm\/","title":{"rendered":"Manchester United Camiseta local econ\u00f3mica Marcus Rashford #10 2025-26 Manga corta"},"content":{"rendered":"<p>Consejos para imprimir camisetas de f\u00fatbol de Manchester United: Si el nombre y el n\u00famero en la imagen coinciden exactamente con tus preferencias, no necesitas volver a ingresarlos. Si no, deber\u00edas introducir el nombre y el n\u00famero que desees.<\/p>\n<p>Consejos para lavar camisetas de f\u00fatbol de Manchester United: se recomienda lavar las camisetas a mano. Si quieres usar la lavadora, recuerda darle la vuelta a las camisetas de f\u00fatbol y luego lavarlas. Llena la m\u00e1quina con agua fr\u00eda y utiliza un ciclo suave para proteger mejor los colores.<\/p>","protected":false},"excerpt":{"rendered":"<p>Consejos para camisetas de f\u00fatbol de Chelsea para imprimir: si el nombre y el n\u00famero en la imagen coinciden exactamente con sus deseos, no es necesario volver a ingresarlos. Si no, debe ingresar el nombre y el n\u00famero que desea. Consejos para lavar camisetas de f\u00fatbol de Chelsea: se recomienda lavar las camisetas de f\u00fatbol a mano. Si desea usar la lavadora, recuerde voltear las camisetas de f\u00fatbol [\u2026]<\/p>","protected":false},"featured_media":22752,"comment_status":"open","ping_status":"closed","template":"","meta":[],"product_brand":[],"product_cat":[50],"product_tag":[1615,1614],"class_list":{"0":"post-22750","1":"product","2":"type-product","3":"status-publish","4":"has-post-thumbnail","6":"product_cat-manchester-united","7":"product_tag-guenstige-marcus-rashford-trikot-kinder","8":"product_tag-marcus-rashford-trikot-kinder-kaufen","10":"first","11":"instock","12":"shipping-taxable","13":"purchasable","14":"product-type-variable"},"_links":{"self":[{"href":"https:\/\/www.billigtrikotde.com\/es\/wp-json\/wp\/v2\/product\/22750","targetHints":{"allow":["GET"]}}],"collection":[{"href":"https:\/\/www.billigtrikotde.com\/es\/wp-json\/wp\/v2\/product"}],"about":[{"href":"https:\/\/www.billigtrikotde.com\/es\/wp-json\/wp\/v2\/types\/product"}],"replies":[{"embeddable":true,"href":"https:\/\/www.billigtrikotde.com\/es\/wp-json\/wp\/v2\/comments?post=22750"}],"wp:featuredmedia":[{"embeddable":true,"href":"https:\/\/www.billigtrikotde.com\/es\/wp-json\/wp\/v2\/media\/22752"}],"wp:attachment":[{"href":"https:\/\/www.billigtrikotde.com\/es\/wp-json\/wp\/v2\/media?parent=22750"}],"wp:term":[{"taxonomy":"product_brand","embeddable":true,"href":"https:\/\/www.billigtrikotde.com\/es\/wp-json\/wp\/v2\/product_brand?post=22750"},{"taxonomy":"product_cat","embeddable":true,"href":"https:\/\/www.billigtrikotde.com\/es\/wp-json\/wp\/v2\/product_cat?post=22750"},{"taxonomy":"product_tag","embeddable":true,"href":"https:\/\/www.billigtrikotde.com\/es\/wp-json\/wp\/v2\/product_tag?post=22750"}],"curies":[{"name":"wp","href":"https:\/\/api.w.org\/{rel}","templated":true}]}}