{"id":22725,"date":"2025-11-04T15:44:26","date_gmt":"2025-11-04T14:44:26","guid":{"rendered":"https:\/\/www.billigtrikotde.com\/?post_type=product&#038;p=22725"},"modified":"2025-11-04T15:44:27","modified_gmt":"2025-11-04T14:44:27","slug":"everton-heimtrikot-2025-26-kurzarm","status":"publish","type":"product","link":"https:\/\/www.billigtrikotde.com\/es\/everton-heimtrikot-2025-26-kurzarm\/","title":{"rendered":"Everton Camiseta local 2025-26 de manga corta"},"content":{"rendered":"<p>Consejos para imprimir camisetas de f\u00fatbol de Everton: si el nombre y el n\u00famero en la imagen coinciden exactamente con sus deseos, no es necesario que los vuelva a ingresar. Si no, debe ingresar el nombre y el n\u00famero que desea.<\/p>\n<p>Consejos para lavar camisetas de f\u00fatbol de Everton: se recomienda lavar las camisetas a mano. Si desea usar la lavadora, recuerde darle la vuelta a las camisetas y luego lavarlas. Llene la m\u00e1quina con agua fr\u00eda y utilice un ciclo suave para proteger mejor los colores.<\/p>","protected":false},"excerpt":{"rendered":"<p>Consejos para camisetas de f\u00fatbol de Chelsea para imprimir: si el nombre y el n\u00famero en la imagen coinciden exactamente con sus deseos, no es necesario volver a ingresarlos. Si no, debe ingresar el nombre y el n\u00famero que desea. Consejos para lavar camisetas de f\u00fatbol de Chelsea: se recomienda lavar las camisetas de f\u00fatbol a mano. Si desea usar la lavadora, recuerde voltear las camisetas de f\u00fatbol [\u2026]<\/p>","protected":false},"featured_media":22727,"comment_status":"open","ping_status":"closed","template":"","meta":[],"product_brand":[],"product_cat":[1049],"product_tag":[],"class_list":{"0":"post-22725","1":"product","2":"type-product","3":"status-publish","4":"has-post-thumbnail","6":"product_cat-everton","8":"first","9":"instock","10":"shipping-taxable","11":"purchasable","12":"product-type-variable"},"_links":{"self":[{"href":"https:\/\/www.billigtrikotde.com\/es\/wp-json\/wp\/v2\/product\/22725","targetHints":{"allow":["GET"]}}],"collection":[{"href":"https:\/\/www.billigtrikotde.com\/es\/wp-json\/wp\/v2\/product"}],"about":[{"href":"https:\/\/www.billigtrikotde.com\/es\/wp-json\/wp\/v2\/types\/product"}],"replies":[{"embeddable":true,"href":"https:\/\/www.billigtrikotde.com\/es\/wp-json\/wp\/v2\/comments?post=22725"}],"wp:featuredmedia":[{"embeddable":true,"href":"https:\/\/www.billigtrikotde.com\/es\/wp-json\/wp\/v2\/media\/22727"}],"wp:attachment":[{"href":"https:\/\/www.billigtrikotde.com\/es\/wp-json\/wp\/v2\/media?parent=22725"}],"wp:term":[{"taxonomy":"product_brand","embeddable":true,"href":"https:\/\/www.billigtrikotde.com\/es\/wp-json\/wp\/v2\/product_brand?post=22725"},{"taxonomy":"product_cat","embeddable":true,"href":"https:\/\/www.billigtrikotde.com\/es\/wp-json\/wp\/v2\/product_cat?post=22725"},{"taxonomy":"product_tag","embeddable":true,"href":"https:\/\/www.billigtrikotde.com\/es\/wp-json\/wp\/v2\/product_tag?post=22725"}],"curies":[{"name":"wp","href":"https:\/\/api.w.org\/{rel}","templated":true}]}}