{"id":22680,"date":"2025-11-04T15:46:50","date_gmt":"2025-11-04T14:46:50","guid":{"rendered":"https:\/\/www.billigtrikotde.com\/?post_type=product&#038;p=22680"},"modified":"2025-11-04T15:46:53","modified_gmt":"2025-11-04T14:46:53","slug":"athletic-bilbao-auswaertstrikot-kinder-2025-26-fussball-trikotsatz","status":"publish","type":"product","link":"https:\/\/www.billigtrikotde.com\/es\/athletic-bilbao-auswaertstrikot-kinder-2025-26-fussball-trikotsatz\/","title":{"rendered":"Athletic Bilbao Camiseta visitante Infantil 2025-26 juego de camisetas de f\u00fatbol"},"content":{"rendered":"<p>Consejos para imprimir camisetas de f\u00fatbol del Athletic Bilbao: Si el nombre y el n\u00famero de la imagen coinciden exactamente con tus deseos, no necesitas volver a introducirlos. Si no, deber\u00edas ingresar el nombre y el n\u00famero que desees.<\/p>\n<p>Consejos de lavado: Se recomienda lavar las camisetas de f\u00fatbol a mano. Si desea utilizar la lavadora, recuerde poner las camisetas de f\u00fatbol del rev\u00e9s y luego lavarlas. Llena la lavadora con agua fr\u00eda y utiliza un ciclo delicado para proteger mejor los colores.<\/p>","protected":false},"excerpt":{"rendered":"<p>Consejos de camisetas de f\u00fatbol del Athletic Bilbao para imprimir: Si el nombre y el n\u00famero en la imagen coinciden exactamente con sus deseos, no es necesario ingresarlos de nuevo. Si no, debe ingresar el nombre y el n\u00famero que desee. Consejos de lavado: se recomienda lavar las camisetas de f\u00fatbol a mano. Si desea usar la lavadora, recuerde que [\u2026]<\/p>","protected":false},"featured_media":22682,"comment_status":"open","ping_status":"closed","template":"","meta":[],"product_brand":[],"product_cat":[1025],"product_tag":[],"class_list":{"0":"post-22680","1":"product","2":"type-product","3":"status-publish","4":"has-post-thumbnail","6":"product_cat-athletic-bilbao-kindertrikot","8":"first","9":"instock","10":"shipping-taxable","11":"purchasable","12":"product-type-variable"},"_links":{"self":[{"href":"https:\/\/www.billigtrikotde.com\/es\/wp-json\/wp\/v2\/product\/22680","targetHints":{"allow":["GET"]}}],"collection":[{"href":"https:\/\/www.billigtrikotde.com\/es\/wp-json\/wp\/v2\/product"}],"about":[{"href":"https:\/\/www.billigtrikotde.com\/es\/wp-json\/wp\/v2\/types\/product"}],"replies":[{"embeddable":true,"href":"https:\/\/www.billigtrikotde.com\/es\/wp-json\/wp\/v2\/comments?post=22680"}],"wp:featuredmedia":[{"embeddable":true,"href":"https:\/\/www.billigtrikotde.com\/es\/wp-json\/wp\/v2\/media\/22682"}],"wp:attachment":[{"href":"https:\/\/www.billigtrikotde.com\/es\/wp-json\/wp\/v2\/media?parent=22680"}],"wp:term":[{"taxonomy":"product_brand","embeddable":true,"href":"https:\/\/www.billigtrikotde.com\/es\/wp-json\/wp\/v2\/product_brand?post=22680"},{"taxonomy":"product_cat","embeddable":true,"href":"https:\/\/www.billigtrikotde.com\/es\/wp-json\/wp\/v2\/product_cat?post=22680"},{"taxonomy":"product_tag","embeddable":true,"href":"https:\/\/www.billigtrikotde.com\/es\/wp-json\/wp\/v2\/product_tag?post=22680"}],"curies":[{"name":"wp","href":"https:\/\/api.w.org\/{rel}","templated":true}]}}