{"id":22644,"date":"2025-11-04T15:48:05","date_gmt":"2025-11-04T14:48:05","guid":{"rendered":"https:\/\/www.billigtrikotde.com\/?post_type=product&#038;p=22644"},"modified":"2025-11-04T15:48:07","modified_gmt":"2025-11-04T14:48:07","slug":"tottenham-hotspur-james-maddison-10-heimtrikot-2025-26-kurzarm","status":"publish","type":"product","link":"https:\/\/www.billigtrikotde.com\/es\/tottenham-hotspur-james-maddison-10-heimtrikot-2025-26-kurzarm\/","title":{"rendered":"Tottenham Hotspur James Maddison #10 Heimtrikot 2025-26 Kurzarm"},"content":{"rendered":"<p>Consejos para imprimir camisetas de f\u00fatbol de Tottenham Hotspur: si el nombre y el n\u00famero en la imagen coinciden exactamente con tus deseos, no necesitas volver a introducirlos. Si no, deber\u00edas introducir el nombre y el n\u00famero que desees.<\/p>\n<p>Consejos de lavado: Se recomienda lavar las camisetas de f\u00fatbol a mano. Si desea utilizar la lavadora, recuerde poner las camisetas de f\u00fatbol del rev\u00e9s y luego lavarlas. Llena la lavadora con agua fr\u00eda y utiliza un ciclo delicado para proteger mejor los colores.<\/p>","protected":false},"excerpt":{"rendered":"<p>Tips para imprimir camisetas de f\u00fatbol de Tottenham Hotspur: si el nombre y el n\u00famero en la imagen coinciden exactamente con sus deseos, no necesita volver a ingresarlos. Si no, debe ingresar el nombre y el n\u00famero que desee. Consejos de lavado: se recomienda lavar las camisetas de f\u00fatbol a mano. Si desea usar la lavadora, recuerde \u2026<\/p>","protected":false},"featured_media":22646,"comment_status":"open","ping_status":"closed","template":"","meta":[],"product_brand":[],"product_cat":[178],"product_tag":[1561,1560],"class_list":{"0":"post-22644","1":"product","2":"type-product","3":"status-publish","4":"has-post-thumbnail","6":"product_cat-tottenham-hotspur","7":"product_tag-guenstige-james-maddison-trikot-kinder","8":"product_tag-james-maddison-trikot-kinder-kaufen","10":"first","11":"instock","12":"shipping-taxable","13":"purchasable","14":"product-type-variable"},"_links":{"self":[{"href":"https:\/\/www.billigtrikotde.com\/es\/wp-json\/wp\/v2\/product\/22644","targetHints":{"allow":["GET"]}}],"collection":[{"href":"https:\/\/www.billigtrikotde.com\/es\/wp-json\/wp\/v2\/product"}],"about":[{"href":"https:\/\/www.billigtrikotde.com\/es\/wp-json\/wp\/v2\/types\/product"}],"replies":[{"embeddable":true,"href":"https:\/\/www.billigtrikotde.com\/es\/wp-json\/wp\/v2\/comments?post=22644"}],"wp:featuredmedia":[{"embeddable":true,"href":"https:\/\/www.billigtrikotde.com\/es\/wp-json\/wp\/v2\/media\/22646"}],"wp:attachment":[{"href":"https:\/\/www.billigtrikotde.com\/es\/wp-json\/wp\/v2\/media?parent=22644"}],"wp:term":[{"taxonomy":"product_brand","embeddable":true,"href":"https:\/\/www.billigtrikotde.com\/es\/wp-json\/wp\/v2\/product_brand?post=22644"},{"taxonomy":"product_cat","embeddable":true,"href":"https:\/\/www.billigtrikotde.com\/es\/wp-json\/wp\/v2\/product_cat?post=22644"},{"taxonomy":"product_tag","embeddable":true,"href":"https:\/\/www.billigtrikotde.com\/es\/wp-json\/wp\/v2\/product_tag?post=22644"}],"curies":[{"name":"wp","href":"https:\/\/api.w.org\/{rel}","templated":true}]}}