{"id":22147,"date":"2025-07-13T16:28:08","date_gmt":"2025-07-13T14:28:08","guid":{"rendered":"https:\/\/www.billigtrikotde.com\/?post_type=product&#038;p=22147"},"modified":"2025-07-13T16:28:09","modified_gmt":"2025-07-13T14:28:09","slug":"manchester-city-ruben-dias-heimtrikot-kinder-2025-26-fussball-trikotsatz","status":"publish","type":"product","link":"https:\/\/www.billigtrikotde.com\/es\/manchester-city-ruben-dias-heimtrikot-kinder-2025-26-fussball-trikotsatz\/","title":{"rendered":"Manchester City Ruben Dias #3 Camiseta de casa de ni\u00f1o 2025-26 conjunto de camisetas de f\u00fatbol"},"content":{"rendered":"<p>Manchester City Ruben Dias Camiseta de casa para ni\u00f1os 2025-26 juego de camisetas de f\u00fatbol. Por primera vez en la historia del club, la camiseta de casa de Manchester City FC 2025\/26 para caballeros ha sido reinterpretada con un dise\u00f1o de filo marcado y el ic\u00f3nico azul cielo. Es un homenaje a las legendarias camisetas de visitante del pasado y un s\u00edmbolo del esp\u00edritu \u00fanico del club. Esta camiseta de casa fusiona tradici\u00f3n con innovaci\u00f3n y celebra con una franja diagonal la historia de City y, al mismo tiempo, mira valientemente hacia el futuro. Est\u00e1 dise\u00f1ada para comodidad y rendimiento y est\u00e1 hecha de material ULTRAWEAVE ligero y tecnolog\u00eda dryCELL que absorbe el sudor y te mantiene fresco dentro y fuera del campo.<\/p>\n<p>Consejos para la impresi\u00f3n: Si el nombre y el n\u00famero que aparecen en la imagen son exactamente los que desea, no es necesario que los vuelva a introducir. En caso contrario, deber\u00e1 introducir el nombre y el n\u00famero que desee.<\/p>\n<p>Consejos de lavado: Se recomienda lavar las camisetas de f\u00fatbol a mano. Si desea utilizar la lavadora, recuerde poner las camisetas de f\u00fatbol del rev\u00e9s y luego lavarlas. Llena la lavadora con agua fr\u00eda y utiliza un ciclo delicado para proteger mejor los colores.<\/p>","protected":false},"excerpt":{"rendered":"<p>Manchester City Ruben Dias Heimtrikot Kinder 2025-26 Fu\u00dfball trikotsatz.Zum ersten Mal in der Vereinsgeschichte wurde das Manchester City FC 2025\/26 Herren-Heimtrikot mit einem markanten Sch\u00e4rpendesign und dem ikonischen Himmelblau neu interpretiert. Es ist eine Hommage an die legend\u00e4ren Ausw\u00e4rtstrikots der Vergangenheit und ein Symbol f\u00fcr den einzigartigen Geist des Vereins. Dieses Heimtrikot verbindet Tradition mit [&hellip;]<\/p>","protected":false},"featured_media":22149,"comment_status":"open","ping_status":"closed","template":"","meta":[],"product_brand":[],"product_cat":[144],"product_tag":[1537,1536],"class_list":{"0":"post-22147","1":"product","2":"type-product","3":"status-publish","4":"has-post-thumbnail","6":"product_cat-manchester-city-kindertrikot","7":"product_tag-guenstige-ruben-dias-trikot-kinder","8":"product_tag-ruben-dias-trikot-kinder-kaufen","10":"first","11":"instock","12":"shipping-taxable","13":"purchasable","14":"product-type-variable"},"_links":{"self":[{"href":"https:\/\/www.billigtrikotde.com\/es\/wp-json\/wp\/v2\/product\/22147","targetHints":{"allow":["GET"]}}],"collection":[{"href":"https:\/\/www.billigtrikotde.com\/es\/wp-json\/wp\/v2\/product"}],"about":[{"href":"https:\/\/www.billigtrikotde.com\/es\/wp-json\/wp\/v2\/types\/product"}],"replies":[{"embeddable":true,"href":"https:\/\/www.billigtrikotde.com\/es\/wp-json\/wp\/v2\/comments?post=22147"}],"wp:featuredmedia":[{"embeddable":true,"href":"https:\/\/www.billigtrikotde.com\/es\/wp-json\/wp\/v2\/media\/22149"}],"wp:attachment":[{"href":"https:\/\/www.billigtrikotde.com\/es\/wp-json\/wp\/v2\/media?parent=22147"}],"wp:term":[{"taxonomy":"product_brand","embeddable":true,"href":"https:\/\/www.billigtrikotde.com\/es\/wp-json\/wp\/v2\/product_brand?post=22147"},{"taxonomy":"product_cat","embeddable":true,"href":"https:\/\/www.billigtrikotde.com\/es\/wp-json\/wp\/v2\/product_cat?post=22147"},{"taxonomy":"product_tag","embeddable":true,"href":"https:\/\/www.billigtrikotde.com\/es\/wp-json\/wp\/v2\/product_tag?post=22147"}],"curies":[{"name":"wp","href":"https:\/\/api.w.org\/{rel}","templated":true}]}}