{"id":21986,"date":"2025-05-30T16:12:44","date_gmt":"2025-05-30T14:12:44","guid":{"rendered":"https:\/\/www.billigtrikotde.com\/?post_type=product&#038;p=21986"},"modified":"2025-06-11T13:55:46","modified_gmt":"2025-06-11T11:55:46","slug":"guenstige-manchester-united-trikot-andre-onana-24-torwart-3rd-trikot-kinder","status":"publish","type":"product","link":"https:\/\/www.billigtrikotde.com\/es\/guenstige-manchester-united-trikot-andre-onana-24-torwart-3rd-trikot-kinder\/","title":{"rendered":"Manchester United Camiseta de portero barata #24 3\u00aa para ni\u00f1os 2024-25"},"content":{"rendered":"<h3>G\u00fcnstige Manchester United trikot Andre Onana #24 Portero 3rd trikot Ni\u00f1os 2024-25<\/h3>\n<p>Consejos para la impresi\u00f3n: Si el nombre y el n\u00famero que aparecen en la imagen son exactamente los que desea, no es necesario que los vuelva a introducir. En caso contrario, deber\u00e1 introducir el nombre y el n\u00famero que desee.<br \/>\nConsejos de lavado: Se recomienda lavar las camisetas de f\u00fatbol a mano. Si desea utilizar la lavadora, recuerde poner las camisetas de f\u00fatbol del rev\u00e9s y luego lavarlas. Llena la lavadora con agua fr\u00eda y utiliza un ciclo delicado para proteger mejor los colores.<\/p>","protected":false},"excerpt":{"rendered":"<p>G\u00fcnstige Manchester United camiseta Andre Onana #24 Portero 3\u00aa equipaci\u00f3n infantil 2024-25 Consejos de impresi\u00f3n: Si el nombre y el n\u00famero en la imagen se corresponden exactamente con tus preferencias, no es necesario volver a ingresarlos. Si no, debes ingresar el nombre y el n\u00famero deseados. Consejos de lavado: Se recomienda lavar las camisetas de f\u00fatbol a mano.<\/p>","protected":false},"featured_media":21988,"comment_status":"open","ping_status":"closed","template":"","meta":[],"product_brand":[],"product_cat":[140],"product_tag":[1506,1507,1504,1505],"class_list":{"0":"post-21986","1":"product","2":"type-product","3":"status-publish","4":"has-post-thumbnail","6":"product_cat-manchester-united-kindertrikot","7":"product_tag-andre-onana-trikot-kinder-kaufen","8":"product_tag-guenstige-andre-onana-trikot-kinder","9":"product_tag-guenstige-manchester-united-torwarttrikot-kinder","10":"product_tag-manchester-united-torwartbekleidung-fussball-kinder","12":"first","13":"instock","14":"shipping-taxable","15":"purchasable","16":"product-type-variable"},"_links":{"self":[{"href":"https:\/\/www.billigtrikotde.com\/es\/wp-json\/wp\/v2\/product\/21986","targetHints":{"allow":["GET"]}}],"collection":[{"href":"https:\/\/www.billigtrikotde.com\/es\/wp-json\/wp\/v2\/product"}],"about":[{"href":"https:\/\/www.billigtrikotde.com\/es\/wp-json\/wp\/v2\/types\/product"}],"replies":[{"embeddable":true,"href":"https:\/\/www.billigtrikotde.com\/es\/wp-json\/wp\/v2\/comments?post=21986"}],"wp:featuredmedia":[{"embeddable":true,"href":"https:\/\/www.billigtrikotde.com\/es\/wp-json\/wp\/v2\/media\/21988"}],"wp:attachment":[{"href":"https:\/\/www.billigtrikotde.com\/es\/wp-json\/wp\/v2\/media?parent=21986"}],"wp:term":[{"taxonomy":"product_brand","embeddable":true,"href":"https:\/\/www.billigtrikotde.com\/es\/wp-json\/wp\/v2\/product_brand?post=21986"},{"taxonomy":"product_cat","embeddable":true,"href":"https:\/\/www.billigtrikotde.com\/es\/wp-json\/wp\/v2\/product_cat?post=21986"},{"taxonomy":"product_tag","embeddable":true,"href":"https:\/\/www.billigtrikotde.com\/es\/wp-json\/wp\/v2\/product_tag?post=21986"}],"curies":[{"name":"wp","href":"https:\/\/api.w.org\/{rel}","templated":true}]}}