{"id":21978,"date":"2025-05-30T16:12:53","date_gmt":"2025-05-30T14:12:53","guid":{"rendered":"https:\/\/www.billigtrikotde.com\/?post_type=product&#038;p=21978"},"modified":"2025-06-05T16:37:43","modified_gmt":"2025-06-05T14:37:43","slug":"manchester-united-guenstige-torwart-3rd-trikot-kinder-2024-25","status":"publish","type":"product","link":"https:\/\/www.billigtrikotde.com\/es\/manchester-united-guenstige-torwart-3rd-trikot-kinder-2024-25\/","title":{"rendered":"Manchester United Camiseta de portero barata 3\u00aa para ni\u00f1os 2024-25 de manga larga (+ pantalones cortos)"},"content":{"rendered":"<h3>Manchester United Camiseta de portero barata 3er trikot para ni\u00f1os 2024-25<\/h3>\n<p>Consejos para la impresi\u00f3n: Si el nombre y el n\u00famero que aparecen en la imagen son exactamente los que desea, no es necesario que los vuelva a introducir. En caso contrario, deber\u00e1 introducir el nombre y el n\u00famero que desee.<br \/>\nConsejos de lavado: Se recomienda lavar las camisetas de f\u00fatbol a mano. Si desea utilizar la lavadora, recuerde poner las camisetas de f\u00fatbol del rev\u00e9s y luego lavarlas. Llena la lavadora con agua fr\u00eda y utiliza un ciclo delicado para proteger mejor los colores.<\/p>","protected":false},"excerpt":{"rendered":"<p>Manchester United Camiseta de portero 3\u00aa barata para ni\u00f1os 2024-25 Consejos para imprimir: Cuando el nombre y el n\u00famero en la imagen coincidan exactamente con tus deseos, no ser\u00e1 necesario volver a ingresarlos. Si no, debes introducir el nombre y el n\u00famero que deseas. Consejos para lavar: Se recomienda lavar las camisetas de f\u00fatbol a mano. Cuando hayas terminado, [...]<\/p>","protected":false},"featured_media":21980,"comment_status":"open","ping_status":"closed","template":"","meta":[],"product_brand":[],"product_cat":[140],"product_tag":[1504,1505],"class_list":{"0":"post-21978","1":"product","2":"type-product","3":"status-publish","4":"has-post-thumbnail","6":"product_cat-manchester-united-kindertrikot","7":"product_tag-guenstige-manchester-united-torwarttrikot-kinder","8":"product_tag-manchester-united-torwartbekleidung-fussball-kinder","10":"first","11":"instock","12":"shipping-taxable","13":"purchasable","14":"product-type-variable"},"_links":{"self":[{"href":"https:\/\/www.billigtrikotde.com\/es\/wp-json\/wp\/v2\/product\/21978","targetHints":{"allow":["GET"]}}],"collection":[{"href":"https:\/\/www.billigtrikotde.com\/es\/wp-json\/wp\/v2\/product"}],"about":[{"href":"https:\/\/www.billigtrikotde.com\/es\/wp-json\/wp\/v2\/types\/product"}],"replies":[{"embeddable":true,"href":"https:\/\/www.billigtrikotde.com\/es\/wp-json\/wp\/v2\/comments?post=21978"}],"wp:featuredmedia":[{"embeddable":true,"href":"https:\/\/www.billigtrikotde.com\/es\/wp-json\/wp\/v2\/media\/21980"}],"wp:attachment":[{"href":"https:\/\/www.billigtrikotde.com\/es\/wp-json\/wp\/v2\/media?parent=21978"}],"wp:term":[{"taxonomy":"product_brand","embeddable":true,"href":"https:\/\/www.billigtrikotde.com\/es\/wp-json\/wp\/v2\/product_brand?post=21978"},{"taxonomy":"product_cat","embeddable":true,"href":"https:\/\/www.billigtrikotde.com\/es\/wp-json\/wp\/v2\/product_cat?post=21978"},{"taxonomy":"product_tag","embeddable":true,"href":"https:\/\/www.billigtrikotde.com\/es\/wp-json\/wp\/v2\/product_tag?post=21978"}],"curies":[{"name":"wp","href":"https:\/\/api.w.org\/{rel}","templated":true}]}}