{"id":21902,"date":"2025-05-17T15:29:02","date_gmt":"2025-05-17T13:29:02","guid":{"rendered":"https:\/\/www.billigtrikotde.com\/?post_type=product&#038;p=21902"},"modified":"2025-05-21T15:30:38","modified_gmt":"2025-05-21T13:30:38","slug":"billige-kinder-inter-miami-heimtrikot-2025-26-fussballtrikots-set","status":"publish","type":"product","link":"https:\/\/www.billigtrikotde.com\/es\/billige-kinder-inter-miami-heimtrikot-2025-26-fussballtrikots-set\/","title":{"rendered":"Camiseta de casa de Inter Miami para ni\u00f1os 2025-26 de manga corta + pantalones cortos"},"content":{"rendered":"<h3>Camiseta local de Inter Miami para ni\u00f1os 2025-26, juego de camisetas de f\u00fatbol<\/h3>\n<p>La camiseta de casa 2025 se basa en las camisetas que llevaron novedades emocionantes como Sergio Busquets, Jordi Alba, Lionel Messi, Luis Su\u00e1rez y el resto del primer equipo en los partidos de \u00e9lite de MLS, y muestra su inquebrantable apoyo al Inter Miami. La camiseta presenta las ic\u00f3nicas rayas rosas del cl\u00e1sico Miami International y subraya la energ\u00eda de la competencia de m\u00e1ximo nivel. La tecnolog\u00eda AEROREADY, dise\u00f1ada para alto rendimiento, desv\u00eda la humedad para que permanezcas seco, mientras el escudo del club garantiza una comodidad de uso ligero.<\/p>\n<p>Consejos para la impresi\u00f3n: Si el nombre y el n\u00famero que aparecen en la imagen son exactamente los que desea, no es necesario que los vuelva a introducir. En caso contrario, deber\u00e1 introducir el nombre y el n\u00famero que desee.<\/p>\n<p>Consejos de lavado: Se recomienda lavar las camisetas de f\u00fatbol a mano. Si desea utilizar la lavadora, recuerde poner las camisetas de f\u00fatbol del rev\u00e9s y luego lavarlas. Llena la lavadora con agua fr\u00eda y utiliza un ciclo delicado para proteger mejor los colores.<\/p>","protected":false},"excerpt":{"rendered":"<p>Kinder Inter Miami Heimtrikot 2025-26 Fu\u00dfballtrikots Set Das Heimtrikot 2025 basiert auf den Trikots, die von aufregenden Neuzug\u00e4ngen wie Sergio Busquets, Jordi Alba, Lionel Messi, Luis Suarez und dem Rest der ersten Mannschaft in Elitespielen der MLS getragen wurden, und zeigt Ihre unersch\u00fctterliche Unterst\u00fctzung f\u00fcr Inter Miami.Das Trikot weist die ikonischen rosa Streifen des klassischen [&hellip;]<\/p>","protected":false},"featured_media":21904,"comment_status":"open","ping_status":"closed","template":"","meta":[],"product_brand":[],"product_cat":[569],"product_tag":[20,21,22,1461,24,1467,633],"class_list":{"0":"post-21902","1":"product","2":"type-product","3":"status-publish","4":"has-post-thumbnail","6":"product_cat-inter-miami-kindertrikot","7":"product_tag-coole-fussballtrikots","8":"product_tag-fussballtrikot-fuer-herren","9":"product_tag-fussballtrikot-guenstig-kaufen","10":"product_tag-guenstige-inter-miami-trikot-kinder","11":"product_tag-guenstiges-fussballtrikot","12":"product_tag-inter-miami-auswaertstrikot-2024-25","13":"product_tag-inter-miami-fussballtrikot","15":"first","16":"instock","17":"shipping-taxable","18":"purchasable","19":"product-type-variable"},"_links":{"self":[{"href":"https:\/\/www.billigtrikotde.com\/es\/wp-json\/wp\/v2\/product\/21902","targetHints":{"allow":["GET"]}}],"collection":[{"href":"https:\/\/www.billigtrikotde.com\/es\/wp-json\/wp\/v2\/product"}],"about":[{"href":"https:\/\/www.billigtrikotde.com\/es\/wp-json\/wp\/v2\/types\/product"}],"replies":[{"embeddable":true,"href":"https:\/\/www.billigtrikotde.com\/es\/wp-json\/wp\/v2\/comments?post=21902"}],"wp:featuredmedia":[{"embeddable":true,"href":"https:\/\/www.billigtrikotde.com\/es\/wp-json\/wp\/v2\/media\/21904"}],"wp:attachment":[{"href":"https:\/\/www.billigtrikotde.com\/es\/wp-json\/wp\/v2\/media?parent=21902"}],"wp:term":[{"taxonomy":"product_brand","embeddable":true,"href":"https:\/\/www.billigtrikotde.com\/es\/wp-json\/wp\/v2\/product_brand?post=21902"},{"taxonomy":"product_cat","embeddable":true,"href":"https:\/\/www.billigtrikotde.com\/es\/wp-json\/wp\/v2\/product_cat?post=21902"},{"taxonomy":"product_tag","embeddable":true,"href":"https:\/\/www.billigtrikotde.com\/es\/wp-json\/wp\/v2\/product_tag?post=21902"}],"curies":[{"name":"wp","href":"https:\/\/api.w.org\/{rel}","templated":true}]}}