{"id":21885,"date":"2025-05-16T13:47:23","date_gmt":"2025-05-16T11:47:23","guid":{"rendered":"https:\/\/www.billigtrikotde.com\/?post_type=product&#038;p=21885"},"modified":"2025-05-16T13:49:23","modified_gmt":"2025-05-16T11:49:23","slug":"aston-villa-torwart-3rd-trikot-kinder-fussballtrikots-set-emiliano-martinez-23","status":"publish","type":"product","link":"https:\/\/www.billigtrikotde.com\/es\/aston-villa-torwart-3rd-trikot-kinder-fussballtrikots-set-emiliano-martinez-23\/","title":{"rendered":"Emiliano Mart\u00ednez del Aston Villa #23 camiseta de portero 3\u00aa para ni\u00f1os 2024-25 de manga larga (+ pantalones cortos)"},"content":{"rendered":"<h3>Aston Villa Torwart 3rd trikot Kinder Fu\u00dfballtrikots Set Emiliano Martinez 23<\/h3>\n<p>Consejos para la impresi\u00f3n: Si el nombre y el n\u00famero que aparecen en la imagen son exactamente los que desea, no es necesario que los vuelva a introducir. En caso contrario, deber\u00e1 introducir el nombre y el n\u00famero que desee.<\/p>\n<p>Consejos de lavado: Se recomienda lavar las camisetas de f\u00fatbol a mano. Si desea utilizar la lavadora, recuerde poner las camisetas de f\u00fatbol del rev\u00e9s y luego lavarlas. Llena la lavadora con agua fr\u00eda y utiliza un ciclo delicado para proteger mejor los colores.<\/p>","protected":false},"excerpt":{"rendered":"<p>Comprar camiseta de f\u00fatbol Aston Villa Emiliano Mart\u00ednez Camiseta de portero de visitante para ni\u00f1os 2024-25 Negro Consejos para imprimir: Si el nombre y el n\u00famero en la imagen coinciden exactamente con sus deseos, no es necesario ingresarlos nuevamente. Si no, debe ingresar el nombre y el n\u00famero deseados. Consejos para lavar: Se recomienda lavar las camisetas de f\u00fatbol a mano. [...]<\/p>","protected":false},"featured_media":21887,"comment_status":"open","ping_status":"closed","template":"","meta":[],"product_brand":[],"product_cat":[893],"product_tag":[1493,895,20,574,22,1491,24,94],"class_list":{"0":"post-21885","1":"product","2":"type-product","3":"status-publish","4":"has-post-thumbnail","6":"product_cat-aston-villa-kindertrikot","7":"product_tag-aston-villa-torwartbekleidung-fussball-kinder","8":"product_tag-aston-villa-trikot-fuer-kinder","9":"product_tag-coole-fussballtrikots","10":"product_tag-fussballtrikot-deutschland","11":"product_tag-fussballtrikot-guenstig-kaufen","12":"product_tag-guenstige-aston-villa-trikot-kinder","13":"product_tag-guenstiges-fussballtrikot","14":"product_tag-kinder-fussball-trikotsatz","16":"first","17":"instock","18":"shipping-taxable","19":"purchasable","20":"product-type-variable"},"_links":{"self":[{"href":"https:\/\/www.billigtrikotde.com\/es\/wp-json\/wp\/v2\/product\/21885","targetHints":{"allow":["GET"]}}],"collection":[{"href":"https:\/\/www.billigtrikotde.com\/es\/wp-json\/wp\/v2\/product"}],"about":[{"href":"https:\/\/www.billigtrikotde.com\/es\/wp-json\/wp\/v2\/types\/product"}],"replies":[{"embeddable":true,"href":"https:\/\/www.billigtrikotde.com\/es\/wp-json\/wp\/v2\/comments?post=21885"}],"wp:featuredmedia":[{"embeddable":true,"href":"https:\/\/www.billigtrikotde.com\/es\/wp-json\/wp\/v2\/media\/21887"}],"wp:attachment":[{"href":"https:\/\/www.billigtrikotde.com\/es\/wp-json\/wp\/v2\/media?parent=21885"}],"wp:term":[{"taxonomy":"product_brand","embeddable":true,"href":"https:\/\/www.billigtrikotde.com\/es\/wp-json\/wp\/v2\/product_brand?post=21885"},{"taxonomy":"product_cat","embeddable":true,"href":"https:\/\/www.billigtrikotde.com\/es\/wp-json\/wp\/v2\/product_cat?post=21885"},{"taxonomy":"product_tag","embeddable":true,"href":"https:\/\/www.billigtrikotde.com\/es\/wp-json\/wp\/v2\/product_tag?post=21885"}],"curies":[{"name":"wp","href":"https:\/\/api.w.org\/{rel}","templated":true}]}}