{"id":21882,"date":"2025-05-16T13:57:15","date_gmt":"2025-05-16T11:57:15","guid":{"rendered":"https:\/\/www.billigtrikotde.com\/?post_type=product&#038;p=21882"},"modified":"2025-05-16T13:58:20","modified_gmt":"2025-05-16T11:58:20","slug":"guenstige-aston-villa-torwart-auswaertstrikot-kinder-2024-25-emiliano-martinez","status":"publish","type":"product","link":"https:\/\/www.billigtrikotde.com\/es\/guenstige-aston-villa-torwart-auswaertstrikot-kinder-2024-25-emiliano-martinez\/","title":{"rendered":"Emiliano Mart\u00ednez del Aston Villa #23 camiseta de portero fuera de casa para ni\u00f1os 2024-25 de manga larga (+ pantalones cortos)"},"content":{"rendered":"<h3>Camiseta de portero visitante de Aston Villa asequible 2024-25 Emiliano Mart\u00ednez<\/h3>\n<p>Consejos para la impresi\u00f3n: Si el nombre y el n\u00famero que aparecen en la imagen son exactamente los que desea, no es necesario que los vuelva a introducir. En caso contrario, deber\u00e1 introducir el nombre y el n\u00famero que desee.<\/p>\n<p>Consejos de lavado: Se recomienda lavar las camisetas de f\u00fatbol a mano. Si desea utilizar la lavadora, recuerde poner las camisetas de f\u00fatbol del rev\u00e9s y luego lavarlas. Llena la lavadora con agua fr\u00eda y utiliza un ciclo delicado para proteger mejor los colores.<\/p>","protected":false},"excerpt":{"rendered":"<p>G\u00fcnstige Aston Villa Torwart Ausw\u00e4rtstrikot Kinder 2024-25 Emiliano Martinez Tipps zum Drucken: Wenn der Name und die Nummer auf dem Bild genau Ihren W\u00fcnschen entsprechen, m\u00fcssen Sie sie nicht erneut eingeben. Wenn nicht, sollten Sie Ihren gew\u00fcnschten Namen und Ihre Nummer eingeben. Tipps zum Waschen: Es wird empfohlen, Fu\u00dfballtrikots von Hand zu waschen. Wenn Sie [&hellip;]<\/p>","protected":false},"featured_media":21884,"comment_status":"open","ping_status":"closed","template":"","meta":[],"product_brand":[],"product_cat":[893],"product_tag":[895,20,1494,574,22,1491,24,94],"class_list":{"0":"post-21882","1":"product","2":"type-product","3":"status-publish","4":"has-post-thumbnail","6":"product_cat-aston-villa-kindertrikot","7":"product_tag-aston-villa-trikot-fuer-kinder","8":"product_tag-coole-fussballtrikots","9":"product_tag-emiliano-martinez-trikot-kinder-kaufen","10":"product_tag-fussballtrikot-deutschland","11":"product_tag-fussballtrikot-guenstig-kaufen","12":"product_tag-guenstige-aston-villa-trikot-kinder","13":"product_tag-guenstiges-fussballtrikot","14":"product_tag-kinder-fussball-trikotsatz","16":"first","17":"instock","18":"shipping-taxable","19":"purchasable","20":"product-type-variable"},"_links":{"self":[{"href":"https:\/\/www.billigtrikotde.com\/es\/wp-json\/wp\/v2\/product\/21882","targetHints":{"allow":["GET"]}}],"collection":[{"href":"https:\/\/www.billigtrikotde.com\/es\/wp-json\/wp\/v2\/product"}],"about":[{"href":"https:\/\/www.billigtrikotde.com\/es\/wp-json\/wp\/v2\/types\/product"}],"replies":[{"embeddable":true,"href":"https:\/\/www.billigtrikotde.com\/es\/wp-json\/wp\/v2\/comments?post=21882"}],"wp:featuredmedia":[{"embeddable":true,"href":"https:\/\/www.billigtrikotde.com\/es\/wp-json\/wp\/v2\/media\/21884"}],"wp:attachment":[{"href":"https:\/\/www.billigtrikotde.com\/es\/wp-json\/wp\/v2\/media?parent=21882"}],"wp:term":[{"taxonomy":"product_brand","embeddable":true,"href":"https:\/\/www.billigtrikotde.com\/es\/wp-json\/wp\/v2\/product_brand?post=21882"},{"taxonomy":"product_cat","embeddable":true,"href":"https:\/\/www.billigtrikotde.com\/es\/wp-json\/wp\/v2\/product_cat?post=21882"},{"taxonomy":"product_tag","embeddable":true,"href":"https:\/\/www.billigtrikotde.com\/es\/wp-json\/wp\/v2\/product_tag?post=21882"}],"curies":[{"name":"wp","href":"https:\/\/api.w.org\/{rel}","templated":true}]}}