{"id":21853,"date":"2025-05-16T14:07:16","date_gmt":"2025-05-16T12:07:16","guid":{"rendered":"https:\/\/www.billigtrikotde.com\/?post_type=product&#038;p=21853"},"modified":"2025-05-16T14:07:18","modified_gmt":"2025-05-16T12:07:18","slug":"aston-villa-torwart-auswaertstrikot-kinder-2024-25-fussballtrikots-set","status":"publish","type":"product","link":"https:\/\/www.billigtrikotde.com\/es\/aston-villa-torwart-auswaertstrikot-kinder-2024-25-fussballtrikots-set\/","title":{"rendered":"Camiseta de portero del Aston Villa fuera de casa para ni\u00f1os 2024-25 conjunto de camisetas de f\u00fatbol"},"content":{"rendered":"<h3>Camiseta de portero del Aston Villa fuera de casa para ni\u00f1os 2024-25 conjunto de camisetas de f\u00fatbol<\/h3>\n<p>Consejos para la impresi\u00f3n: Si el nombre y el n\u00famero que aparecen en la imagen son exactamente los que desea, no es necesario que los vuelva a introducir. En caso contrario, deber\u00e1 introducir el nombre y el n\u00famero que desee.<\/p>\n<p>Consejos de lavado: Se recomienda lavar las camisetas de f\u00fatbol a mano. Si desea utilizar la lavadora, recuerde poner las camisetas de f\u00fatbol del rev\u00e9s y luego lavarlas. Llena la lavadora con agua fr\u00eda y utiliza un ciclo delicado para proteger mejor los colores.<\/p>","protected":false},"excerpt":{"rendered":"<p>Camisetas de f\u00fatbol baratas de Aston Villa Portero Camiseta casera infantil 2024-25 Consejos de impresi\u00f3n: Si el nombre y el n\u00famero en la imagen coinciden exactamente con tus deseos, no es necesario volver a ingresarlos. Si no, deber\u00edas introducir el nombre y el n\u00famero que deseas. Consejos de lavado: se recomienda lavar las camisetas de f\u00fatbol a mano. Si usted las [\u2026]<\/p>","protected":false},"featured_media":21855,"comment_status":"open","ping_status":"closed","template":"","meta":[],"product_brand":[],"product_cat":[15],"product_tag":[895,20,574,22,1492,1491,24,94],"class_list":{"0":"post-21853","1":"product","2":"type-product","3":"status-publish","4":"has-post-thumbnail","6":"product_cat-unkategorisiert","7":"product_tag-aston-villa-trikot-fuer-kinder","8":"product_tag-coole-fussballtrikots","9":"product_tag-fussballtrikot-deutschland","10":"product_tag-fussballtrikot-guenstig-kaufen","11":"product_tag-guenstige-aston-villa-torwarttrikot-kinder","12":"product_tag-guenstige-aston-villa-trikot-kinder","13":"product_tag-guenstiges-fussballtrikot","14":"product_tag-kinder-fussball-trikotsatz","16":"first","17":"instock","18":"shipping-taxable","19":"purchasable","20":"product-type-variable"},"_links":{"self":[{"href":"https:\/\/www.billigtrikotde.com\/es\/wp-json\/wp\/v2\/product\/21853","targetHints":{"allow":["GET"]}}],"collection":[{"href":"https:\/\/www.billigtrikotde.com\/es\/wp-json\/wp\/v2\/product"}],"about":[{"href":"https:\/\/www.billigtrikotde.com\/es\/wp-json\/wp\/v2\/types\/product"}],"replies":[{"embeddable":true,"href":"https:\/\/www.billigtrikotde.com\/es\/wp-json\/wp\/v2\/comments?post=21853"}],"wp:featuredmedia":[{"embeddable":true,"href":"https:\/\/www.billigtrikotde.com\/es\/wp-json\/wp\/v2\/media\/21855"}],"wp:attachment":[{"href":"https:\/\/www.billigtrikotde.com\/es\/wp-json\/wp\/v2\/media?parent=21853"}],"wp:term":[{"taxonomy":"product_brand","embeddable":true,"href":"https:\/\/www.billigtrikotde.com\/es\/wp-json\/wp\/v2\/product_brand?post=21853"},{"taxonomy":"product_cat","embeddable":true,"href":"https:\/\/www.billigtrikotde.com\/es\/wp-json\/wp\/v2\/product_cat?post=21853"},{"taxonomy":"product_tag","embeddable":true,"href":"https:\/\/www.billigtrikotde.com\/es\/wp-json\/wp\/v2\/product_tag?post=21853"}],"curies":[{"name":"wp","href":"https:\/\/api.w.org\/{rel}","templated":true}]}}