{"id":21841,"date":"2025-06-04T15:15:36","date_gmt":"2025-06-04T13:15:36","guid":{"rendered":"https:\/\/www.billigtrikotde.com\/?post_type=product&#038;p=21841"},"modified":"2025-06-05T16:38:23","modified_gmt":"2025-06-05T14:38:23","slug":"aston-villa-auswaertstrikot-kinder-2024-25-fussball-trikotsatz","status":"publish","type":"product","link":"https:\/\/www.billigtrikotde.com\/es\/aston-villa-auswaertstrikot-kinder-2024-25-fussball-trikotsatz\/","title":{"rendered":"Aston Villa camiseta visitante para ni\u00f1os 2024-25 conjunto de camisetas de f\u00fatbol"},"content":{"rendered":"<h3>Camiseta visitante infantil del Aston Villa 2024-25 sets de camisetas de f\u00fatbol<\/h3>\n<p>La camiseta visitante del Aston Villa 2024-25 tiene un aspecto limpio con un color mayormente blanco con tres franjas lavanda y logotipos que parecen bermeos (o posiblemente negros). La marca conmemorativa \u201eAV 150\u201c est\u00e1 impresa en la parte trasera en una caligraf\u00eda elegante.<\/p>\n<p>Consejos para la impresi\u00f3n: Si el nombre y el n\u00famero que aparecen en la imagen son exactamente los que desea, no es necesario que los vuelva a introducir. En caso contrario, deber\u00e1 introducir el nombre y el n\u00famero que desee.<\/p>\n<p>Consejos de lavado: Se recomienda lavar las camisetas de f\u00fatbol a mano. Si desea utilizar la lavadora, recuerde poner las camisetas de f\u00fatbol del rev\u00e9s y luego lavarlas. Llena la lavadora con agua fr\u00eda y utiliza un ciclo delicado para proteger mejor los colores.<\/p>","protected":false},"excerpt":{"rendered":"<p>Camiseta visitante de Aston Villa para ni\u00f1os 2024-25 conjunto de camisetas de f\u00fatbol La camiseta visitante de Aston Villa 2024-25 tiene un aspecto limpio con un color mayormente blanco, con tres franjas lavanda y logotipos que parecen burdeos (o posiblemente negro). La marca conmemorativa \u201cAV 150\u201d est\u00e1 impresa en la espalda en una elegante caligraf\u00eda. Consejos de impresi\u00f3n: Si el nombre y el n\u00famero [\u2026]<\/p>","protected":false},"featured_media":21843,"comment_status":"open","ping_status":"closed","template":"","meta":[],"product_brand":[],"product_cat":[893],"product_tag":[894,895,20,574,22,1491,24,94],"class_list":{"0":"post-21841","1":"product","2":"type-product","3":"status-publish","4":"has-post-thumbnail","6":"product_cat-aston-villa-kindertrikot","7":"product_tag-aston-villa-fussballtrikots-kinder-mit-eigenem-namen","8":"product_tag-aston-villa-trikot-fuer-kinder","9":"product_tag-coole-fussballtrikots","10":"product_tag-fussballtrikot-deutschland","11":"product_tag-fussballtrikot-guenstig-kaufen","12":"product_tag-guenstige-aston-villa-trikot-kinder","13":"product_tag-guenstiges-fussballtrikot","14":"product_tag-kinder-fussball-trikotsatz","16":"first","17":"instock","18":"shipping-taxable","19":"purchasable","20":"product-type-variable"},"_links":{"self":[{"href":"https:\/\/www.billigtrikotde.com\/es\/wp-json\/wp\/v2\/product\/21841","targetHints":{"allow":["GET"]}}],"collection":[{"href":"https:\/\/www.billigtrikotde.com\/es\/wp-json\/wp\/v2\/product"}],"about":[{"href":"https:\/\/www.billigtrikotde.com\/es\/wp-json\/wp\/v2\/types\/product"}],"replies":[{"embeddable":true,"href":"https:\/\/www.billigtrikotde.com\/es\/wp-json\/wp\/v2\/comments?post=21841"}],"wp:featuredmedia":[{"embeddable":true,"href":"https:\/\/www.billigtrikotde.com\/es\/wp-json\/wp\/v2\/media\/21843"}],"wp:attachment":[{"href":"https:\/\/www.billigtrikotde.com\/es\/wp-json\/wp\/v2\/media?parent=21841"}],"wp:term":[{"taxonomy":"product_brand","embeddable":true,"href":"https:\/\/www.billigtrikotde.com\/es\/wp-json\/wp\/v2\/product_brand?post=21841"},{"taxonomy":"product_cat","embeddable":true,"href":"https:\/\/www.billigtrikotde.com\/es\/wp-json\/wp\/v2\/product_cat?post=21841"},{"taxonomy":"product_tag","embeddable":true,"href":"https:\/\/www.billigtrikotde.com\/es\/wp-json\/wp\/v2\/product_tag?post=21841"}],"curies":[{"name":"wp","href":"https:\/\/api.w.org\/{rel}","templated":true}]}}