{"id":21806,"date":"2025-05-27T05:09:47","date_gmt":"2025-05-27T03:09:47","guid":{"rendered":"https:\/\/www.billigtrikotde.com\/?post_type=product&#038;p=21806"},"modified":"2025-05-27T05:09:48","modified_gmt":"2025-05-27T03:09:48","slug":"fussballtrikots-inter-milan-yann-sommer-1-torwart-heimtrikot-2024-25","status":"publish","type":"product","link":"https:\/\/www.billigtrikotde.com\/es\/fussballtrikots-inter-milan-yann-sommer-1-torwart-heimtrikot-2024-25\/","title":{"rendered":"Camisetas F\u00fatbol Inter Milan Yann Sommer #1 Camiseta de Portero 2024-25"},"content":{"rendered":"<h3>Camisetas de f\u00fatbol Inter Milan Yann Sommer #1 Portero Camiseta de casa 2024-25 de manga corta<\/h3>\n<p>Consejos para la impresi\u00f3n: Si el nombre y el n\u00famero que aparecen en la imagen son exactamente los que desea, no es necesario que los vuelva a introducir. En caso contrario, deber\u00e1 introducir el nombre y el n\u00famero que desee.<br \/>\nConsejos de lavado: Se recomienda lavar las camisetas de f\u00fatbol a mano. Si desea utilizar la lavadora, recuerde poner las camisetas de f\u00fatbol del rev\u00e9s y luego lavarlas. Llena la lavadora con agua fr\u00eda y utiliza un ciclo delicado para proteger mejor los colores.<\/p>","protected":false},"excerpt":{"rendered":"<p>Camiseta de portero del Arsenal para ni\u00f1os, de visitante, temporada 2024-25, en rojo, camisetas de f\u00fatbol, consejos para imprimir: si el nombre y el n\u00famero en la imagen coinciden exactamente con sus deseos, no es necesario volver a ingresarlos. Si no, debe ingresar el nombre y el n\u00famero deseados. Consejos para lavar: se recomienda lavar las camisetas de f\u00fatbol a mano. Si usa la lavadora [\u2026]<\/p>","protected":false},"featured_media":21808,"comment_status":"open","ping_status":"closed","template":"","meta":[],"product_brand":[],"product_cat":[15,77],"product_tag":[20,215,1488,780,1489,781,94],"class_list":{"0":"post-21806","1":"product","2":"type-product","3":"status-publish","4":"has-post-thumbnail","6":"product_cat-unkategorisiert","7":"product_cat-inter-milan","8":"product_tag-coole-fussballtrikots","9":"product_tag-fussball-trikot-kurzarm","10":"product_tag-guenstige-inter-milan-torwarttrikot-kinder","11":"product_tag-inter-milan-fussballtrikots-kinder","12":"product_tag-inter-milan-torwartbekleidung-fussball-kinder","13":"product_tag-inter-milan-trikot-fuer-kinder","14":"product_tag-kinder-fussball-trikotsatz","16":"first","17":"instock","18":"shipping-taxable","19":"purchasable","20":"product-type-variable"},"_links":{"self":[{"href":"https:\/\/www.billigtrikotde.com\/es\/wp-json\/wp\/v2\/product\/21806","targetHints":{"allow":["GET"]}}],"collection":[{"href":"https:\/\/www.billigtrikotde.com\/es\/wp-json\/wp\/v2\/product"}],"about":[{"href":"https:\/\/www.billigtrikotde.com\/es\/wp-json\/wp\/v2\/types\/product"}],"replies":[{"embeddable":true,"href":"https:\/\/www.billigtrikotde.com\/es\/wp-json\/wp\/v2\/comments?post=21806"}],"wp:featuredmedia":[{"embeddable":true,"href":"https:\/\/www.billigtrikotde.com\/es\/wp-json\/wp\/v2\/media\/21808"}],"wp:attachment":[{"href":"https:\/\/www.billigtrikotde.com\/es\/wp-json\/wp\/v2\/media?parent=21806"}],"wp:term":[{"taxonomy":"product_brand","embeddable":true,"href":"https:\/\/www.billigtrikotde.com\/es\/wp-json\/wp\/v2\/product_brand?post=21806"},{"taxonomy":"product_cat","embeddable":true,"href":"https:\/\/www.billigtrikotde.com\/es\/wp-json\/wp\/v2\/product_cat?post=21806"},{"taxonomy":"product_tag","embeddable":true,"href":"https:\/\/www.billigtrikotde.com\/es\/wp-json\/wp\/v2\/product_tag?post=21806"}],"curies":[{"name":"wp","href":"https:\/\/api.w.org\/{rel}","templated":true}]}}