{"id":21776,"date":"2025-05-19T16:06:04","date_gmt":"2025-05-19T14:06:04","guid":{"rendered":"https:\/\/www.billigtrikotde.com\/?post_type=product&#038;p=21776"},"modified":"2025-05-19T16:06:05","modified_gmt":"2025-05-19T14:06:05","slug":"inter-milan-fussballtrikots-set-yann-sommer-torwart-heimtrikot-kinder","status":"publish","type":"product","link":"https:\/\/www.billigtrikotde.com\/es\/inter-milan-fussballtrikots-set-yann-sommer-torwart-heimtrikot-kinder\/","title":{"rendered":"Inter Milan Yann Sommer #1 Camiseta de Portero Ni\u00f1os 2024-25 Manga Larga (+ pantal\u00f3n corto)"},"content":{"rendered":"<h3>Inter de Mil\u00e1n Yann Sommer #1 Camiseta de portero de casa para ni\u00f1os Conjunto de camisetas de f\u00fatbol<\/h3>\n<p>Consejos para la impresi\u00f3n: Si el nombre y el n\u00famero que aparecen en la imagen son exactamente los que desea, no es necesario que los vuelva a introducir. En caso contrario, deber\u00e1 introducir el nombre y el n\u00famero que desee.<\/p>\n<p>Consejos de lavado: Se recomienda lavar las camisetas de f\u00fatbol a mano. Si desea utilizar la lavadora, recuerde poner las camisetas de f\u00fatbol del rev\u00e9s y luego lavarlas. Llena la lavadora con agua fr\u00eda y utiliza un ciclo delicado para proteger mejor los colores.<\/p>","protected":false},"excerpt":{"rendered":"<p>Camiseta de portero del Arsenal para ni\u00f1os, de visitante, temporada 2024-25, en rojo, camisetas de f\u00fatbol, consejos para imprimir: si el nombre y el n\u00famero en la imagen coinciden exactamente con sus deseos, no es necesario volver a ingresarlos. Si no, debe ingresar el nombre y el n\u00famero deseados. Consejos para lavar: se recomienda lavar las camisetas de f\u00fatbol a mano. Si usa la lavadora [\u2026]<\/p>","protected":false},"featured_media":21778,"comment_status":"open","ping_status":"closed","template":"","meta":[],"product_brand":[],"product_cat":[779],"product_tag":[20,215,1488,780,1489,781,94],"class_list":{"0":"post-21776","1":"product","2":"type-product","3":"status-publish","4":"has-post-thumbnail","6":"product_cat-inter-milan-kindertrikot","7":"product_tag-coole-fussballtrikots","8":"product_tag-fussball-trikot-kurzarm","9":"product_tag-guenstige-inter-milan-torwarttrikot-kinder","10":"product_tag-inter-milan-fussballtrikots-kinder","11":"product_tag-inter-milan-torwartbekleidung-fussball-kinder","12":"product_tag-inter-milan-trikot-fuer-kinder","13":"product_tag-kinder-fussball-trikotsatz","15":"first","16":"instock","17":"shipping-taxable","18":"purchasable","19":"product-type-variable"},"_links":{"self":[{"href":"https:\/\/www.billigtrikotde.com\/es\/wp-json\/wp\/v2\/product\/21776","targetHints":{"allow":["GET"]}}],"collection":[{"href":"https:\/\/www.billigtrikotde.com\/es\/wp-json\/wp\/v2\/product"}],"about":[{"href":"https:\/\/www.billigtrikotde.com\/es\/wp-json\/wp\/v2\/types\/product"}],"replies":[{"embeddable":true,"href":"https:\/\/www.billigtrikotde.com\/es\/wp-json\/wp\/v2\/comments?post=21776"}],"wp:featuredmedia":[{"embeddable":true,"href":"https:\/\/www.billigtrikotde.com\/es\/wp-json\/wp\/v2\/media\/21778"}],"wp:attachment":[{"href":"https:\/\/www.billigtrikotde.com\/es\/wp-json\/wp\/v2\/media?parent=21776"}],"wp:term":[{"taxonomy":"product_brand","embeddable":true,"href":"https:\/\/www.billigtrikotde.com\/es\/wp-json\/wp\/v2\/product_brand?post=21776"},{"taxonomy":"product_cat","embeddable":true,"href":"https:\/\/www.billigtrikotde.com\/es\/wp-json\/wp\/v2\/product_cat?post=21776"},{"taxonomy":"product_tag","embeddable":true,"href":"https:\/\/www.billigtrikotde.com\/es\/wp-json\/wp\/v2\/product_tag?post=21776"}],"curies":[{"name":"wp","href":"https:\/\/api.w.org\/{rel}","templated":true}]}}