{"id":21673,"date":"2025-05-06T14:29:33","date_gmt":"2025-05-06T12:29:33","guid":{"rendered":"https:\/\/www.billigtrikotde.com\/?post_type=product&#038;p=21673"},"modified":"2025-05-06T14:29:35","modified_gmt":"2025-05-06T12:29:35","slug":"guenstige-fussballtrikots-kinder-juventus-torwart-auswaertstrikot-2024-25-gruen-trikotsatz","status":"publish","type":"product","link":"https:\/\/www.billigtrikotde.com\/es\/guenstige-fussballtrikots-kinder-juventus-torwart-auswaertstrikot-2024-25-gruen-trikotsatz\/","title":{"rendered":"Ropa de f\u00fatbol barata para ni\u00f1os Juventus Portero Camiseta de visitante 2024-25 Manga larga (+ pantalones cortos)"},"content":{"rendered":"<h3>Camisetas de f\u00fatbol econ\u00f3micas para ni\u00f1os Juventus Portero Camiseta visitante 2024-25 verde conjunto de camisetas<\/h3>\n<p>Consejos para la impresi\u00f3n: Si el nombre y el n\u00famero que aparecen en la imagen son exactamente los que desea, no es necesario que los vuelva a introducir. En caso contrario, deber\u00e1 introducir el nombre y el n\u00famero que desee.<\/p>\n<p>Consejos de lavado: Se recomienda lavar las camisetas de f\u00fatbol a mano. Si desea utilizar la lavadora, recuerde poner las camisetas de f\u00fatbol del rev\u00e9s y luego lavarlas. Llena la lavadora con agua fr\u00eda y utiliza un ciclo delicado para proteger mejor los colores.<\/p>","protected":false},"excerpt":{"rendered":"<p>Nueva camiseta de f\u00fatbol Juventus Portero Camiseta visitante infantil 2024-25 Verde Consejos de impresi\u00f3n: Si el nombre y el n\u00famero en la imagen coinciden exactamente con tus deseos, no necesitas volver a introducirlos. Si no, deber\u00edas introducir el nombre y el n\u00famero que desees. Consejos de lavado: Se recomienda lavar las camisetas de f\u00fatbol a mano. Si...<\/p>","protected":false},"featured_media":21675,"comment_status":"open","ping_status":"closed","template":"","meta":[],"product_brand":[],"product_cat":[148],"product_tag":[20,574,24,855,856,61,149,94],"class_list":{"0":"post-21673","1":"product","2":"type-product","3":"status-publish","4":"has-post-thumbnail","6":"product_cat-juventus-kindertrikot","7":"product_tag-coole-fussballtrikots","8":"product_tag-fussballtrikot-deutschland","9":"product_tag-guenstiges-fussballtrikot","10":"product_tag-juventus-fussballtrikots-kinder","11":"product_tag-juventus-trikot-fuer-kinder","12":"product_tag-juventus-trikots","13":"product_tag-juventus-trikotsatz-fuer-kinder","14":"product_tag-kinder-fussball-trikotsatz","16":"first","17":"instock","18":"shipping-taxable","19":"purchasable","20":"product-type-variable"},"_links":{"self":[{"href":"https:\/\/www.billigtrikotde.com\/es\/wp-json\/wp\/v2\/product\/21673","targetHints":{"allow":["GET"]}}],"collection":[{"href":"https:\/\/www.billigtrikotde.com\/es\/wp-json\/wp\/v2\/product"}],"about":[{"href":"https:\/\/www.billigtrikotde.com\/es\/wp-json\/wp\/v2\/types\/product"}],"replies":[{"embeddable":true,"href":"https:\/\/www.billigtrikotde.com\/es\/wp-json\/wp\/v2\/comments?post=21673"}],"wp:featuredmedia":[{"embeddable":true,"href":"https:\/\/www.billigtrikotde.com\/es\/wp-json\/wp\/v2\/media\/21675"}],"wp:attachment":[{"href":"https:\/\/www.billigtrikotde.com\/es\/wp-json\/wp\/v2\/media?parent=21673"}],"wp:term":[{"taxonomy":"product_brand","embeddable":true,"href":"https:\/\/www.billigtrikotde.com\/es\/wp-json\/wp\/v2\/product_brand?post=21673"},{"taxonomy":"product_cat","embeddable":true,"href":"https:\/\/www.billigtrikotde.com\/es\/wp-json\/wp\/v2\/product_cat?post=21673"},{"taxonomy":"product_tag","embeddable":true,"href":"https:\/\/www.billigtrikotde.com\/es\/wp-json\/wp\/v2\/product_tag?post=21673"}],"curies":[{"name":"wp","href":"https:\/\/api.w.org\/{rel}","templated":true}]}}