{"id":21624,"date":"2025-05-05T15:43:09","date_gmt":"2025-05-05T13:43:09","guid":{"rendered":"https:\/\/www.billigtrikotde.com\/?post_type=product&#038;p=21624"},"modified":"2025-05-06T15:23:22","modified_gmt":"2025-05-06T13:23:22","slug":"herren-trikot-denver-nuggets-marineblau-swingman-kaufen-online","status":"publish","type":"product","link":"https:\/\/www.billigtrikotde.com\/es\/herren-trikot-denver-nuggets-marineblau-swingman-kaufen-online\/","title":{"rendered":"Camiseta de hombre Denver Nuggets Azul marino Swingman Personalizable"},"content":{"rendered":"<h3>Camiseta para hombre Denver Nuggets azul marino Swingman comprar online<\/h3>\n<p>Para los aficionados de la NBA, la camiseta sin mangas azul para hombre Denver Nuggets Swingman Icon Edition 22\/23 es la elecci\u00f3n correcta. Est\u00e1 hecha con materiales de alta calidad y ofrece comodidad y libertad de movimiento.<\/p>\n<p>La camiseta sans mangas azul para hombre de los Denver Nuggets Swingman Icon Edition 22\/23 incorpora la tecnolog\u00eda Dri-Fit, que absorbe el sudor del cuerpo y te mantiene seco incluso en los d\u00edas m\u00e1s calurosos.<\/p>\n<p>Con un estampado personalizado, la camiseta sin mangas azul para hombre Denver Nuggets Swingman Icon Edition 22\/23 brinda a los aficionados un aspecto incre\u00edble. \u00a1No pierdas esta oportunidad y compra hoy mismo!<\/p>","protected":false},"excerpt":{"rendered":"<p>Herren Trikot Denver Nuggets Marineblau Swingman kaufen online F\u00fcr NBA-Fans ist das blaue Herren-Tanktop Denver Nuggets Swingman Icon Edition 22\/23 die richtige Wahl. Es ist aus hochwertigen Materialien gefertigt und bietet Komfort und Bewegungsfreiheit. Das blaue Herren-Tanktop der Denver Nuggets Swingman Icon Edition 22\/23 verf\u00fcgt \u00fcber die Dri-Fit-Technologie, die Schwei\u00df vom K\u00f6rper absorbiert und Sie [&hellip;]<\/p>","protected":false},"featured_media":21626,"comment_status":"open","ping_status":"closed","template":"","meta":[],"product_brand":[],"product_cat":[1485],"product_tag":[1486],"class_list":{"0":"post-21624","1":"product","2":"type-product","3":"status-publish","4":"has-post-thumbnail","6":"product_cat-denver-nuggets-trikots","7":"product_tag-trikot-denver-nuggets","9":"first","10":"instock","11":"shipping-taxable","12":"purchasable","13":"product-type-variable"},"_links":{"self":[{"href":"https:\/\/www.billigtrikotde.com\/es\/wp-json\/wp\/v2\/product\/21624","targetHints":{"allow":["GET"]}}],"collection":[{"href":"https:\/\/www.billigtrikotde.com\/es\/wp-json\/wp\/v2\/product"}],"about":[{"href":"https:\/\/www.billigtrikotde.com\/es\/wp-json\/wp\/v2\/types\/product"}],"replies":[{"embeddable":true,"href":"https:\/\/www.billigtrikotde.com\/es\/wp-json\/wp\/v2\/comments?post=21624"}],"wp:featuredmedia":[{"embeddable":true,"href":"https:\/\/www.billigtrikotde.com\/es\/wp-json\/wp\/v2\/media\/21626"}],"wp:attachment":[{"href":"https:\/\/www.billigtrikotde.com\/es\/wp-json\/wp\/v2\/media?parent=21624"}],"wp:term":[{"taxonomy":"product_brand","embeddable":true,"href":"https:\/\/www.billigtrikotde.com\/es\/wp-json\/wp\/v2\/product_brand?post=21624"},{"taxonomy":"product_cat","embeddable":true,"href":"https:\/\/www.billigtrikotde.com\/es\/wp-json\/wp\/v2\/product_cat?post=21624"},{"taxonomy":"product_tag","embeddable":true,"href":"https:\/\/www.billigtrikotde.com\/es\/wp-json\/wp\/v2\/product_tag?post=21624"}],"curies":[{"name":"wp","href":"https:\/\/api.w.org\/{rel}","templated":true}]}}