{"id":21596,"date":"2025-05-04T04:02:35","date_gmt":"2025-05-04T02:02:35","guid":{"rendered":"https:\/\/www.billigtrikotde.com\/?post_type=product&#038;p=21596"},"modified":"2025-05-06T15:24:48","modified_gmt":"2025-05-06T13:24:48","slug":"guenstige-arsenal-torwart-heimtrikot-kinder-2024-25-david-raya-22","status":"publish","type":"product","link":"https:\/\/www.billigtrikotde.com\/es\/guenstige-arsenal-torwart-heimtrikot-kinder-2024-25-david-raya-22\/","title":{"rendered":"Portero Arsenal Camiseta de casa Infantil 2024-25 David Raya 22 Manga corta (+ pantalones cortos)"},"content":{"rendered":"<h3>Tr\u00e1mite de tienda Arsenal portero camiseta de casa para ni\u00f1os 2024-25 David Raya 22<\/h3>\n<p>Consejos para la impresi\u00f3n: Si el nombre y el n\u00famero que aparecen en la imagen son exactamente los que desea, no es necesario que los vuelva a introducir. En caso contrario, deber\u00e1 introducir el nombre y el n\u00famero que desee.<\/p>\n<p>Consejos de lavado: Se recomienda lavar las camisetas de f\u00fatbol a mano. Si desea utilizar la lavadora, recuerde poner las camisetas de f\u00fatbol del rev\u00e9s y luego lavarlas. Llena la lavadora con agua fr\u00eda y utiliza un ciclo delicado para proteger mejor los colores.<\/p>","protected":false},"excerpt":{"rendered":"<p>Camiseta de portero de Arsenal para visitante para ni\u00f1os 2024-25 Rojo David Raya Consejos para imprimir: si el nombre y el n\u00famero en la imagen coinciden exactamente con tus preferencias, no es necesario volver a introducirlos. Si no, debes ingresar el nombre y el n\u00famero que desees. Consejos de lavado: se recomienda lavar las camisetas de f\u00fatbol a mano. Si t\u00fa ...<\/p>","protected":false},"featured_media":21598,"comment_status":"open","ping_status":"closed","template":"","meta":[],"product_brand":[],"product_cat":[167],"product_tag":[851,852,20,1483,215,94],"class_list":{"0":"post-21596","1":"product","2":"type-product","3":"status-publish","4":"has-post-thumbnail","6":"product_cat-arsenal-kindertrikot","7":"product_tag-arsenal-fussballtrikots-kinder","8":"product_tag-arsenal-trikot-fuer-kinder","9":"product_tag-coole-fussballtrikots","10":"product_tag-david-raya-trikots","11":"product_tag-fussball-trikot-kurzarm","12":"product_tag-kinder-fussball-trikotsatz","14":"first","15":"instock","16":"shipping-taxable","17":"purchasable","18":"product-type-variable"},"_links":{"self":[{"href":"https:\/\/www.billigtrikotde.com\/es\/wp-json\/wp\/v2\/product\/21596","targetHints":{"allow":["GET"]}}],"collection":[{"href":"https:\/\/www.billigtrikotde.com\/es\/wp-json\/wp\/v2\/product"}],"about":[{"href":"https:\/\/www.billigtrikotde.com\/es\/wp-json\/wp\/v2\/types\/product"}],"replies":[{"embeddable":true,"href":"https:\/\/www.billigtrikotde.com\/es\/wp-json\/wp\/v2\/comments?post=21596"}],"wp:featuredmedia":[{"embeddable":true,"href":"https:\/\/www.billigtrikotde.com\/es\/wp-json\/wp\/v2\/media\/21598"}],"wp:attachment":[{"href":"https:\/\/www.billigtrikotde.com\/es\/wp-json\/wp\/v2\/media?parent=21596"}],"wp:term":[{"taxonomy":"product_brand","embeddable":true,"href":"https:\/\/www.billigtrikotde.com\/es\/wp-json\/wp\/v2\/product_brand?post=21596"},{"taxonomy":"product_cat","embeddable":true,"href":"https:\/\/www.billigtrikotde.com\/es\/wp-json\/wp\/v2\/product_cat?post=21596"},{"taxonomy":"product_tag","embeddable":true,"href":"https:\/\/www.billigtrikotde.com\/es\/wp-json\/wp\/v2\/product_tag?post=21596"}],"curies":[{"name":"wp","href":"https:\/\/api.w.org\/{rel}","templated":true}]}}