{"id":21522,"date":"2025-04-27T14:52:32","date_gmt":"2025-04-27T12:52:32","guid":{"rendered":"https:\/\/www.billigtrikotde.com\/?post_type=product&#038;p=21522"},"modified":"2025-05-06T15:24:35","modified_gmt":"2025-05-06T13:24:35","slug":"billige-atletico-madrid-torwart-trikotsatz-kinder-2024-25-jan-oblak-13","status":"publish","type":"product","link":"https:\/\/www.billigtrikotde.com\/es\/billige-atletico-madrid-torwart-trikotsatz-kinder-2024-25-jan-oblak-13\/","title":{"rendered":"Atletico Madrid Portero Kit Ni\u00f1os 2024-25 Jan Oblak 13"},"content":{"rendered":"<h3>Miyas barato conjunto de espantoso portero del Atl\u00e9tico de Madrid para ni\u00f1os 2024-25 naranja Jan Oblak<\/h3>\n<p>Consejos para la impresi\u00f3n: Si el nombre y el n\u00famero que aparecen en la imagen son exactamente los que desea, no es necesario que los vuelva a introducir. En caso contrario, deber\u00e1 introducir el nombre y el n\u00famero que desee.<\/p>\n<p>Consejos de lavado: Se recomienda lavar las camisetas de f\u00fatbol a mano. Si desea utilizar la lavadora, recuerde poner las camisetas de f\u00fatbol del rev\u00e9s y luego lavarlas. Llena la lavadora con agua fr\u00eda y utiliza un ciclo delicado para proteger mejor los colores.<\/p>","protected":false},"excerpt":{"rendered":"<p>Verde, portero del Atl\u00e9tico de Madrid, juego de camisetas de visitante para ni\u00f1os 2024-25 Jan Oblak Consejos de impresi\u00f3n: si el nombre y el n\u00famero en la imagen coinciden exactamente con tus deseos, no es necesario volver a introducirlos. Si no, debes introducir el nombre y el n\u00famero que desees. Consejos de lavado: se recomienda lavar las camisetas de f\u00fatbol a mano. Si [\u2026]<\/p>","protected":false},"featured_media":21524,"comment_status":"open","ping_status":"closed","template":"","meta":[],"product_brand":[],"product_cat":[157],"product_tag":[868,869,20,215,1479,94],"class_list":{"0":"post-21522","1":"product","2":"type-product","3":"status-publish","4":"has-post-thumbnail","6":"product_cat-atletico-madrid-kindertrikot","7":"product_tag-atletico-madrid-fussballtrikots-kinder","8":"product_tag-atletico-madrid-trikot-fuer-kinder","9":"product_tag-coole-fussballtrikots","10":"product_tag-fussball-trikot-kurzarm","11":"product_tag-jan-oblak-trikots","12":"product_tag-kinder-fussball-trikotsatz","14":"first","15":"instock","16":"shipping-taxable","17":"purchasable","18":"product-type-variable"},"_links":{"self":[{"href":"https:\/\/www.billigtrikotde.com\/es\/wp-json\/wp\/v2\/product\/21522","targetHints":{"allow":["GET"]}}],"collection":[{"href":"https:\/\/www.billigtrikotde.com\/es\/wp-json\/wp\/v2\/product"}],"about":[{"href":"https:\/\/www.billigtrikotde.com\/es\/wp-json\/wp\/v2\/types\/product"}],"replies":[{"embeddable":true,"href":"https:\/\/www.billigtrikotde.com\/es\/wp-json\/wp\/v2\/comments?post=21522"}],"wp:featuredmedia":[{"embeddable":true,"href":"https:\/\/www.billigtrikotde.com\/es\/wp-json\/wp\/v2\/media\/21524"}],"wp:attachment":[{"href":"https:\/\/www.billigtrikotde.com\/es\/wp-json\/wp\/v2\/media?parent=21522"}],"wp:term":[{"taxonomy":"product_brand","embeddable":true,"href":"https:\/\/www.billigtrikotde.com\/es\/wp-json\/wp\/v2\/product_brand?post=21522"},{"taxonomy":"product_cat","embeddable":true,"href":"https:\/\/www.billigtrikotde.com\/es\/wp-json\/wp\/v2\/product_cat?post=21522"},{"taxonomy":"product_tag","embeddable":true,"href":"https:\/\/www.billigtrikotde.com\/es\/wp-json\/wp\/v2\/product_tag?post=21522"}],"curies":[{"name":"wp","href":"https:\/\/api.w.org\/{rel}","templated":true}]}}