{"id":21511,"date":"2025-04-26T11:27:50","date_gmt":"2025-04-26T09:27:50","guid":{"rendered":"https:\/\/www.billigtrikotde.com\/?post_type=product&#038;p=21511"},"modified":"2025-05-07T11:44:31","modified_gmt":"2025-05-07T09:44:31","slug":"kaufen-atletico-madrid-torwart-auswaerts-trikotsatz-kinder-2024-25","status":"publish","type":"product","link":"https:\/\/www.billigtrikotde.com\/es\/kaufen-atletico-madrid-torwart-auswaerts-trikotsatz-kinder-2024-25\/","title":{"rendered":"Comprar Atletico Madrid Portero Away Kit Kids 2024-25"},"content":{"rendered":"<h3>Personalizable Atletico Madrid portero fuera de casa conjunto de camisetas para ni\u00f1os verde<\/h3>\n<p>Consejos para la impresi\u00f3n: Si el nombre y el n\u00famero que aparecen en la imagen son exactamente los que desea, no es necesario que los vuelva a introducir. En caso contrario, deber\u00e1 introducir el nombre y el n\u00famero que desee.<\/p>\n<p>Consejos de lavado: Se recomienda lavar las camisetas de f\u00fatbol a mano. Si desea utilizar la lavadora, recuerde poner las camisetas de f\u00fatbol del rev\u00e9s y luego lavarlas. Llena la lavadora con agua fr\u00eda y utiliza un ciclo delicado para proteger mejor los colores.<\/p>","protected":false},"excerpt":{"rendered":"<p>Sets de portero de Atl\u00e9tico Madrid para visitante para ni\u00f1os verdes personalizados: ideas para imprimir: Si el nombre y el n\u00famero en la imagen cumplen exactamente con sus deseos, no es necesario ingresarlos de nuevo. Si no, debe ingresar el nombre y el n\u00famero que desee. Consejos de lavado: se recomienda lavar las camisetas de f\u00fatbol a mano. Si usted las [\u2026]<\/p>","protected":false},"featured_media":21513,"comment_status":"open","ping_status":"closed","template":"","meta":[],"product_brand":[],"product_cat":[157],"product_tag":[868,869,20,215,94],"class_list":{"0":"post-21511","1":"product","2":"type-product","3":"status-publish","4":"has-post-thumbnail","6":"product_cat-atletico-madrid-kindertrikot","7":"product_tag-atletico-madrid-fussballtrikots-kinder","8":"product_tag-atletico-madrid-trikot-fuer-kinder","9":"product_tag-coole-fussballtrikots","10":"product_tag-fussball-trikot-kurzarm","11":"product_tag-kinder-fussball-trikotsatz","13":"first","14":"instock","15":"shipping-taxable","16":"purchasable","17":"product-type-variable"},"_links":{"self":[{"href":"https:\/\/www.billigtrikotde.com\/es\/wp-json\/wp\/v2\/product\/21511","targetHints":{"allow":["GET"]}}],"collection":[{"href":"https:\/\/www.billigtrikotde.com\/es\/wp-json\/wp\/v2\/product"}],"about":[{"href":"https:\/\/www.billigtrikotde.com\/es\/wp-json\/wp\/v2\/types\/product"}],"replies":[{"embeddable":true,"href":"https:\/\/www.billigtrikotde.com\/es\/wp-json\/wp\/v2\/comments?post=21511"}],"wp:featuredmedia":[{"embeddable":true,"href":"https:\/\/www.billigtrikotde.com\/es\/wp-json\/wp\/v2\/media\/21513"}],"wp:attachment":[{"href":"https:\/\/www.billigtrikotde.com\/es\/wp-json\/wp\/v2\/media?parent=21511"}],"wp:term":[{"taxonomy":"product_brand","embeddable":true,"href":"https:\/\/www.billigtrikotde.com\/es\/wp-json\/wp\/v2\/product_brand?post=21511"},{"taxonomy":"product_cat","embeddable":true,"href":"https:\/\/www.billigtrikotde.com\/es\/wp-json\/wp\/v2\/product_cat?post=21511"},{"taxonomy":"product_tag","embeddable":true,"href":"https:\/\/www.billigtrikotde.com\/es\/wp-json\/wp\/v2\/product_tag?post=21511"}],"curies":[{"name":"wp","href":"https:\/\/api.w.org\/{rel}","templated":true}]}}