{"id":21457,"date":"2025-04-16T05:04:19","date_gmt":"2025-04-16T03:04:19","guid":{"rendered":"https:\/\/www.billigtrikotde.com\/?post_type=product&#038;p=21457"},"modified":"2025-04-16T09:50:08","modified_gmt":"2025-04-16T07:50:08","slug":"real-madrid-fussballtrikots-herren-heim-trikotsatz-2025-26-kylian-mbappe","status":"publish","type":"product","link":"https:\/\/www.billigtrikotde.com\/es\/real-madrid-fussballtrikots-herren-heim-trikotsatz-2025-26-kylian-mbappe\/","title":{"rendered":"Real Madrid Camisetas de F\u00fatbol para Hombres Home Kit 2025-26 Kylian Mbapp\u00e9 9"},"content":{"rendered":"<h3>Descripci\u00f3n de la camiseta de f\u00fatbol del Real Madrid para hombres, equipaci\u00f3n local 2025-26 Kylian Mbapp\u00e9:<\/h3>\n<ul>\n<li>Nuestro paquete contiene exactamente lo que se muestra en las im\u00e1genes del producto en el momento de su compra.<\/li>\n<li>Esta es la camiseta de local del Real Madrid para ni\u00f1os de la temporada 2025\/26 en el ic\u00f3nico dise\u00f1o del club en blanco.<\/li>\n<li>La camiseta tiene rayas negras en los hombros y ribetes amarillos, que aportan un toque moderno al look cl\u00e1sico.<\/li>\n<li>La tecnolog\u00eda AEROREADY garantiza transporte de humedad y transpirabilidad para los j\u00f3venes aficionados.<\/li>\n<li>Ideal para j\u00f3venes aficionados que quieren apoyar a su equipo de manera ecol\u00f3gica y con estilo, manteni\u00e9ndose frescos y c\u00f3modos durante el partido.<\/li>\n<\/ul>\n<p>Consejos para la impresi\u00f3n: Si el nombre y el n\u00famero que aparecen en la imagen son exactamente los que desea, no es necesario que los vuelva a introducir. En caso contrario, deber\u00e1 introducir el nombre y el n\u00famero que desee.<\/p>\n<p>Consejos de lavado: Se recomienda lavar las camisetas de f\u00fatbol a mano. Si desea utilizar la lavadora, recuerde poner las camisetas de f\u00fatbol del rev\u00e9s y luego lavarlas. Llena la lavadora con agua fr\u00eda y utiliza un ciclo delicado para proteger mejor los colores.<\/p>","protected":false},"excerpt":{"rendered":"<p>Descripci\u00f3n de las camisetas de f\u00fatbol baratas Real Madrid Home Trikotset 2025-26 Cristiano Ronaldo: Nuestro paquete contiene exactamente lo que se ve\u00eda en las im\u00e1genes del producto en el momento de su pedido. Esta es la camiseta de local Real Madrid para ni\u00f1os de la temporada 2025\/26 en el ic\u00f3nico dise\u00f1o del club blanco. La camiseta tiene rayas negras en los hombros y ribetes amarillos, que [\u2026 ]<\/p>","protected":false},"featured_media":21459,"comment_status":"open","ping_status":"closed","template":"","meta":[],"product_brand":[],"product_cat":[45],"product_tag":[574,21,228,24,1271,489,490],"class_list":{"0":"post-21457","1":"product","2":"type-product","3":"status-publish","4":"has-post-thumbnail","6":"product_cat-real-madrid","7":"product_tag-fussballtrikot-deutschland","8":"product_tag-fussballtrikot-fuer-herren","9":"product_tag-guenstige-fussballtrikot","10":"product_tag-guenstiges-fussballtrikot","11":"product_tag-kylian-mbappe-trikots","12":"product_tag-real-madrid-fussballtrikot","13":"product_tag-real-madrid-trikot","15":"first","16":"instock","17":"shipping-taxable","18":"purchasable","19":"product-type-variable"},"_links":{"self":[{"href":"https:\/\/www.billigtrikotde.com\/es\/wp-json\/wp\/v2\/product\/21457","targetHints":{"allow":["GET"]}}],"collection":[{"href":"https:\/\/www.billigtrikotde.com\/es\/wp-json\/wp\/v2\/product"}],"about":[{"href":"https:\/\/www.billigtrikotde.com\/es\/wp-json\/wp\/v2\/types\/product"}],"replies":[{"embeddable":true,"href":"https:\/\/www.billigtrikotde.com\/es\/wp-json\/wp\/v2\/comments?post=21457"}],"wp:featuredmedia":[{"embeddable":true,"href":"https:\/\/www.billigtrikotde.com\/es\/wp-json\/wp\/v2\/media\/21459"}],"wp:attachment":[{"href":"https:\/\/www.billigtrikotde.com\/es\/wp-json\/wp\/v2\/media?parent=21457"}],"wp:term":[{"taxonomy":"product_brand","embeddable":true,"href":"https:\/\/www.billigtrikotde.com\/es\/wp-json\/wp\/v2\/product_brand?post=21457"},{"taxonomy":"product_cat","embeddable":true,"href":"https:\/\/www.billigtrikotde.com\/es\/wp-json\/wp\/v2\/product_cat?post=21457"},{"taxonomy":"product_tag","embeddable":true,"href":"https:\/\/www.billigtrikotde.com\/es\/wp-json\/wp\/v2\/product_tag?post=21457"}],"curies":[{"name":"wp","href":"https:\/\/api.w.org\/{rel}","templated":true}]}}