{"id":21444,"date":"2025-04-10T10:24:37","date_gmt":"2025-04-10T08:24:37","guid":{"rendered":"https:\/\/www.billigtrikotde.com\/?post_type=product&#038;p=21444"},"modified":"2025-04-10T10:40:18","modified_gmt":"2025-04-10T08:40:18","slug":"kinder-real-madrid-fussballtrikots-heim-trikotsatz-2025-26-weiss","status":"publish","type":"product","link":"https:\/\/www.billigtrikotde.com\/es\/kinder-real-madrid-fussballtrikots-heim-trikotsatz-2025-26-weiss\/","title":{"rendered":"Ni\u00f1os Real Madrid Camisetas de F\u00fatbol Home Kit 2025-26 blanco"},"content":{"rendered":"<h3>Descripci\u00f3n de la camiseta de f\u00fatbol infantil del Real Madrid, conjunto de camisetas de local 2025-26 blanca:<\/h3>\n<ul>\n<li>Nuestro paquete contiene exactamente lo que se muestra en las im\u00e1genes del producto en el momento de su compra.<\/li>\n<li>Esta es la camiseta de local del Real Madrid para ni\u00f1os de la temporada 2025\/26 en el ic\u00f3nico dise\u00f1o del club en blanco.<\/li>\n<li>La camiseta tiene rayas negras en los hombros y ribetes amarillos, que aportan un toque moderno al look cl\u00e1sico.<\/li>\n<li>La tecnolog\u00eda AEROREADY garantiza transporte de humedad y transpirabilidad para los j\u00f3venes aficionados.<\/li>\n<li>Ideal para j\u00f3venes aficionados que quieren apoyar a su equipo de manera ecol\u00f3gica y con estilo, manteni\u00e9ndose frescos y c\u00f3modos durante el partido.<\/li>\n<\/ul>\n<p>Consejos para la impresi\u00f3n: Si el nombre y el n\u00famero que aparecen en la imagen son exactamente los que desea, no es necesario que los vuelva a introducir. En caso contrario, deber\u00e1 introducir el nombre y el n\u00famero que desee.<\/p>\n<p>Consejos de lavado: Se recomienda lavar las camisetas de f\u00fatbol a mano. Si desea utilizar la lavadora, recuerde poner las camisetas de f\u00fatbol del rev\u00e9s y luego lavarlas. Llena la lavadora con agua fr\u00eda y utiliza un ciclo delicado para proteger mejor los colores.<\/p>","protected":false},"excerpt":{"rendered":"<p>Beschreibung des Kinder Real Madrid Fu\u00dfballtrikots Heim Trikotsatz 2025-26 wei\u00df: Unser Paket enth\u00e4lt genau das, was zum Zeitpunkt Ihrer Bestellung auf den Produktbildern zu sehen war. Dies ist das Real Madrid Heimtrikot f\u00fcr Kinder der Saison 2025\/26 im ikonischen wei\u00dfen Vereinsdesign. Das Trikot hat schwarze Streifen an den Schultern und gelbe Paspeln, die dem klassischen [&hellip;]<\/p>","protected":false},"featured_media":21446,"comment_status":"open","ping_status":"closed","template":"","meta":[],"product_brand":[],"product_cat":[165],"product_tag":[20,574,1453,24,879,880,1455,47,166],"class_list":{"0":"post-21444","1":"product","2":"type-product","3":"status-publish","4":"has-post-thumbnail","6":"product_cat-real-madrid-kindertrikot","7":"product_tag-coole-fussballtrikots","8":"product_tag-fussballtrikot-deutschland","9":"product_tag-fussballtrikots-real-madrid","10":"product_tag-guenstiges-fussballtrikot","11":"product_tag-real-madrid-fussballtrikots-kinder","12":"product_tag-real-madrid-trikot-fuer-kinder","13":"product_tag-real-madrid-trikot-kaufen","14":"product_tag-real-madrid-trikots","15":"product_tag-real-madrid-trikotsatz-fuer-kinder","17":"first","18":"instock","19":"shipping-taxable","20":"purchasable","21":"product-type-variable"},"_links":{"self":[{"href":"https:\/\/www.billigtrikotde.com\/es\/wp-json\/wp\/v2\/product\/21444","targetHints":{"allow":["GET"]}}],"collection":[{"href":"https:\/\/www.billigtrikotde.com\/es\/wp-json\/wp\/v2\/product"}],"about":[{"href":"https:\/\/www.billigtrikotde.com\/es\/wp-json\/wp\/v2\/types\/product"}],"replies":[{"embeddable":true,"href":"https:\/\/www.billigtrikotde.com\/es\/wp-json\/wp\/v2\/comments?post=21444"}],"wp:featuredmedia":[{"embeddable":true,"href":"https:\/\/www.billigtrikotde.com\/es\/wp-json\/wp\/v2\/media\/21446"}],"wp:attachment":[{"href":"https:\/\/www.billigtrikotde.com\/es\/wp-json\/wp\/v2\/media?parent=21444"}],"wp:term":[{"taxonomy":"product_brand","embeddable":true,"href":"https:\/\/www.billigtrikotde.com\/es\/wp-json\/wp\/v2\/product_brand?post=21444"},{"taxonomy":"product_cat","embeddable":true,"href":"https:\/\/www.billigtrikotde.com\/es\/wp-json\/wp\/v2\/product_cat?post=21444"},{"taxonomy":"product_tag","embeddable":true,"href":"https:\/\/www.billigtrikotde.com\/es\/wp-json\/wp\/v2\/product_tag?post=21444"}],"curies":[{"name":"wp","href":"https:\/\/api.w.org\/{rel}","templated":true}]}}