{"id":21418,"date":"2025-03-26T15:16:57","date_gmt":"2025-03-26T14:16:57","guid":{"rendered":"https:\/\/www.billigtrikotde.com\/?post_type=product&#038;p=21418"},"modified":"2025-04-10T10:42:04","modified_gmt":"2025-04-10T08:42:04","slug":"guenstige-fussballtrikots-kinder-inter-miami-3rd-trikot-2024-25-lionel-messi-10","status":"publish","type":"product","link":"https:\/\/www.billigtrikotde.com\/es\/guenstige-fussballtrikots-kinder-inter-miami-3rd-trikot-2024-25-lionel-messi-10\/","title":{"rendered":"Camisetas F\u00fatbol Baratas Ni\u00f1os Inter Miami 3\u00aa camiseta 2024-25 Lionel Messi 10"},"content":{"rendered":"<p>\u00bfQu\u00e9 tiene de especial la tradici\u00f3n deportiva de Miami? La tercera camiseta visitante del Inter Miami FC 2024 rinde homenaje al legendario Orange Bowl combinando detalles cl\u00e1sicos con brillantes tonos naranjas. AEROREADY mantiene secos a los aficionados mientras animan a su equipo. El suave tejido presenta el nombre del equipo en estilo art d\u00e9co, as\u00ed como el nombre y el n\u00famero de Messi.<\/p>\n<p>Consejos para la impresi\u00f3n: Si el nombre y el n\u00famero que aparecen en la imagen son exactamente los que desea, no es necesario que los vuelva a introducir. En caso contrario, deber\u00e1 introducir el nombre y el n\u00famero que desee.<\/p>\n<p>Consejos de lavado: Se recomienda lavar las camisetas de f\u00fatbol a mano. Si desea utilizar la lavadora, recuerde poner las camisetas de f\u00fatbol del rev\u00e9s y luego lavarlas. Llena la lavadora con agua fr\u00eda y utiliza un ciclo delicado para proteger mejor los colores.<\/p>","protected":false},"excerpt":{"rendered":"<p>\u00bfQu\u00e9 tiene de especial la tradici\u00f3n deportiva de Miami? La tercera camiseta visitante del Inter Miami FC 2024 rinde homenaje al legendario Orange Bowl combinando detalles cl\u00e1sicos con brillantes tonos naranjas. AEROREADY mantiene secos a los aficionados mientras animan a su equipo. El suave tejido presenta el nombre del equipo en estilo art d\u00e9co, as\u00ed como el nombre y el n\u00famero de Messi.<\/p>","protected":false},"featured_media":21420,"comment_status":"open","ping_status":"closed","template":"","meta":[],"product_brand":[],"product_cat":[569],"product_tag":[1462,20,22,1461,24,639,1464,571,1463,1465,1299],"class_list":{"0":"post-21418","1":"product","2":"type-product","3":"status-publish","4":"has-post-thumbnail","6":"product_cat-inter-miami-kindertrikot","7":"product_tag-billige-deutschland-trikots","8":"product_tag-coole-fussballtrikots","9":"product_tag-fussballtrikot-guenstig-kaufen","10":"product_tag-guenstige-inter-miami-trikot-kinder","11":"product_tag-guenstiges-fussballtrikot","12":"product_tag-inter-miami-fussballtrikots-kinder-mit-eigenem-namen","13":"product_tag-inter-miami-trikot-2024-25","14":"product_tag-inter-miami-trikot-fuer-kinder","15":"product_tag-inter-miami-trikot-kinder","16":"product_tag-inter-miami-trikots","17":"product_tag-lionel-messi-trikots","19":"first","20":"instock","21":"shipping-taxable","22":"purchasable","23":"product-type-variable"},"_links":{"self":[{"href":"https:\/\/www.billigtrikotde.com\/es\/wp-json\/wp\/v2\/product\/21418","targetHints":{"allow":["GET"]}}],"collection":[{"href":"https:\/\/www.billigtrikotde.com\/es\/wp-json\/wp\/v2\/product"}],"about":[{"href":"https:\/\/www.billigtrikotde.com\/es\/wp-json\/wp\/v2\/types\/product"}],"replies":[{"embeddable":true,"href":"https:\/\/www.billigtrikotde.com\/es\/wp-json\/wp\/v2\/comments?post=21418"}],"wp:featuredmedia":[{"embeddable":true,"href":"https:\/\/www.billigtrikotde.com\/es\/wp-json\/wp\/v2\/media\/21420"}],"wp:attachment":[{"href":"https:\/\/www.billigtrikotde.com\/es\/wp-json\/wp\/v2\/media?parent=21418"}],"wp:term":[{"taxonomy":"product_brand","embeddable":true,"href":"https:\/\/www.billigtrikotde.com\/es\/wp-json\/wp\/v2\/product_brand?post=21418"},{"taxonomy":"product_cat","embeddable":true,"href":"https:\/\/www.billigtrikotde.com\/es\/wp-json\/wp\/v2\/product_cat?post=21418"},{"taxonomy":"product_tag","embeddable":true,"href":"https:\/\/www.billigtrikotde.com\/es\/wp-json\/wp\/v2\/product_tag?post=21418"}],"curies":[{"name":"wp","href":"https:\/\/api.w.org\/{rel}","templated":true}]}}