{"id":21415,"date":"2025-03-27T14:27:10","date_gmt":"2025-03-27T13:27:10","guid":{"rendered":"https:\/\/www.billigtrikotde.com\/?post_type=product&#038;p=21415"},"modified":"2025-04-10T10:41:45","modified_gmt":"2025-04-10T08:41:45","slug":"guenstige-fussballtrikots-kinder-inter-miami-auswaertstrikot-2024-25-lionel-messi-10","status":"publish","type":"product","link":"https:\/\/www.billigtrikotde.com\/es\/guenstige-fussballtrikots-kinder-inter-miami-auswaertstrikot-2024-25-lionel-messi-10\/","title":{"rendered":"Camisetas F\u00fatbol Baratas Ni\u00f1os Camiseta Inter Miami Away 2024-25 Lionel Messi 10"},"content":{"rendered":"<p>Inspirada en la resplandeciente costa de la ciudad, la camiseta visitante Internacional Miami 2024 2025 destaca por sus detalles rosas y su estampado de olas. Dise\u00f1ada para la comodidad de los aficionados al f\u00fatbol, combina un tejido suave con AEROREADY que absorbe la humedad. El lema del equipo \"Freedom is my dream\" est\u00e1 impreso en la etiqueta del cuello. Este producto est\u00e1 fabricado con material 100 % reciclable.<\/p>\n<p>Consejos para la impresi\u00f3n: Si el nombre y el n\u00famero que aparecen en la imagen son exactamente los que desea, no es necesario que los vuelva a introducir. En caso contrario, deber\u00e1 introducir el nombre y el n\u00famero que desee.<\/p>\n<p>Consejos de lavado: Se recomienda lavar las camisetas de f\u00fatbol a mano. Si desea utilizar la lavadora, recuerde poner las camisetas de f\u00fatbol del rev\u00e9s y luego lavarlas. Llena la lavadora con agua fr\u00eda y utiliza un ciclo delicado para proteger mejor los colores.<\/p>","protected":false},"excerpt":{"rendered":"<p>Inspirada en la resplandeciente costa de la ciudad, la camiseta visitante Internacional Miami 2024 2025 destaca por sus detalles rosas y su estampado de olas. Dise\u00f1ada para la comodidad de los aficionados al f\u00fatbol, combina un tejido suave con AEROREADY que absorbe la humedad. El lema del equipo \"Freedom is my dream\" est\u00e1 impreso en la etiqueta del cuello. Este producto est\u00e1 fabricado con material 100 % reciclable.<\/p>","protected":false},"featured_media":21417,"comment_status":"open","ping_status":"closed","template":"","meta":[],"product_brand":[],"product_cat":[569],"product_tag":[20,21,22,1461,24,1467,633,1299],"class_list":{"0":"post-21415","1":"product","2":"type-product","3":"status-publish","4":"has-post-thumbnail","6":"product_cat-inter-miami-kindertrikot","7":"product_tag-coole-fussballtrikots","8":"product_tag-fussballtrikot-fuer-herren","9":"product_tag-fussballtrikot-guenstig-kaufen","10":"product_tag-guenstige-inter-miami-trikot-kinder","11":"product_tag-guenstiges-fussballtrikot","12":"product_tag-inter-miami-auswaertstrikot-2024-25","13":"product_tag-inter-miami-fussballtrikot","14":"product_tag-lionel-messi-trikots","16":"first","17":"instock","18":"shipping-taxable","19":"purchasable","20":"product-type-variable"},"_links":{"self":[{"href":"https:\/\/www.billigtrikotde.com\/es\/wp-json\/wp\/v2\/product\/21415","targetHints":{"allow":["GET"]}}],"collection":[{"href":"https:\/\/www.billigtrikotde.com\/es\/wp-json\/wp\/v2\/product"}],"about":[{"href":"https:\/\/www.billigtrikotde.com\/es\/wp-json\/wp\/v2\/types\/product"}],"replies":[{"embeddable":true,"href":"https:\/\/www.billigtrikotde.com\/es\/wp-json\/wp\/v2\/comments?post=21415"}],"wp:featuredmedia":[{"embeddable":true,"href":"https:\/\/www.billigtrikotde.com\/es\/wp-json\/wp\/v2\/media\/21417"}],"wp:attachment":[{"href":"https:\/\/www.billigtrikotde.com\/es\/wp-json\/wp\/v2\/media?parent=21415"}],"wp:term":[{"taxonomy":"product_brand","embeddable":true,"href":"https:\/\/www.billigtrikotde.com\/es\/wp-json\/wp\/v2\/product_brand?post=21415"},{"taxonomy":"product_cat","embeddable":true,"href":"https:\/\/www.billigtrikotde.com\/es\/wp-json\/wp\/v2\/product_cat?post=21415"},{"taxonomy":"product_tag","embeddable":true,"href":"https:\/\/www.billigtrikotde.com\/es\/wp-json\/wp\/v2\/product_tag?post=21415"}],"curies":[{"name":"wp","href":"https:\/\/api.w.org\/{rel}","templated":true}]}}