{"id":21412,"date":"2025-03-25T16:25:54","date_gmt":"2025-03-25T15:25:54","guid":{"rendered":"https:\/\/www.billigtrikotde.com\/?post_type=product&#038;p=21412"},"modified":"2025-04-10T10:42:35","modified_gmt":"2025-04-10T08:42:35","slug":"billige-trikots-kinder-inter-miami-heimtrikot-2024-25-lionel-messi-10","status":"publish","type":"product","link":"https:\/\/www.billigtrikotde.com\/es\/billige-trikots-kinder-inter-miami-heimtrikot-2024-25-lionel-messi-10\/","title":{"rendered":"Camisetas Baratas Ni\u00f1os Inter Miami Home Shirt 2024-25 Lionel Messi 10"},"content":{"rendered":"<p>Sencilla pero llena de orgullo para Lionel Messi del Inter Miami FC: la camiseta local del club es de color rosa liso. El color rosa puro es m\u00e1s oscuro que el de la camiseta de la temporada pasada, con detalles negros en el cuello, el dobladillo, los laterales y el logotipo. El escudo del Inter de Miami est\u00e1 bordado en el centro de la camiseta e impreso con el patrocinador Royal Caribbean. En la parte posterior de la camiseta figura el nombre oficial \"Messi\" y su n\u00famero de equipo \"10\".<\/p>\n<p>Esta camiseta de f\u00fatbol es ideal para los partidos, muestra fidelidad a Messi y al Inter de Miami y combina comodidad y rendimiento. Presenta cuello redondo de canal\u00e9, mangas cortas y corte entallado. La tecnolog\u00eda de rendimiento Aeroready integrada te mantiene fresco, seco y c\u00f3modo tanto si juegas como si ves el f\u00fatbol.<\/p>\n<p>Consejos para la impresi\u00f3n: Si el nombre y el n\u00famero que aparecen en la imagen son exactamente los que desea, no es necesario que los vuelva a introducir. En caso contrario, deber\u00e1 introducir el nombre y el n\u00famero que desee.<\/p>\n<p>Consejos de lavado: Se recomienda lavar las camisetas de f\u00fatbol a mano. Si desea utilizar la lavadora, recuerde poner las camisetas de f\u00fatbol del rev\u00e9s y luego lavarlas. Llena la lavadora con agua fr\u00eda y utiliza un ciclo delicado para proteger mejor los colores.<\/p>","protected":false},"excerpt":{"rendered":"<p>Schlicht und doch voller Stolz f\u00fcr Lionel Messi von Inter Miami FC: Das Heimtrikot des Vereins ist schlicht rosa. Die reine Rosafarbe ist dunkler als das Trikot der letzten Saison, mit schwarzen Details an Kragen, Saum, Seiten und Logo. Das Wappen von Inter Miami ist in die Mitte des Trikots gestickt und mit dem Sponsor [&hellip;]<\/p>","protected":false},"featured_media":21414,"comment_status":"open","ping_status":"closed","template":"","meta":[],"product_brand":[],"product_cat":[569],"product_tag":[1462,20,22,1461,24,639,1466,1464,571,1463,1465,1299],"class_list":{"0":"post-21412","1":"product","2":"type-product","3":"status-publish","4":"has-post-thumbnail","6":"product_cat-inter-miami-kindertrikot","7":"product_tag-billige-deutschland-trikots","8":"product_tag-coole-fussballtrikots","9":"product_tag-fussballtrikot-guenstig-kaufen","10":"product_tag-guenstige-inter-miami-trikot-kinder","11":"product_tag-guenstiges-fussballtrikot","12":"product_tag-inter-miami-fussballtrikots-kinder-mit-eigenem-namen","13":"product_tag-inter-miami-heimtrikot","14":"product_tag-inter-miami-trikot-2024-25","15":"product_tag-inter-miami-trikot-fuer-kinder","16":"product_tag-inter-miami-trikot-kinder","17":"product_tag-inter-miami-trikots","18":"product_tag-lionel-messi-trikots","20":"first","21":"instock","22":"shipping-taxable","23":"purchasable","24":"product-type-variable"},"_links":{"self":[{"href":"https:\/\/www.billigtrikotde.com\/es\/wp-json\/wp\/v2\/product\/21412","targetHints":{"allow":["GET"]}}],"collection":[{"href":"https:\/\/www.billigtrikotde.com\/es\/wp-json\/wp\/v2\/product"}],"about":[{"href":"https:\/\/www.billigtrikotde.com\/es\/wp-json\/wp\/v2\/types\/product"}],"replies":[{"embeddable":true,"href":"https:\/\/www.billigtrikotde.com\/es\/wp-json\/wp\/v2\/comments?post=21412"}],"wp:featuredmedia":[{"embeddable":true,"href":"https:\/\/www.billigtrikotde.com\/es\/wp-json\/wp\/v2\/media\/21414"}],"wp:attachment":[{"href":"https:\/\/www.billigtrikotde.com\/es\/wp-json\/wp\/v2\/media?parent=21412"}],"wp:term":[{"taxonomy":"product_brand","embeddable":true,"href":"https:\/\/www.billigtrikotde.com\/es\/wp-json\/wp\/v2\/product_brand?post=21412"},{"taxonomy":"product_cat","embeddable":true,"href":"https:\/\/www.billigtrikotde.com\/es\/wp-json\/wp\/v2\/product_cat?post=21412"},{"taxonomy":"product_tag","embeddable":true,"href":"https:\/\/www.billigtrikotde.com\/es\/wp-json\/wp\/v2\/product_tag?post=21412"}],"curies":[{"name":"wp","href":"https:\/\/api.w.org\/{rel}","templated":true}]}}