{"id":21371,"date":"2025-03-23T16:59:58","date_gmt":"2025-03-23T15:59:58","guid":{"rendered":"https:\/\/www.billigtrikotde.com\/?post_type=product&#038;p=21371"},"modified":"2025-04-10T10:43:03","modified_gmt":"2025-04-10T08:43:03","slug":"billige-trikots-kinder-ajax-auswaertstrikot-2024-25-trikot-set","status":"publish","type":"product","link":"https:\/\/www.billigtrikotde.com\/es\/billige-trikots-kinder-ajax-auswaertstrikot-2024-25-trikot-set\/","title":{"rendered":"Cheap Jerseys Kids Ajax Away Jersey 2024-25 jersey set"},"content":{"rendered":"<p><strong>Cheap Jerseys Kids Ajax Away Jersey 2024-25 jersey set<\/strong><\/p>\n<p>Las camisetas baratas del Ajax rinden homenaje a la rica historia del Ajax a la vez que aportan elementos modernos y energ\u00eda a esta camiseta del Ajax. La camiseta del equipo de f\u00fatbol Ajax parece una paleta azul en la que se entrelazan armoniosamente diferentes tonos de azul, profundamente arraigados en la identidad del club. Sin embargo, lo que realmente llama la atenci\u00f3n de esta camiseta del Ajax es el color amarillo brillante, que a\u00f1ade un contraste atrevido y llamativo al aspecto general.<\/p>\n<p>Consejos para la impresi\u00f3n: Si el nombre y el n\u00famero que aparecen en la imagen son exactamente los que desea, no es necesario que los vuelva a introducir. En caso contrario, deber\u00e1 introducir el nombre y el n\u00famero que desee.<\/p>\n<p>Consejos de lavado: Se recomienda lavar las camisetas de f\u00fatbol a mano. Si desea utilizar la lavadora, recuerde poner las camisetas de f\u00fatbol del rev\u00e9s y luego lavarlas. Llena la lavadora con agua fr\u00eda y utiliza un ciclo delicado para proteger mejor los colores.<\/p>","protected":false},"excerpt":{"rendered":"<p>Billige Trikots Kinder Ajax Ausw\u00e4rtstrikot 2024-25 trikot set Die Billige Trikots von Ajax sind eine Hommage an die reiche Geschichte von Ajax und bringen gleichzeitig moderne Elemente und Energie in dieses Ajax-Trikot ein. Das Trikot der Ajax-Fu\u00dfballmannschaft sieht aus wie eine blaue Palette, in der verschiedene Blaut\u00f6ne, die tief in der Identit\u00e4t des Vereins verwurzelt [&hellip;]<\/p>","protected":false},"featured_media":21373,"comment_status":"open","ping_status":"closed","template":"","meta":[],"product_brand":[],"product_cat":[680],"product_tag":[1372,681,682,1456,301,20,22,23,24],"class_list":{"0":"post-21371","1":"product","2":"type-product","3":"status-publish","4":"has-post-thumbnail","6":"product_cat-ajax-kindertrikot","7":"product_tag-ajax-amsterdam-trikot","8":"product_tag-ajax-fussballtrikots-kinder-mit-eigenem-namen","9":"product_tag-ajax-trikot-fuer-kinder","10":"product_tag-ajax-trikot-kinder","11":"product_tag-ajax-trikots","12":"product_tag-coole-fussballtrikots","13":"product_tag-fussballtrikot-guenstig-kaufen","14":"product_tag-fussballtrikot-kurzarm","15":"product_tag-guenstiges-fussballtrikot","17":"first","18":"instock","19":"shipping-taxable","20":"purchasable","21":"product-type-variable"},"_links":{"self":[{"href":"https:\/\/www.billigtrikotde.com\/es\/wp-json\/wp\/v2\/product\/21371","targetHints":{"allow":["GET"]}}],"collection":[{"href":"https:\/\/www.billigtrikotde.com\/es\/wp-json\/wp\/v2\/product"}],"about":[{"href":"https:\/\/www.billigtrikotde.com\/es\/wp-json\/wp\/v2\/types\/product"}],"replies":[{"embeddable":true,"href":"https:\/\/www.billigtrikotde.com\/es\/wp-json\/wp\/v2\/comments?post=21371"}],"wp:featuredmedia":[{"embeddable":true,"href":"https:\/\/www.billigtrikotde.com\/es\/wp-json\/wp\/v2\/media\/21373"}],"wp:attachment":[{"href":"https:\/\/www.billigtrikotde.com\/es\/wp-json\/wp\/v2\/media?parent=21371"}],"wp:term":[{"taxonomy":"product_brand","embeddable":true,"href":"https:\/\/www.billigtrikotde.com\/es\/wp-json\/wp\/v2\/product_brand?post=21371"},{"taxonomy":"product_cat","embeddable":true,"href":"https:\/\/www.billigtrikotde.com\/es\/wp-json\/wp\/v2\/product_cat?post=21371"},{"taxonomy":"product_tag","embeddable":true,"href":"https:\/\/www.billigtrikotde.com\/es\/wp-json\/wp\/v2\/product_tag?post=21371"}],"curies":[{"name":"wp","href":"https:\/\/api.w.org\/{rel}","templated":true}]}}