{"id":2137,"date":"2024-10-23T14:01:32","date_gmt":"2024-10-23T12:01:32","guid":{"rendered":"http:\/\/billigtrikots.com\/?post_type=product&#038;p=2137"},"modified":"2024-10-23T14:03:29","modified_gmt":"2024-10-23T12:03:29","slug":"inter-mailand-samir-handanovic-1-fussballtrikots-set-guenstig","status":"publish","type":"product","link":"https:\/\/www.billigtrikotde.com\/es\/inter-mailand-samir-handanovic-1-fussballtrikots-set-guenstig\/","title":{"rendered":"Inter de Mil\u00e1n Samir Handanovi\u0107 #1 conjunto de camiseta de f\u00fatbol barato"},"content":{"rendered":"<p>Apoya a tu equipo como el 12\u00ba hombre con este modelo superc\u00f3modo en azul. Nike ha creado un producto realmente excepcional con esta camiseta. \u00a1M\u00e1s afici\u00f3n imposible! Con esta camiseta local del Inter de Mil\u00e1n, puedes ampliar tu colecci\u00f3n de aficionados con una prenda igual a la que visten los jugadores de la Serie A. Te recomendamos este modelo c\u00f3modo, transpirable y que absorbe el sudor. Destaca visualmente con el escudo del club en el pecho. Esto te hace a\u00fan m\u00e1s eficiente y te permite darlo todo en cada sesi\u00f3n.<\/p>","protected":false},"excerpt":{"rendered":"<p>Apoya a tu equipo como el 12\u00ba jugador con el modelo s\u00faper c\u00f3modo en azul. Nike ha creado con esta camiseta un producto realmente excelente. \u00a1Dif\u00edcil encontrar m\u00e1s fanatismo! Con esta camiseta de local del Inter de Mil\u00e1n ampl\u00edas tu colecci\u00f3n de fans con un art\u00edculo como el que llevan los jugadores en la Serie A. Recomendamos este modelo c\u00f3modo, que absorbe el sudor y es transpirable [\u2026]<\/p>","protected":false},"featured_media":2176,"comment_status":"open","ping_status":"closed","template":"","meta":[],"product_brand":[],"product_cat":[77],"product_tag":[20,21,22,23,54,24,78],"class_list":{"0":"post-2137","1":"product","2":"type-product","3":"status-publish","4":"has-post-thumbnail","6":"product_cat-inter-milan","7":"product_tag-coole-fussballtrikots","8":"product_tag-fussballtrikot-fuer-herren","9":"product_tag-fussballtrikot-guenstig-kaufen","10":"product_tag-fussballtrikot-kurzarm","11":"product_tag-fussballtrikot-set","12":"product_tag-guenstiges-fussballtrikot","13":"product_tag-inter-milan-trikots","15":"first","16":"instock","17":"shipping-taxable","18":"purchasable","19":"product-type-variable"},"_links":{"self":[{"href":"https:\/\/www.billigtrikotde.com\/es\/wp-json\/wp\/v2\/product\/2137","targetHints":{"allow":["GET"]}}],"collection":[{"href":"https:\/\/www.billigtrikotde.com\/es\/wp-json\/wp\/v2\/product"}],"about":[{"href":"https:\/\/www.billigtrikotde.com\/es\/wp-json\/wp\/v2\/types\/product"}],"replies":[{"embeddable":true,"href":"https:\/\/www.billigtrikotde.com\/es\/wp-json\/wp\/v2\/comments?post=2137"}],"wp:featuredmedia":[{"embeddable":true,"href":"https:\/\/www.billigtrikotde.com\/es\/wp-json\/wp\/v2\/media\/2176"}],"wp:attachment":[{"href":"https:\/\/www.billigtrikotde.com\/es\/wp-json\/wp\/v2\/media?parent=2137"}],"wp:term":[{"taxonomy":"product_brand","embeddable":true,"href":"https:\/\/www.billigtrikotde.com\/es\/wp-json\/wp\/v2\/product_brand?post=2137"},{"taxonomy":"product_cat","embeddable":true,"href":"https:\/\/www.billigtrikotde.com\/es\/wp-json\/wp\/v2\/product_cat?post=2137"},{"taxonomy":"product_tag","embeddable":true,"href":"https:\/\/www.billigtrikotde.com\/es\/wp-json\/wp\/v2\/product_tag?post=2137"}],"curies":[{"name":"wp","href":"https:\/\/api.w.org\/{rel}","templated":true}]}}