{"id":21362,"date":"2025-03-23T16:45:13","date_gmt":"2025-03-23T15:45:13","guid":{"rendered":"https:\/\/www.billigtrikotde.com\/?post_type=product&#038;p=21362"},"modified":"2025-03-23T17:04:42","modified_gmt":"2025-03-23T16:04:42","slug":"guenstige-kindertrikots-ajax-auswaertstrikot-2024-25-brian-brobbey-9","status":"publish","type":"product","link":"https:\/\/www.billigtrikotde.com\/es\/guenstige-kindertrikots-ajax-auswaertstrikot-2024-25-brian-brobbey-9\/","title":{"rendered":"Camisetas Ni\u00f1os Ajax Away Jersey 2024-25 Brian Brobbey 9"},"content":{"rendered":"<p><strong>Camisetas Ni\u00f1os Ajax Away Jersey 2024-25 Brian Brobbey 9<\/strong><\/p>\n<p>Las camisetas baratas del Ajax rinden homenaje a la rica historia del Ajax a la vez que aportan elementos modernos y energ\u00eda a esta camiseta del Ajax. La camiseta del equipo de f\u00fatbol Ajax parece una paleta azul en la que se entrelazan armoniosamente diferentes tonos de azul, profundamente arraigados en la identidad del club. Sin embargo, lo que realmente llama la atenci\u00f3n de esta camiseta del Ajax es el color amarillo brillante, que a\u00f1ade un contraste atrevido y llamativo al aspecto general.<\/p>\n<p>Consejos para la impresi\u00f3n: Si el nombre y el n\u00famero que aparecen en la imagen son exactamente los que desea, no es necesario que los vuelva a introducir. En caso contrario, deber\u00e1 introducir el nombre y el n\u00famero que desee.<\/p>\n<p>Consejos de lavado: Se recomienda lavar las camisetas de f\u00fatbol a mano. Si desea utilizar la lavadora, recuerde poner las camisetas de f\u00fatbol del rev\u00e9s y luego lavarlas. Llena la lavadora con agua fr\u00eda y utiliza un ciclo delicado para proteger mejor los colores.<\/p>","protected":false},"excerpt":{"rendered":"<p>Camisetas baratas para ni\u00f1os Ajax Camiseta visitante 2024-25 Jordan Henderson 6 Las camisetas baratas de Ajax son un homenaje a la rica historia de Ajax y al mismo tiempo traen elementos modernos y energ\u00eda a esta camiseta de Ajax. La camiseta del equipo de f\u00fatbol Ajax se ve como una paleta azul, en la que varios tonos de azul est\u00e1n profundamente enraizados en la identidad del club [\u2026]<\/p>","protected":false},"featured_media":21366,"comment_status":"open","ping_status":"closed","template":"","meta":[],"product_brand":[],"product_cat":[680],"product_tag":[1372,681,682,1456,301,20,1457,22,23,24],"class_list":{"0":"post-21362","1":"product","2":"type-product","3":"status-publish","4":"has-post-thumbnail","6":"product_cat-ajax-kindertrikot","7":"product_tag-ajax-amsterdam-trikot","8":"product_tag-ajax-fussballtrikots-kinder-mit-eigenem-namen","9":"product_tag-ajax-trikot-fuer-kinder","10":"product_tag-ajax-trikot-kinder","11":"product_tag-ajax-trikots","12":"product_tag-coole-fussballtrikots","13":"product_tag-brian-brobbey-trikots","14":"product_tag-fussballtrikot-guenstig-kaufen","15":"product_tag-fussballtrikot-kurzarm","16":"product_tag-guenstiges-fussballtrikot","18":"first","19":"instock","20":"shipping-taxable","21":"purchasable","22":"product-type-variable"},"_links":{"self":[{"href":"https:\/\/www.billigtrikotde.com\/es\/wp-json\/wp\/v2\/product\/21362","targetHints":{"allow":["GET"]}}],"collection":[{"href":"https:\/\/www.billigtrikotde.com\/es\/wp-json\/wp\/v2\/product"}],"about":[{"href":"https:\/\/www.billigtrikotde.com\/es\/wp-json\/wp\/v2\/types\/product"}],"replies":[{"embeddable":true,"href":"https:\/\/www.billigtrikotde.com\/es\/wp-json\/wp\/v2\/comments?post=21362"}],"wp:featuredmedia":[{"embeddable":true,"href":"https:\/\/www.billigtrikotde.com\/es\/wp-json\/wp\/v2\/media\/21366"}],"wp:attachment":[{"href":"https:\/\/www.billigtrikotde.com\/es\/wp-json\/wp\/v2\/media?parent=21362"}],"wp:term":[{"taxonomy":"product_brand","embeddable":true,"href":"https:\/\/www.billigtrikotde.com\/es\/wp-json\/wp\/v2\/product_brand?post=21362"},{"taxonomy":"product_cat","embeddable":true,"href":"https:\/\/www.billigtrikotde.com\/es\/wp-json\/wp\/v2\/product_cat?post=21362"},{"taxonomy":"product_tag","embeddable":true,"href":"https:\/\/www.billigtrikotde.com\/es\/wp-json\/wp\/v2\/product_tag?post=21362"}],"curies":[{"name":"wp","href":"https:\/\/api.w.org\/{rel}","templated":true}]}}