{"id":21357,"date":"2025-03-22T15:41:40","date_gmt":"2025-03-22T14:41:40","guid":{"rendered":"https:\/\/www.billigtrikotde.com\/?post_type=product&#038;p=21357"},"modified":"2025-04-16T09:50:56","modified_gmt":"2025-04-16T07:50:56","slug":"kaufen-kinder-real-madrid-heim-trikotsatz-2024-25-weiss-fussballtrikots","status":"publish","type":"product","link":"https:\/\/www.billigtrikotde.com\/es\/kaufen-kinder-real-madrid-heim-trikotsatz-2024-25-weiss-fussballtrikots\/","title":{"rendered":"Comprar Camiseta Real Madrid Home Kit 2024-25 Blanca Ni\u00f1os"},"content":{"rendered":"<p>La camiseta del Real Madrid Club de F\u00fatbol 2024-25 tiene el tradicional color blanco del equipo combinado con negro para las tres franjas. La camiseta del Real Madrid 2024-2025 evoca recuerdos de las camisetas de principios de la d\u00e9cada de 2000 gracias a la cl\u00e1sica combinaci\u00f3n de colores y al dise\u00f1o sencillo, y toda la camiseta presenta un estampado de pata de gallo que transmite un ambiente de moda. La camiseta presenta sofisticados detalles en negro y el escudo a todo color llama inmediatamente la atenci\u00f3n cuando saltas al terreno de juego.<\/p>\n<p>Consejos para la impresi\u00f3n: Si el nombre y el n\u00famero que aparecen en la imagen son exactamente los que desea, no es necesario que los vuelva a introducir. En caso contrario, deber\u00e1 introducir el nombre y el n\u00famero que desee.<\/p>\n<p>Consejos de lavado: Se recomienda lavar las camisetas de f\u00fatbol a mano. Si desea utilizar la lavadora, recuerde poner las camisetas de f\u00fatbol del rev\u00e9s y luego lavarlas. Llena la lavadora con agua fr\u00eda y utiliza un ciclo delicado para proteger mejor los colores.<\/p>","protected":false},"excerpt":{"rendered":"<p>Das Real Madrid Club de F\u00fatbol 2024-25 Trikot hat die traditionelle wei\u00dfe Farbe der Mannschaft kombiniert mit Schwarz f\u00fcr die Drei Streifen. Das Real Madrid 2024-2025 Trikot weckt dank der klassischen Farbkombination und des schlichten Designs Erinnerungen an die Trikots der fr\u00fchen 2000er Jahre.Das gesamte Trikot weist ein Hahnentrittmuster auf, das eine modische Atmosph\u00e4re vermittelt. [&hellip;]<\/p>","protected":false},"featured_media":21359,"comment_status":"open","ping_status":"closed","template":"","meta":[],"product_brand":[],"product_cat":[165],"product_tag":[20,574,1453,24,94,879,1454,880,1455,47,166],"class_list":{"0":"post-21357","1":"product","2":"type-product","3":"status-publish","4":"has-post-thumbnail","6":"product_cat-real-madrid-kindertrikot","7":"product_tag-coole-fussballtrikots","8":"product_tag-fussballtrikot-deutschland","9":"product_tag-fussballtrikots-real-madrid","10":"product_tag-guenstiges-fussballtrikot","11":"product_tag-kinder-fussball-trikotsatz","12":"product_tag-real-madrid-fussballtrikots-kinder","13":"product_tag-real-madrid-trikot-2024-25","14":"product_tag-real-madrid-trikot-fuer-kinder","15":"product_tag-real-madrid-trikot-kaufen","16":"product_tag-real-madrid-trikots","17":"product_tag-real-madrid-trikotsatz-fuer-kinder","19":"first","20":"instock","21":"shipping-taxable","22":"purchasable","23":"product-type-variable"},"_links":{"self":[{"href":"https:\/\/www.billigtrikotde.com\/es\/wp-json\/wp\/v2\/product\/21357","targetHints":{"allow":["GET"]}}],"collection":[{"href":"https:\/\/www.billigtrikotde.com\/es\/wp-json\/wp\/v2\/product"}],"about":[{"href":"https:\/\/www.billigtrikotde.com\/es\/wp-json\/wp\/v2\/types\/product"}],"replies":[{"embeddable":true,"href":"https:\/\/www.billigtrikotde.com\/es\/wp-json\/wp\/v2\/comments?post=21357"}],"wp:featuredmedia":[{"embeddable":true,"href":"https:\/\/www.billigtrikotde.com\/es\/wp-json\/wp\/v2\/media\/21359"}],"wp:attachment":[{"href":"https:\/\/www.billigtrikotde.com\/es\/wp-json\/wp\/v2\/media?parent=21357"}],"wp:term":[{"taxonomy":"product_brand","embeddable":true,"href":"https:\/\/www.billigtrikotde.com\/es\/wp-json\/wp\/v2\/product_brand?post=21357"},{"taxonomy":"product_cat","embeddable":true,"href":"https:\/\/www.billigtrikotde.com\/es\/wp-json\/wp\/v2\/product_cat?post=21357"},{"taxonomy":"product_tag","embeddable":true,"href":"https:\/\/www.billigtrikotde.com\/es\/wp-json\/wp\/v2\/product_tag?post=21357"}],"curies":[{"name":"wp","href":"https:\/\/api.w.org\/{rel}","templated":true}]}}