{"id":2133,"date":"2024-10-23T14:01:29","date_gmt":"2024-10-23T12:01:29","guid":{"rendered":"http:\/\/billigtrikots.com\/?post_type=product&#038;p=2133"},"modified":"2024-10-23T14:03:00","modified_gmt":"2024-10-23T12:03:00","slug":"inter-mailand-auswaertstrikot-2022-weiss-blau-guenstig-bestellen","status":"publish","type":"product","link":"https:\/\/www.billigtrikotde.com\/es\/inter-mailand-auswaertstrikot-2022-weiss-blau-guenstig-bestellen\/","title":{"rendered":"Encargar la equipaci\u00f3n de visitante 2022 blanca\/azul del Inter de Mil\u00e1n a un precio ventajoso"},"content":{"rendered":"<p>Ya sea en el estadio o en casa en el sof\u00e1, tu apoyo se demuestra mejor con el modelo de secado en blanco. Nike presenta con la camiseta un producto realmente \u00fanico. \u00a1M\u00e1s apoyo es imposible! Con esta camiseta fuera de casa del Inter de Mil\u00e1n ampl\u00edas tu colecci\u00f3n de fans con un art\u00edculo como el que llevan los jugadores en la Serie A. Recomendamos este modelo super c\u00f3modo, de secado r\u00e1pido y transpirable, con una agradable sensaci\u00f3n de uso. Esta es una camiseta que, gracias al escudo del club en el pecho, garantiza destacar. As\u00ed puedes mostrarle a todos que eres el mejor en el terreno de juego.<\/p>\n<p>Consejos para la impresi\u00f3n: Si el nombre y el n\u00famero que aparecen en la imagen son exactamente los que desea, no es necesario que los vuelva a introducir. En caso contrario, deber\u00e1 introducir el nombre y el n\u00famero que desee.<\/p>\n<p>Consejos de lavado: Se recomienda lavar las camisetas de f\u00fatbol a mano. Si desea utilizar la lavadora, recuerde poner las camisetas de f\u00fatbol del rev\u00e9s y luego lavarlas. Llena la lavadora con agua fr\u00eda y utiliza un ciclo delicado para proteger mejor los colores.<\/p>","protected":false},"excerpt":{"rendered":"<p>Ob im Stadion oder zuhause auf der Couch \u2013 deine Unterst\u00fctzung zeigst du am besten durch das schwei\u00dfableitende Modell in Wei\u00df. Nike ver\u00f6ffentlicht mit dem Shirt ein wirklich einmaliges Produkt. Mehr Support geht kaum! Mit diesem Inter Mailand-Ausw\u00e4rts-Shirt erweiterst du deine Fan-Kollektion um einen Artikel, wie ihn die Spieler in der Serie A tragen. Wir [&hellip;]<\/p>","protected":false},"featured_media":2165,"comment_status":"open","ping_status":"closed","template":"","meta":[],"product_brand":[],"product_cat":[77],"product_tag":[20,21,22,23,24,79,78],"class_list":{"0":"post-2133","1":"product","2":"type-product","3":"status-publish","4":"has-post-thumbnail","6":"product_cat-inter-milan","7":"product_tag-coole-fussballtrikots","8":"product_tag-fussballtrikot-fuer-herren","9":"product_tag-fussballtrikot-guenstig-kaufen","10":"product_tag-fussballtrikot-kurzarm","11":"product_tag-guenstiges-fussballtrikot","12":"product_tag-inter-milan-auswaertstrikot","13":"product_tag-inter-milan-trikots","15":"first","16":"instock","17":"shipping-taxable","18":"purchasable","19":"product-type-variable"},"_links":{"self":[{"href":"https:\/\/www.billigtrikotde.com\/es\/wp-json\/wp\/v2\/product\/2133","targetHints":{"allow":["GET"]}}],"collection":[{"href":"https:\/\/www.billigtrikotde.com\/es\/wp-json\/wp\/v2\/product"}],"about":[{"href":"https:\/\/www.billigtrikotde.com\/es\/wp-json\/wp\/v2\/types\/product"}],"replies":[{"embeddable":true,"href":"https:\/\/www.billigtrikotde.com\/es\/wp-json\/wp\/v2\/comments?post=2133"}],"wp:featuredmedia":[{"embeddable":true,"href":"https:\/\/www.billigtrikotde.com\/es\/wp-json\/wp\/v2\/media\/2165"}],"wp:attachment":[{"href":"https:\/\/www.billigtrikotde.com\/es\/wp-json\/wp\/v2\/media?parent=2133"}],"wp:term":[{"taxonomy":"product_brand","embeddable":true,"href":"https:\/\/www.billigtrikotde.com\/es\/wp-json\/wp\/v2\/product_brand?post=2133"},{"taxonomy":"product_cat","embeddable":true,"href":"https:\/\/www.billigtrikotde.com\/es\/wp-json\/wp\/v2\/product_cat?post=2133"},{"taxonomy":"product_tag","embeddable":true,"href":"https:\/\/www.billigtrikotde.com\/es\/wp-json\/wp\/v2\/product_tag?post=2133"}],"curies":[{"name":"wp","href":"https:\/\/api.w.org\/{rel}","templated":true}]}}