{"id":21267,"date":"2025-06-04T15:56:24","date_gmt":"2025-06-04T13:56:24","guid":{"rendered":"https:\/\/www.billigtrikotde.com\/?post_type=product&#038;p=21267"},"modified":"2025-06-11T13:57:07","modified_gmt":"2025-06-11T11:57:07","slug":"billige-fussballtrikots-trikotsatz-arsenal-riccardo-calafiori-33-heimtrikot-kinder-2024-25","status":"publish","type":"product","link":"https:\/\/www.billigtrikotde.com\/es\/billige-fussballtrikots-trikotsatz-arsenal-riccardo-calafiori-33-heimtrikot-kinder-2024-25\/","title":{"rendered":"Arsenal Riccardo Calafiori #33 camiseta local para ni\u00f1os 2024-25 de manga corta (+ pantalones cortos)"},"content":{"rendered":"<h3>Camisas de f\u00fatbol baratas, juego de camisetas Arsenal Riccardo Calafiori #33 Camiseta local infantil 2024-25<\/h3>\n<p>La camiseta local del Arsenal 2024-2025 combina el cl\u00e1sico color rojo principal del club con logotipos en blanco y elementos de dise\u00f1o en azul oscuro. En t\u00e9rminos de dise\u00f1o, la camiseta local del Arsenal 2024-25 es bastante sencilla. Se basa en el nuevo template 2024-25 y presenta marcas laterales \u00fanicas, en este caso en azul.<\/p>\n<p>Consejos para la impresi\u00f3n: Si el nombre y el n\u00famero que aparecen en la imagen son exactamente los que desea, no es necesario que los vuelva a introducir. En caso contrario, deber\u00e1 introducir el nombre y el n\u00famero que desee.<\/p>\n<p>Consejos de lavado: Se recomienda lavar las camisetas de f\u00fatbol a mano. Si desea utilizar la lavadora, recuerde poner las camisetas de f\u00fatbol del rev\u00e9s y luego lavarlas. Llena la lavadora con agua fr\u00eda y utiliza un ciclo delicado para proteger mejor los colores.<\/p>","protected":false},"excerpt":{"rendered":"<p>Billige Fussballtrikots trikotsatz Arsenal Riccardo Calafiori #33 Heimtrikot Kinder 2024-25 Das Arsenal Heimtrikot 2024-2025 kombiniert die klassische rote Hauptfarbe des Vereins mit wei\u00dfen Logos und dunkelblauen Designelementen. In Bezug auf das Design ist das Arsenal 2024-25 Heimtrikot recht schlicht. Es basiert auf der neuen Vorlage 2024\u201325 und verf\u00fcgt \u00fcber einzigartige Seitenmarkierungen, in diesem Fall in [&hellip;]<\/p>","protected":false},"featured_media":21269,"comment_status":"open","ping_status":"closed","template":"","meta":[],"product_brand":[],"product_cat":[167],"product_tag":[1524,1525,1447],"class_list":{"0":"post-21267","1":"product","2":"type-product","3":"status-publish","4":"has-post-thumbnail","6":"product_cat-arsenal-kindertrikot","7":"product_tag-guenstige-riccardo-calafiori-trikot-kinder","8":"product_tag-riccardo-calafiori-trikot-kinder-kaufen","9":"product_tag-riccardo-calafiori-trikots","11":"first","12":"instock","13":"shipping-taxable","14":"purchasable","15":"product-type-variable"},"_links":{"self":[{"href":"https:\/\/www.billigtrikotde.com\/es\/wp-json\/wp\/v2\/product\/21267","targetHints":{"allow":["GET"]}}],"collection":[{"href":"https:\/\/www.billigtrikotde.com\/es\/wp-json\/wp\/v2\/product"}],"about":[{"href":"https:\/\/www.billigtrikotde.com\/es\/wp-json\/wp\/v2\/types\/product"}],"replies":[{"embeddable":true,"href":"https:\/\/www.billigtrikotde.com\/es\/wp-json\/wp\/v2\/comments?post=21267"}],"wp:featuredmedia":[{"embeddable":true,"href":"https:\/\/www.billigtrikotde.com\/es\/wp-json\/wp\/v2\/media\/21269"}],"wp:attachment":[{"href":"https:\/\/www.billigtrikotde.com\/es\/wp-json\/wp\/v2\/media?parent=21267"}],"wp:term":[{"taxonomy":"product_brand","embeddable":true,"href":"https:\/\/www.billigtrikotde.com\/es\/wp-json\/wp\/v2\/product_brand?post=21267"},{"taxonomy":"product_cat","embeddable":true,"href":"https:\/\/www.billigtrikotde.com\/es\/wp-json\/wp\/v2\/product_cat?post=21267"},{"taxonomy":"product_tag","embeddable":true,"href":"https:\/\/www.billigtrikotde.com\/es\/wp-json\/wp\/v2\/product_tag?post=21267"}],"curies":[{"name":"wp","href":"https:\/\/api.w.org\/{rel}","templated":true}]}}