{"id":21227,"date":"2025-06-04T15:38:58","date_gmt":"2025-06-04T13:38:58","guid":{"rendered":"https:\/\/www.billigtrikotde.com\/?post_type=product&#038;p=21227"},"modified":"2025-06-11T13:56:15","modified_gmt":"2025-06-11T11:56:15","slug":"kinder-fussball-trikot-arsenal-heimtrikot-2024-25-mit-namen-raheem-sterling-30","status":"publish","type":"product","link":"https:\/\/www.billigtrikotde.com\/es\/kinder-fussball-trikot-arsenal-heimtrikot-2024-25-mit-namen-raheem-sterling-30\/","title":{"rendered":"Arsenal Raheem Sterling #30 camiseta local para ni\u00f1os 2024-25 de manga corta (+ pantalones cortos)"},"content":{"rendered":"<h3>Camiseta de f\u00fatbol para ni\u00f1os Arsenal Camiseta local 2024-25 con nombre Raheem Sterling 30<\/h3>\n<p>La camiseta local del Arsenal 2024-2025 combina el cl\u00e1sico color rojo principal del club con logotipos en blanco y elementos de dise\u00f1o en azul oscuro. En t\u00e9rminos de dise\u00f1o, la camiseta local del Arsenal 2024-25 es bastante sencilla. Se basa en el nuevo template 2024-25 y presenta marcas laterales \u00fanicas, en este caso en azul.<\/p>\n<p>Consejos para la impresi\u00f3n: Si el nombre y el n\u00famero que aparecen en la imagen son exactamente los que desea, no es necesario que los vuelva a introducir. En caso contrario, deber\u00e1 introducir el nombre y el n\u00famero que desee.<\/p>\n<p>Consejos de lavado: Se recomienda lavar las camisetas de f\u00fatbol a mano. Si desea utilizar la lavadora, recuerde poner las camisetas de f\u00fatbol del rev\u00e9s y luego lavarlas. Llena la lavadora con agua fr\u00eda y utiliza un ciclo delicado para proteger mejor los colores.<\/p>","protected":false},"excerpt":{"rendered":"<p>Camiseta de f\u00fatbol infantil Arsenal camiseta de casa 2024-25 con nombre Raheem Sterling 30 La camiseta de casa de Arsenal 2024-2025 combina el color rojo principal cl\u00e1sico del club con logotipos blancos y elementos de dise\u00f1o azul oscuro. En cuanto al dise\u00f1o, la camiseta de casa de Arsenal 2024-25 es bastante simple. Se basa en la nueva plantilla 2024\u201325 y presenta marcas laterales \u00fanicas, en este caso [\u2026]<\/p>","protected":false},"featured_media":21229,"comment_status":"open","ping_status":"closed","template":"","meta":[],"product_brand":[],"product_cat":[167],"product_tag":[1519,1520,1521],"class_list":{"0":"post-21227","1":"product","2":"type-product","3":"status-publish","4":"has-post-thumbnail","6":"product_cat-arsenal-kindertrikot","7":"product_tag-guenstige-raheem-sterling-trikot-kinder","8":"product_tag-raheem-sterling-trikot-kinder-kaufen","9":"product_tag-raheem-sterling-trikots","11":"first","12":"instock","13":"shipping-taxable","14":"purchasable","15":"product-type-variable"},"_links":{"self":[{"href":"https:\/\/www.billigtrikotde.com\/es\/wp-json\/wp\/v2\/product\/21227","targetHints":{"allow":["GET"]}}],"collection":[{"href":"https:\/\/www.billigtrikotde.com\/es\/wp-json\/wp\/v2\/product"}],"about":[{"href":"https:\/\/www.billigtrikotde.com\/es\/wp-json\/wp\/v2\/types\/product"}],"replies":[{"embeddable":true,"href":"https:\/\/www.billigtrikotde.com\/es\/wp-json\/wp\/v2\/comments?post=21227"}],"wp:featuredmedia":[{"embeddable":true,"href":"https:\/\/www.billigtrikotde.com\/es\/wp-json\/wp\/v2\/media\/21229"}],"wp:attachment":[{"href":"https:\/\/www.billigtrikotde.com\/es\/wp-json\/wp\/v2\/media?parent=21227"}],"wp:term":[{"taxonomy":"product_brand","embeddable":true,"href":"https:\/\/www.billigtrikotde.com\/es\/wp-json\/wp\/v2\/product_brand?post=21227"},{"taxonomy":"product_cat","embeddable":true,"href":"https:\/\/www.billigtrikotde.com\/es\/wp-json\/wp\/v2\/product_cat?post=21227"},{"taxonomy":"product_tag","embeddable":true,"href":"https:\/\/www.billigtrikotde.com\/es\/wp-json\/wp\/v2\/product_tag?post=21227"}],"curies":[{"name":"wp","href":"https:\/\/api.w.org\/{rel}","templated":true}]}}