{"id":2099,"date":"2024-10-23T13:59:53","date_gmt":"2024-10-23T11:59:53","guid":{"rendered":"http:\/\/billigtrikots.com\/?post_type=product&#038;p=2099"},"modified":"2024-10-23T14:01:25","modified_gmt":"2024-10-23T12:01:25","slug":"inter-mailand-stadium-auswaertstrikot-2022-weiss-blau-mit-aufdruck-eriksen-24","status":"publish","type":"product","link":"https:\/\/www.billigtrikotde.com\/es\/inter-mailand-stadium-auswaertstrikot-2022-weiss-blau-mit-aufdruck-eriksen-24\/","title":{"rendered":"Kit de visitante del estadio del Inter de Mil\u00e1n 2022 blanco\/azul con estampado Eriksen 24"},"content":{"rendered":"<p>Apoya a los Nerazzurri con la camiseta Nike Inter Milan 21\/22 Stadium Away Jersey , una versi\u00f3n para aficionados de la camiseta que llevan los profesionales, con un corte ligeramente m\u00e1s holgado.<\/p>\n<p>Dise\u00f1ada espec\u00edficamente para los aficionados, la camiseta Nike Inter Milan 21\/22 Stadium Away Jersey est\u00e1 confeccionada con el ligero tejido Nike Breathe para mantenerte fresco y c\u00f3modo tanto si animas a tus h\u00e9roes en el partido como si lo haces desde la grada.<\/p>\n<p>La equipaci\u00f3n visitante 21\/22 del Inter de Mil\u00e1n celebra la nueva identidad visual del club y presenta el escudo \"IM\" redise\u00f1ado junto a un gr\u00e1fico de serpiente Biscione dibujado a mano, que recuerda a la camiseta cl\u00e1sica 10\/11 y representa la transici\u00f3n de una era a la siguiente.<\/p>\n<p>Consejos para la impresi\u00f3n: Si el nombre y el n\u00famero que aparecen en la imagen son exactamente los que desea, no es necesario que los vuelva a introducir. En caso contrario, deber\u00e1 introducir el nombre y el n\u00famero que desee.<\/p>\n<p>Consejos de lavado: Se recomienda lavar las camisetas de f\u00fatbol a mano. Si desea utilizar la lavadora, recuerde poner las camisetas de f\u00fatbol del rev\u00e9s y luego lavarlas. Llena la lavadora con agua fr\u00eda y utiliza un ciclo delicado para proteger mejor los colores.<\/p>","protected":false},"excerpt":{"rendered":"<p>Apoya a los Nerazzurri con la camiseta visitante de estadio Nike Inter de Mil\u00e1n 21\/22, una versi\u00f3n para fans de la camiseta que utilizan los profesionales, con un ajuste ligeramente m\u00e1s suelto. La camiseta visitante de estadio Nike Inter de Mil\u00e1n 21\/22 dise\u00f1ada especialmente para fans est\u00e1 hecha de material ligero Nike Breathe, que te mantiene fresco y c\u00f3modo, sin importar si animas a tu h\u00e9roe en el [\u2026]<\/p>","protected":false},"featured_media":2130,"comment_status":"open","ping_status":"closed","template":"","meta":[],"product_brand":[],"product_cat":[77],"product_tag":[20,21,22,23,24,79,78],"class_list":{"0":"post-2099","1":"product","2":"type-product","3":"status-publish","4":"has-post-thumbnail","6":"product_cat-inter-milan","7":"product_tag-coole-fussballtrikots","8":"product_tag-fussballtrikot-fuer-herren","9":"product_tag-fussballtrikot-guenstig-kaufen","10":"product_tag-fussballtrikot-kurzarm","11":"product_tag-guenstiges-fussballtrikot","12":"product_tag-inter-milan-auswaertstrikot","13":"product_tag-inter-milan-trikots","15":"first","16":"instock","17":"shipping-taxable","18":"purchasable","19":"product-type-variable"},"_links":{"self":[{"href":"https:\/\/www.billigtrikotde.com\/es\/wp-json\/wp\/v2\/product\/2099","targetHints":{"allow":["GET"]}}],"collection":[{"href":"https:\/\/www.billigtrikotde.com\/es\/wp-json\/wp\/v2\/product"}],"about":[{"href":"https:\/\/www.billigtrikotde.com\/es\/wp-json\/wp\/v2\/types\/product"}],"replies":[{"embeddable":true,"href":"https:\/\/www.billigtrikotde.com\/es\/wp-json\/wp\/v2\/comments?post=2099"}],"wp:featuredmedia":[{"embeddable":true,"href":"https:\/\/www.billigtrikotde.com\/es\/wp-json\/wp\/v2\/media\/2130"}],"wp:attachment":[{"href":"https:\/\/www.billigtrikotde.com\/es\/wp-json\/wp\/v2\/media?parent=2099"}],"wp:term":[{"taxonomy":"product_brand","embeddable":true,"href":"https:\/\/www.billigtrikotde.com\/es\/wp-json\/wp\/v2\/product_brand?post=2099"},{"taxonomy":"product_cat","embeddable":true,"href":"https:\/\/www.billigtrikotde.com\/es\/wp-json\/wp\/v2\/product_cat?post=2099"},{"taxonomy":"product_tag","embeddable":true,"href":"https:\/\/www.billigtrikotde.com\/es\/wp-json\/wp\/v2\/product_tag?post=2099"}],"curies":[{"name":"wp","href":"https:\/\/api.w.org\/{rel}","templated":true}]}}