{"id":20957,"date":"2025-03-08T14:24:34","date_gmt":"2025-03-08T13:24:34","guid":{"rendered":"https:\/\/www.billigtrikotde.com\/?post_type=product&#038;p=20957"},"modified":"2025-03-10T01:53:36","modified_gmt":"2025-03-10T00:53:36","slug":"guenstige-fussballtrikots-kinder-ac-milan-heimtrikot-2024-25-malick-thiaw-28","status":"publish","type":"product","link":"https:\/\/www.billigtrikotde.com\/es\/guenstige-fussballtrikots-kinder-ac-milan-heimtrikot-2024-25-malick-thiaw-28\/","title":{"rendered":"Camisetas F\u00fatbol Baratas Ni\u00f1os AC Milan Home Shirt 2024-25 Malick Thiaw 28"},"content":{"rendered":"<p>Tras el dise\u00f1o experimental de la camiseta de la temporada pasada, la nueva camiseta local del AC Milan 24-25 vuelve a un dise\u00f1o cl\u00e1sico. La camiseta presenta las franjas rojas y negras y el logotipo blanco del club. Dentro de la franja roja hay un dise\u00f1o muy sutil que podr\u00eda estar relacionado con el 125 aniversario del club. El Milan se fund\u00f3 en 1899, hace 125 a\u00f1os.<\/p>\n<p>Consejos para la impresi\u00f3n: Si el nombre y el n\u00famero que aparecen en la imagen son exactamente los que desea, no es necesario que los vuelva a introducir. En caso contrario, deber\u00e1 introducir el nombre y el n\u00famero que desee.<\/p>\n<p>Consejos de lavado: Se recomienda lavar las camisetas de f\u00fatbol a mano. Si desea utilizar la lavadora, recuerde poner las camisetas de f\u00fatbol del rev\u00e9s y luego lavarlas. Llena la lavadora con agua fr\u00eda y utiliza un ciclo delicado para proteger mejor los colores.<\/p>","protected":false},"excerpt":{"rendered":"<p>Nach dem experimentellen Trikotdesign der letzten Saison kehrt das neue AC Mailand 24-25 Heimtrikot zu einem klassischen Design zur\u00fcck. Das Trikot weist die roten und schwarzen Streifen und das wei\u00dfe Logo des Vereins auf. Innerhalb des roten Streifens befindet sich ein sehr dezentes Design, das mit dem 125-j\u00e4hrigen Jubil\u00e4um des Clubs in Verbindung stehen k\u00f6nnte. [&hellip;]<\/p>","protected":false},"featured_media":20959,"comment_status":"open","ping_status":"closed","template":"","meta":[],"product_brand":[],"product_cat":[92],"product_tag":[630,631,93,20,574,1415,24,1416,94,1419],"class_list":{"0":"post-20957","1":"product","2":"type-product","3":"status-publish","4":"has-post-thumbnail","6":"product_cat-ac-mailand-kindertrikot","7":"product_tag-ac-milan-fussballtrikots-kinder","8":"product_tag-ac-milan-trikot-fuer-kinder","9":"product_tag-ac-milan-trikotsatz-fuer-kinder","10":"product_tag-coole-fussballtrikots","11":"product_tag-fussballtrikot-deutschland","12":"product_tag-fussballtrikots-set","13":"product_tag-guenstiges-fussballtrikot","14":"product_tag-kinder-ac-milan-trikot","15":"product_tag-kinder-fussball-trikotsatz","16":"product_tag-malick-thiaw-trikot","18":"first","19":"instock","20":"shipping-taxable","21":"purchasable","22":"product-type-variable"},"_links":{"self":[{"href":"https:\/\/www.billigtrikotde.com\/es\/wp-json\/wp\/v2\/product\/20957","targetHints":{"allow":["GET"]}}],"collection":[{"href":"https:\/\/www.billigtrikotde.com\/es\/wp-json\/wp\/v2\/product"}],"about":[{"href":"https:\/\/www.billigtrikotde.com\/es\/wp-json\/wp\/v2\/types\/product"}],"replies":[{"embeddable":true,"href":"https:\/\/www.billigtrikotde.com\/es\/wp-json\/wp\/v2\/comments?post=20957"}],"wp:featuredmedia":[{"embeddable":true,"href":"https:\/\/www.billigtrikotde.com\/es\/wp-json\/wp\/v2\/media\/20959"}],"wp:attachment":[{"href":"https:\/\/www.billigtrikotde.com\/es\/wp-json\/wp\/v2\/media?parent=20957"}],"wp:term":[{"taxonomy":"product_brand","embeddable":true,"href":"https:\/\/www.billigtrikotde.com\/es\/wp-json\/wp\/v2\/product_brand?post=20957"},{"taxonomy":"product_cat","embeddable":true,"href":"https:\/\/www.billigtrikotde.com\/es\/wp-json\/wp\/v2\/product_cat?post=20957"},{"taxonomy":"product_tag","embeddable":true,"href":"https:\/\/www.billigtrikotde.com\/es\/wp-json\/wp\/v2\/product_tag?post=20957"}],"curies":[{"name":"wp","href":"https:\/\/api.w.org\/{rel}","templated":true}]}}