{"id":20889,"date":"2025-03-06T14:20:57","date_gmt":"2025-03-06T13:20:57","guid":{"rendered":"https:\/\/www.billigtrikotde.com\/?post_type=product&#038;p=20889"},"modified":"2025-03-06T14:53:54","modified_gmt":"2025-03-06T13:53:54","slug":"billige-trikots-kinder-ac-milan-auswaerts-trikotsatz-2024-25-tammy-abraham-90","status":"publish","type":"product","link":"https:\/\/www.billigtrikotde.com\/es\/billige-trikots-kinder-ac-milan-auswaerts-trikotsatz-2024-25-tammy-abraham-90\/","title":{"rendered":"Cheap Kids Jerseys AC Milan Away Kit 2024-25 Tammy Abraham 90"},"content":{"rendered":"<p>La camiseta visitante blanca incorpora el dise\u00f1o cl\u00e1sico de colores del AC Milan y presenta un nuevo aspecto para la temporada 24\/25. La camiseta blanca tiene un patr\u00f3n discreto con rayas verticales. El cuello y los pu\u00f1os est\u00e1n adornados con detalles en rojo y negro, y un logotipo negro complementa el dise\u00f1o. Hay un escudo del AC Milan impreso con silicona y dos logotipos de patrocinadores transferidos por calor.<\/p>\n<p>Esta es una camiseta de manga corta, de cuello alto, acanalada, para visitar, que es perfecta para los d\u00edas de partido del AC Milan y para el uso diario. La camiseta est\u00e1 disponible en tallas para adultos S\u20132XL y est\u00e1 dise\u00f1ada para ofrecer comodidad \u00f3ptima tanto en el campo como fuera de \u00e9l. Esta camiseta de poli\u00e9ster ligero es transpirable y cuenta con la tecnolog\u00eda de absorci\u00f3n de sudor de Duracell, que te mantiene fresco y seco.<\/p>\n<p>Consejos para la impresi\u00f3n: Si el nombre y el n\u00famero que aparecen en la imagen son exactamente los que desea, no es necesario que los vuelva a introducir. En caso contrario, deber\u00e1 introducir el nombre y el n\u00famero que desee.<\/p>\n<p>Consejos de lavado: Se recomienda lavar las camisetas de f\u00fatbol a mano. Si desea utilizar la lavadora, recuerde poner las camisetas de f\u00fatbol del rev\u00e9s y luego lavarlas. Llena la lavadora con agua fr\u00eda y utiliza un ciclo delicado para proteger mejor los colores.<\/p>","protected":false},"excerpt":{"rendered":"<p>Das wei\u00dfe Ausw\u00e4rtstrikot greift das klassische Farbdesign des AC Mailand auf und pr\u00e4sentiert einen neuen Look f\u00fcr die Saison 24\/25. Das wei\u00dfe Trikot weist ein dezentes Muster mit vertikalen Streifen auf. Der Kragen und die Manschetten sind mit roten und schwarzen Verzierungen versehen, und ein schwarzes Logo rundet das Design ab. Es gibt ein mit [&hellip;]<\/p>","protected":false},"featured_media":20891,"comment_status":"open","ping_status":"closed","template":"","meta":[],"product_brand":[],"product_cat":[92],"product_tag":[630,631,93,20,574,1415,24,1416,94],"class_list":{"0":"post-20889","1":"product","2":"type-product","3":"status-publish","4":"has-post-thumbnail","6":"product_cat-ac-mailand-kindertrikot","7":"product_tag-ac-milan-fussballtrikots-kinder","8":"product_tag-ac-milan-trikot-fuer-kinder","9":"product_tag-ac-milan-trikotsatz-fuer-kinder","10":"product_tag-coole-fussballtrikots","11":"product_tag-fussballtrikot-deutschland","12":"product_tag-fussballtrikots-set","13":"product_tag-guenstiges-fussballtrikot","14":"product_tag-kinder-ac-milan-trikot","15":"product_tag-kinder-fussball-trikotsatz","17":"first","18":"instock","19":"shipping-taxable","20":"purchasable","21":"product-type-variable"},"_links":{"self":[{"href":"https:\/\/www.billigtrikotde.com\/es\/wp-json\/wp\/v2\/product\/20889","targetHints":{"allow":["GET"]}}],"collection":[{"href":"https:\/\/www.billigtrikotde.com\/es\/wp-json\/wp\/v2\/product"}],"about":[{"href":"https:\/\/www.billigtrikotde.com\/es\/wp-json\/wp\/v2\/types\/product"}],"replies":[{"embeddable":true,"href":"https:\/\/www.billigtrikotde.com\/es\/wp-json\/wp\/v2\/comments?post=20889"}],"wp:featuredmedia":[{"embeddable":true,"href":"https:\/\/www.billigtrikotde.com\/es\/wp-json\/wp\/v2\/media\/20891"}],"wp:attachment":[{"href":"https:\/\/www.billigtrikotde.com\/es\/wp-json\/wp\/v2\/media?parent=20889"}],"wp:term":[{"taxonomy":"product_brand","embeddable":true,"href":"https:\/\/www.billigtrikotde.com\/es\/wp-json\/wp\/v2\/product_brand?post=20889"},{"taxonomy":"product_cat","embeddable":true,"href":"https:\/\/www.billigtrikotde.com\/es\/wp-json\/wp\/v2\/product_cat?post=20889"},{"taxonomy":"product_tag","embeddable":true,"href":"https:\/\/www.billigtrikotde.com\/es\/wp-json\/wp\/v2\/product_tag?post=20889"}],"curies":[{"name":"wp","href":"https:\/\/api.w.org\/{rel}","templated":true}]}}