{"id":20748,"date":"2025-02-08T14:34:45","date_gmt":"2025-02-08T13:34:45","guid":{"rendered":"https:\/\/www.billigtrikotde.com\/?post_type=product&#038;p=20748"},"modified":"2025-03-01T09:17:39","modified_gmt":"2025-03-01T08:17:39","slug":"guenstige-chelsea-fussballtrikots-kinder-auswaerts-trikotsatz-2024-25","status":"publish","type":"product","link":"https:\/\/www.billigtrikotde.com\/es\/guenstige-chelsea-fussballtrikots-kinder-auswaerts-trikotsatz-2024-25\/","title":{"rendered":"Camisetas F\u00fatbol Chelsea Baratas Ni\u00f1o Away Kit 2024-25"},"content":{"rendered":"<p>El lema \"Blue Blame\" de esta camiseta local del Chelsea FC 24\/25 tambi\u00e9n se reproduce en la camiseta visitante, subrayando la ambici\u00f3n compartida, la pasi\u00f3n ardiente y la determinaci\u00f3n de triunfar del club. El llamativo color naranja simboliza el fuego y representa el empuje com\u00fan de todos los que forman parte del Chelsea, tanto dentro como fuera del campo. El eslogan \"Together, We Burn Blue\" resume este esp\u00edritu y refleja la unidad y la intensidad que el club quiere aportar a la nueva temporada.La equipaci\u00f3n visitante del Chelsea 2024\/25 incluye un escudo personalizado que resalta los tonos naranjas de las anteriores equipaciones del club de una forma contempor\u00e1nea. Este elemento personalizado subraya el compromiso del club con la innovaci\u00f3n y el respeto por su legado.<\/p>\n<p>Consejos para la impresi\u00f3n: Si el nombre y el n\u00famero que aparecen en la imagen son exactamente los que desea, no es necesario que los vuelva a introducir. En caso contrario, deber\u00e1 introducir el nombre y el n\u00famero que desee.<\/p>\n<p>Consejos de lavado: Se recomienda lavar las camisetas de f\u00fatbol a mano. Si desea utilizar la lavadora, recuerde poner las camisetas de f\u00fatbol del rev\u00e9s y luego lavarlas. Llena la lavadora con agua fr\u00eda y utiliza un ciclo delicado para proteger mejor los colores.<\/p>","protected":false},"excerpt":{"rendered":"<p>Das \u201eBlue Blame\u201c-Thema dieses Heimtrikots 24\/25 des FC Chelsea wird auch auf dem Ausw\u00e4rtstrikot wiedergegeben und unterstreicht den gemeinsamen Ehrgeiz, die brennende Leidenschaft und die Entschlossenheit des Vereins, erfolgreich zu sein. Die auff\u00e4llige orange Akzentfarbe symbolisiert Feuer und repr\u00e4sentiert den gemeinsamen Antrieb aller, die mit Chelsea verbunden sind, sowohl auf als auch neben dem Spielfeld. [&hellip;]<\/p>","protected":false},"featured_media":20750,"comment_status":"open","ping_status":"closed","template":"","meta":[],"product_brand":[],"product_cat":[162],"product_tag":[20,1280,831,832,163,24,94],"class_list":{"0":"post-20748","1":"product","2":"type-product","3":"status-publish","4":"has-post-thumbnail","6":"product_cat-chelsea-kindertrikot","7":"product_tag-coole-fussballtrikots","8":"product_tag-chelsea-fc-24-25-trikot","9":"product_tag-chelsea-fussballtrikots-kinder","10":"product_tag-chelsea-trikot-fuer-kinder","11":"product_tag-chelsea-trikotsatz-fuer-kinder","12":"product_tag-guenstiges-fussballtrikot","13":"product_tag-kinder-fussball-trikotsatz","15":"first","16":"instock","17":"shipping-taxable","18":"purchasable","19":"product-type-variable"},"_links":{"self":[{"href":"https:\/\/www.billigtrikotde.com\/es\/wp-json\/wp\/v2\/product\/20748","targetHints":{"allow":["GET"]}}],"collection":[{"href":"https:\/\/www.billigtrikotde.com\/es\/wp-json\/wp\/v2\/product"}],"about":[{"href":"https:\/\/www.billigtrikotde.com\/es\/wp-json\/wp\/v2\/types\/product"}],"replies":[{"embeddable":true,"href":"https:\/\/www.billigtrikotde.com\/es\/wp-json\/wp\/v2\/comments?post=20748"}],"wp:featuredmedia":[{"embeddable":true,"href":"https:\/\/www.billigtrikotde.com\/es\/wp-json\/wp\/v2\/media\/20750"}],"wp:attachment":[{"href":"https:\/\/www.billigtrikotde.com\/es\/wp-json\/wp\/v2\/media?parent=20748"}],"wp:term":[{"taxonomy":"product_brand","embeddable":true,"href":"https:\/\/www.billigtrikotde.com\/es\/wp-json\/wp\/v2\/product_brand?post=20748"},{"taxonomy":"product_cat","embeddable":true,"href":"https:\/\/www.billigtrikotde.com\/es\/wp-json\/wp\/v2\/product_cat?post=20748"},{"taxonomy":"product_tag","embeddable":true,"href":"https:\/\/www.billigtrikotde.com\/es\/wp-json\/wp\/v2\/product_tag?post=20748"}],"curies":[{"name":"wp","href":"https:\/\/api.w.org\/{rel}","templated":true}]}}