{"id":20741,"date":"2025-02-08T13:23:01","date_gmt":"2025-02-08T12:23:01","guid":{"rendered":"https:\/\/www.billigtrikotde.com\/?post_type=product&#038;p=20741"},"modified":"2025-03-01T09:09:35","modified_gmt":"2025-03-01T08:09:35","slug":"chelsea-fussballtrikots-kinder-heimtrikot-2024-25-cole-palmer-20","status":"publish","type":"product","link":"https:\/\/www.billigtrikotde.com\/es\/chelsea-fussballtrikots-kinder-heimtrikot-2024-25-cole-palmer-20\/","title":{"rendered":"Chelsea Camisetas de F\u00fatbol Ni\u00f1os Home Shirt 2024-25 Cole Palmer 20"},"content":{"rendered":"<p>La camiseta de f\u00fatbol del Chelsea kinder 24-25 representa una primicia en la historia del club. Combina los tradicionales colores azul y blanco y naranja. Los logotipos de la camiseta local del Chelsea 24-25 son azul claro y est\u00e1n perfilados con \"Team Orange\". Ambos tienen un efecto 3D. Destaca un dise\u00f1o ondulado que recuerda en cierto modo al efecto de una ola de espuma.<\/p>\n<p>Consejos para la impresi\u00f3n: Si el nombre y el n\u00famero que aparecen en la imagen son exactamente los que desea, no es necesario que los vuelva a introducir. En caso contrario, deber\u00e1 introducir el nombre y el n\u00famero que desee.<\/p>\n<p>Consejos de lavado: Se recomienda lavar las camisetas de f\u00fatbol a mano. Si desea utilizar la lavadora, recuerde poner las camisetas de f\u00fatbol del rev\u00e9s y luego lavarlas. Llena la lavadora con agua fr\u00eda y utiliza un ciclo delicado para proteger mejor los colores.<\/p>","protected":false},"excerpt":{"rendered":"<p>La camiseta de f\u00fatbol del Chelsea kinder 24-25 representa una primicia en la historia del club. Combina los tradicionales colores azul y blanco y naranja. Los logotipos de la camiseta local del Chelsea 24-25 son azul claro y est\u00e1n perfilados con \"Team Orange\". Ambos tienen un efecto 3D. Destaca un dise\u00f1o ondulado que recuerda en cierto modo al efecto de una ola de espuma.<\/p>","protected":false},"featured_media":20743,"comment_status":"open","ping_status":"closed","template":"","meta":[],"product_brand":[],"product_cat":[162],"product_tag":[20,1280,831,832,163,1221,24,94],"class_list":{"0":"post-20741","1":"product","2":"type-product","3":"status-publish","4":"has-post-thumbnail","6":"product_cat-chelsea-kindertrikot","7":"product_tag-coole-fussballtrikots","8":"product_tag-chelsea-fc-24-25-trikot","9":"product_tag-chelsea-fussballtrikots-kinder","10":"product_tag-chelsea-trikot-fuer-kinder","11":"product_tag-chelsea-trikotsatz-fuer-kinder","12":"product_tag-cole-palmer-trikots","13":"product_tag-guenstiges-fussballtrikot","14":"product_tag-kinder-fussball-trikotsatz","16":"first","17":"instock","18":"shipping-taxable","19":"purchasable","20":"product-type-variable"},"_links":{"self":[{"href":"https:\/\/www.billigtrikotde.com\/es\/wp-json\/wp\/v2\/product\/20741","targetHints":{"allow":["GET"]}}],"collection":[{"href":"https:\/\/www.billigtrikotde.com\/es\/wp-json\/wp\/v2\/product"}],"about":[{"href":"https:\/\/www.billigtrikotde.com\/es\/wp-json\/wp\/v2\/types\/product"}],"replies":[{"embeddable":true,"href":"https:\/\/www.billigtrikotde.com\/es\/wp-json\/wp\/v2\/comments?post=20741"}],"wp:featuredmedia":[{"embeddable":true,"href":"https:\/\/www.billigtrikotde.com\/es\/wp-json\/wp\/v2\/media\/20743"}],"wp:attachment":[{"href":"https:\/\/www.billigtrikotde.com\/es\/wp-json\/wp\/v2\/media?parent=20741"}],"wp:term":[{"taxonomy":"product_brand","embeddable":true,"href":"https:\/\/www.billigtrikotde.com\/es\/wp-json\/wp\/v2\/product_brand?post=20741"},{"taxonomy":"product_cat","embeddable":true,"href":"https:\/\/www.billigtrikotde.com\/es\/wp-json\/wp\/v2\/product_cat?post=20741"},{"taxonomy":"product_tag","embeddable":true,"href":"https:\/\/www.billigtrikotde.com\/es\/wp-json\/wp\/v2\/product_tag?post=20741"}],"curies":[{"name":"wp","href":"https:\/\/api.w.org\/{rel}","templated":true}]}}