{"id":20715,"date":"2025-01-29T05:27:56","date_gmt":"2025-01-29T04:27:56","guid":{"rendered":"https:\/\/www.billigtrikotde.com\/?post_type=product&#038;p=20715"},"modified":"2025-03-01T05:56:38","modified_gmt":"2025-03-01T04:56:38","slug":"tottenham-hotspur-auswaerts-trikotsatz-2024-25-fuer-kinder-cristian-romero-17","status":"publish","type":"product","link":"https:\/\/www.billigtrikotde.com\/es\/tottenham-hotspur-auswaerts-trikotsatz-2024-25-fuer-kinder-cristian-romero-17\/","title":{"rendered":"Kit de visitante del Tottenham Hotspur 2024-25 para ni\u00f1o Cristian Romero 17"},"content":{"rendered":"<p>En un atrevido cambio del dise\u00f1o tradicional de la camiseta del Tottenham Hotspur, el escudo del club ocupa el centro del escenario en la equipaci\u00f3n visitante 24\/25 del Tottenham Hotspur. Esta innovadora colocaci\u00f3n a\u00f1ade un toque moderno al dise\u00f1o cl\u00e1sico, tendiendo un puente entre la rica historia del Tottenham y sus ambiciones de futuro. Las mangas y el cuello est\u00e1n adornados con una banda amarilla y blanca, un elemento de dise\u00f1o que estar\u00e1 presente en todas las equipaciones del club la pr\u00f3xima temporada.<\/p>\n<p>Consejos para la impresi\u00f3n: Si el nombre y el n\u00famero que aparecen en la imagen son exactamente los que desea, no es necesario que los vuelva a introducir. En caso contrario, deber\u00e1 introducir el nombre y el n\u00famero que desee.<\/p>\n<p>Consejos de lavado: Se recomienda lavar las camisetas de f\u00fatbol a mano. Si desea utilizar la lavadora, recuerde poner las camisetas de f\u00fatbol del rev\u00e9s y luego lavarlas. Llena la lavadora con agua fr\u00eda y utiliza un ciclo delicado para proteger mejor los colores.<\/p>","protected":false},"excerpt":{"rendered":"<p>In einer mutigen Abkehr vom traditionellen Trikotdesign von Tottenham Hotspur steht das Vereinswappen auf dem Tottenham Hotspur 24\/25-Ausw\u00e4rtstrikot im Mittelpunkt. Diese innovative Platzierung verleiht dem klassischen Design eine moderne Note und \u00fcberbr\u00fcckt die L\u00fccke zwischen Tottenhams reicher Geschichte und seinen zukunftsweisenden Ambitionen. Die \u00c4rmel und der Ausschnitt sind mit einem gelb-wei\u00dfen Band verziert, einem Designelement, [&hellip;]<\/p>","protected":false},"featured_media":20717,"comment_status":"open","ping_status":"closed","template":"","meta":[],"product_brand":[],"product_cat":[102],"product_tag":[20,1403,574,24,94,652,104,105],"class_list":{"0":"post-20715","1":"product","2":"type-product","3":"status-publish","4":"has-post-thumbnail","6":"product_cat-tottenham-hotspur-kindertrikot","7":"product_tag-coole-fussballtrikots","8":"product_tag-cristian-romero-trikots","9":"product_tag-fussballtrikot-deutschland","10":"product_tag-guenstiges-fussballtrikot","11":"product_tag-kinder-fussball-trikotsatz","12":"product_tag-tottenham-hotspur-fussballtrikot","13":"product_tag-tottenham-hotspur-trikots","14":"product_tag-tottenham-hotspur-trikotsatz-fuer-kinder","16":"first","17":"instock","18":"shipping-taxable","19":"purchasable","20":"product-type-variable"},"_links":{"self":[{"href":"https:\/\/www.billigtrikotde.com\/es\/wp-json\/wp\/v2\/product\/20715","targetHints":{"allow":["GET"]}}],"collection":[{"href":"https:\/\/www.billigtrikotde.com\/es\/wp-json\/wp\/v2\/product"}],"about":[{"href":"https:\/\/www.billigtrikotde.com\/es\/wp-json\/wp\/v2\/types\/product"}],"replies":[{"embeddable":true,"href":"https:\/\/www.billigtrikotde.com\/es\/wp-json\/wp\/v2\/comments?post=20715"}],"wp:featuredmedia":[{"embeddable":true,"href":"https:\/\/www.billigtrikotde.com\/es\/wp-json\/wp\/v2\/media\/20717"}],"wp:attachment":[{"href":"https:\/\/www.billigtrikotde.com\/es\/wp-json\/wp\/v2\/media?parent=20715"}],"wp:term":[{"taxonomy":"product_brand","embeddable":true,"href":"https:\/\/www.billigtrikotde.com\/es\/wp-json\/wp\/v2\/product_brand?post=20715"},{"taxonomy":"product_cat","embeddable":true,"href":"https:\/\/www.billigtrikotde.com\/es\/wp-json\/wp\/v2\/product_cat?post=20715"},{"taxonomy":"product_tag","embeddable":true,"href":"https:\/\/www.billigtrikotde.com\/es\/wp-json\/wp\/v2\/product_tag?post=20715"}],"curies":[{"name":"wp","href":"https:\/\/api.w.org\/{rel}","templated":true}]}}