{"id":20700,"date":"2025-01-29T04:53:02","date_gmt":"2025-01-29T03:53:02","guid":{"rendered":"https:\/\/www.billigtrikotde.com\/?post_type=product&#038;p=20700"},"modified":"2025-02-08T15:17:34","modified_gmt":"2025-02-08T14:17:34","slug":"kinder-fussballtrikots-tottenham-hotspur-heim-trikotsatz-2024-25-archie-gray-14","status":"publish","type":"product","link":"https:\/\/www.billigtrikotde.com\/es\/kinder-fussballtrikots-tottenham-hotspur-heim-trikotsatz-2024-25-archie-gray-14\/","title":{"rendered":"Camisetas F\u00fatbol Ni\u00f1o Tottenham Hotspur Home Kit 2024-25 Archie Gris 14"},"content":{"rendered":"<p>El dise\u00f1o de la camiseta local barata 24\/25 del Tottenham Hotspur presenta mangas azul marino en toda la prenda, volviendo a la camiseta blanca \"Lilywhite\". Este dise\u00f1o celebra los colores ic\u00f3nicos del club del norte de Londres.<\/p>\n<p>La camiseta presenta un nuevo dise\u00f1o de cuello redondo de Soccer y pu\u00f1os a rayas. Todos los detalles de la camiseta tienen los tradicionales detalles en azul marino del Tottenham y combinan con los pantalones cortos azul oscuro y las medias blancas para un look cl\u00e1sico de los Spurs.<\/p>\n<p>Consejos para la impresi\u00f3n: Si el nombre y el n\u00famero que aparecen en la imagen son exactamente los que desea, no es necesario que los vuelva a introducir. En caso contrario, deber\u00e1 introducir el nombre y el n\u00famero que desee.<\/p>\n<p>Consejos de lavado: Se recomienda lavar las camisetas de f\u00fatbol a mano. Si desea utilizar la lavadora, recuerde poner las camisetas de f\u00fatbol del rev\u00e9s y luego lavarlas. Llena la lavadora con agua fr\u00eda y utiliza un ciclo delicado para proteger mejor los colores.<\/p>","protected":false},"excerpt":{"rendered":"<p>El dise\u00f1o de la asequible camiseta de casa 24\/25 de Tottenham Hotspur muestra mangas de color azul marino a lo largo, que regresan a la camiseta blanca \u00abLilywhite\u00bb. Este dise\u00f1o celebra los colores ic\u00f3nicos del club del norte de Londres. La camiseta presenta un nuevo cuello redondo de Soccer y pu\u00f1os de rayas de aguja. Todos los detalles de la camiseta est\u00e1n mantenidos en los acentos azul marino tradicionales de Tottenham y combinan con los pantalones cortos azul oscuro y [\u2026]<\/p>","protected":false},"featured_media":20702,"comment_status":"open","ping_status":"closed","template":"","meta":[],"product_brand":[],"product_cat":[102],"product_tag":[1400,20,574,24,94,652,104,105],"class_list":{"0":"post-20700","1":"product","2":"type-product","3":"status-publish","4":"has-post-thumbnail","6":"product_cat-tottenham-hotspur-kindertrikot","7":"product_tag-archie-gray-trikots","8":"product_tag-coole-fussballtrikots","9":"product_tag-fussballtrikot-deutschland","10":"product_tag-guenstiges-fussballtrikot","11":"product_tag-kinder-fussball-trikotsatz","12":"product_tag-tottenham-hotspur-fussballtrikot","13":"product_tag-tottenham-hotspur-trikots","14":"product_tag-tottenham-hotspur-trikotsatz-fuer-kinder","16":"first","17":"instock","18":"shipping-taxable","19":"purchasable","20":"product-type-variable"},"_links":{"self":[{"href":"https:\/\/www.billigtrikotde.com\/es\/wp-json\/wp\/v2\/product\/20700","targetHints":{"allow":["GET"]}}],"collection":[{"href":"https:\/\/www.billigtrikotde.com\/es\/wp-json\/wp\/v2\/product"}],"about":[{"href":"https:\/\/www.billigtrikotde.com\/es\/wp-json\/wp\/v2\/types\/product"}],"replies":[{"embeddable":true,"href":"https:\/\/www.billigtrikotde.com\/es\/wp-json\/wp\/v2\/comments?post=20700"}],"wp:featuredmedia":[{"embeddable":true,"href":"https:\/\/www.billigtrikotde.com\/es\/wp-json\/wp\/v2\/media\/20702"}],"wp:attachment":[{"href":"https:\/\/www.billigtrikotde.com\/es\/wp-json\/wp\/v2\/media?parent=20700"}],"wp:term":[{"taxonomy":"product_brand","embeddable":true,"href":"https:\/\/www.billigtrikotde.com\/es\/wp-json\/wp\/v2\/product_brand?post=20700"},{"taxonomy":"product_cat","embeddable":true,"href":"https:\/\/www.billigtrikotde.com\/es\/wp-json\/wp\/v2\/product_cat?post=20700"},{"taxonomy":"product_tag","embeddable":true,"href":"https:\/\/www.billigtrikotde.com\/es\/wp-json\/wp\/v2\/product_tag?post=20700"}],"curies":[{"name":"wp","href":"https:\/\/api.w.org\/{rel}","templated":true}]}}