{"id":20692,"date":"2025-01-26T08:43:43","date_gmt":"2025-01-26T07:43:43","guid":{"rendered":"https:\/\/www.billigtrikotde.com\/?post_type=product&#038;p=20692"},"modified":"2025-02-01T16:00:43","modified_gmt":"2025-02-01T15:00:43","slug":"kindertrikot-personalisierbar-real-madrid-ausweich-trikotsatz-2024-25","status":"publish","type":"product","link":"https:\/\/www.billigtrikotde.com\/es\/kindertrikot-personalisierbar-real-madrid-ausweich-trikotsatz-2024-25\/","title":{"rendered":"Camiseta de ni\u00f1o personalizable Real Madrid 2024-25"},"content":{"rendered":"<p>La tercera camiseta asequible del Real Madrid 2024\/25 presenta un sofisticado esquema de color gris oscuro que es muy diferente de los dise\u00f1os anteriores. La caracter\u00edstica m\u00e1s destacada de la nueva camiseta del Real Madrid es un intrincado patr\u00f3n con las iniciales del club 'RMCF', un elemento de dise\u00f1o \u00fanico inspirado en las se\u00f1ales tradicionales de las calles de Madrid que crea una fuerte conexi\u00f3n entre el equipo y su ciudad natal. El monograma, que se repite en toda la camiseta, a\u00f1ade profundidad y car\u00e1cter a la \u00faltima camiseta del Real Madrid 2024\/25, con varios detalles notables incorporados en el dise\u00f1o de la tercera camiseta del Real Madrid 24\/25. La camiseta cuenta con un cuello de polo de punto plano y un cierre de botones que a\u00f1ade un toque de elegancia a la est\u00e9tica general.<\/p>\n<p>Consejos para la impresi\u00f3n: Si el nombre y el n\u00famero que aparecen en la imagen son exactamente los que desea, no es necesario que los vuelva a introducir. En caso contrario, deber\u00e1 introducir el nombre y el n\u00famero que desee.<\/p>\n<p>Consejos de lavado: Se recomienda lavar las camisetas de f\u00fatbol a mano. Si desea utilizar la lavadora, recuerde poner las camisetas de f\u00fatbol del rev\u00e9s y luego lavarlas. Llena la lavadora con agua fr\u00eda y utiliza un ciclo delicado para proteger mejor los colores.<\/p>","protected":false},"excerpt":{"rendered":"<p>Das g\u00fcnstige dritte Trikot von Real Madrid 2024\/25 zeichnet sich durch ein raffiniertes dunkelgraues Farbschema aus, das sich deutlich von fr\u00fcheren Designs unterscheidet. Das herausragende Merkmal des neuen Trikots von Real Madrid ist ein kompliziertes Muster mit den Initialen des Vereins \u201eRMCF\u201c.Dieses einzigartige Designelement ist von traditionellen Madrider Stra\u00dfenschildern inspiriert und schafft eine starke Verbindung [&hellip;]<\/p>","protected":false},"featured_media":20694,"comment_status":"open","ping_status":"closed","template":"","meta":[],"product_brand":[],"product_cat":[165],"product_tag":[20,574,24,94,879,880,47,166],"class_list":{"0":"post-20692","1":"product","2":"type-product","3":"status-publish","4":"has-post-thumbnail","6":"product_cat-real-madrid-kindertrikot","7":"product_tag-coole-fussballtrikots","8":"product_tag-fussballtrikot-deutschland","9":"product_tag-guenstiges-fussballtrikot","10":"product_tag-kinder-fussball-trikotsatz","11":"product_tag-real-madrid-fussballtrikots-kinder","12":"product_tag-real-madrid-trikot-fuer-kinder","13":"product_tag-real-madrid-trikots","14":"product_tag-real-madrid-trikotsatz-fuer-kinder","16":"first","17":"instock","18":"shipping-taxable","19":"purchasable","20":"product-type-variable"},"_links":{"self":[{"href":"https:\/\/www.billigtrikotde.com\/es\/wp-json\/wp\/v2\/product\/20692","targetHints":{"allow":["GET"]}}],"collection":[{"href":"https:\/\/www.billigtrikotde.com\/es\/wp-json\/wp\/v2\/product"}],"about":[{"href":"https:\/\/www.billigtrikotde.com\/es\/wp-json\/wp\/v2\/types\/product"}],"replies":[{"embeddable":true,"href":"https:\/\/www.billigtrikotde.com\/es\/wp-json\/wp\/v2\/comments?post=20692"}],"wp:featuredmedia":[{"embeddable":true,"href":"https:\/\/www.billigtrikotde.com\/es\/wp-json\/wp\/v2\/media\/20694"}],"wp:attachment":[{"href":"https:\/\/www.billigtrikotde.com\/es\/wp-json\/wp\/v2\/media?parent=20692"}],"wp:term":[{"taxonomy":"product_brand","embeddable":true,"href":"https:\/\/www.billigtrikotde.com\/es\/wp-json\/wp\/v2\/product_brand?post=20692"},{"taxonomy":"product_cat","embeddable":true,"href":"https:\/\/www.billigtrikotde.com\/es\/wp-json\/wp\/v2\/product_cat?post=20692"},{"taxonomy":"product_tag","embeddable":true,"href":"https:\/\/www.billigtrikotde.com\/es\/wp-json\/wp\/v2\/product_tag?post=20692"}],"curies":[{"name":"wp","href":"https:\/\/api.w.org\/{rel}","templated":true}]}}