{"id":20662,"date":"2025-01-24T08:36:18","date_gmt":"2025-01-24T07:36:18","guid":{"rendered":"https:\/\/www.billigtrikotde.com\/?post_type=product&#038;p=20662"},"modified":"2025-03-01T09:14:12","modified_gmt":"2025-03-01T08:14:12","slug":"fc-barcelona-ausweich-trikotsatz-2024-25-fussballtrikots-fuer-kinder","status":"publish","type":"product","link":"https:\/\/www.billigtrikotde.com\/es\/fc-barcelona-ausweich-trikotsatz-2024-25-fussballtrikots-fuer-kinder\/","title":{"rendered":"Kit de f\u00fatbol FC Barcelona 2024-25 para ni\u00f1os"},"content":{"rendered":"<p>La asequible tercera camiseta del Bar\u00e7a 2024-25 impresiona por su moderna combinaci\u00f3n de colores. Combina un color voltio brillante con azul para logotipos y aplicaciones. Los colores oficiales son \"Barely Volt \/ Old Royal\" y la tercera camiseta del Bar\u00e7a 2024-2025 est\u00e1 dise\u00f1ada con un s\u00edmbolo de g\u00e9nero femenino: un hermafrodita, un c\u00edrculo sobre una cruz.<\/p>\n<p>Como todas las dem\u00e1s camisetas para la temporada 2024-2025, la camiseta del Barcelona 24-25 tambi\u00e9n tiene un swoosh en la cabeza. El escudo se encuentra en el lado izquierdo en una versi\u00f3n de un solo color, azul con bordes voltios.<\/p>\n<p>Consejos para la impresi\u00f3n: Si el nombre y el n\u00famero que aparecen en la imagen son exactamente los que desea, no es necesario que los vuelva a introducir. En caso contrario, deber\u00e1 introducir el nombre y el n\u00famero que desee.<\/p>\n<p>Consejos de lavado: Se recomienda lavar las camisetas de f\u00fatbol a mano. Si desea utilizar la lavadora, recuerde poner las camisetas de f\u00fatbol del rev\u00e9s y luego lavarlas. Llena la lavadora con agua fr\u00eda y utiliza un ciclo delicado para proteger mejor los colores.<\/p>","protected":false},"excerpt":{"rendered":"<p>El c\u00f3modo tercer uniforme de Bar\u00e7a 2024-25 destaca por un esquema de colores moderno. Combina un volt claro con azul para logotipos y aplicaciones. Los colores oficiales son \u00abBarely Volt \/ Old Royal\u00bb. El tercer uniforme Bar\u00e7a 2024-2025 est\u00e1 dise\u00f1ado con un s\u00edmbolo de g\u00e9nero femenino \u2014 un hermafrodita, un c\u00edrculo sobre una cruz. Como todos los dem\u00e1s uniformes de la temporada [\u2026]<\/p>","protected":false},"featured_media":20664,"comment_status":"open","ping_status":"closed","template":"","meta":[],"product_brand":[],"product_cat":[146],"product_tag":[20,33,1261,22,24],"class_list":{"0":"post-20662","1":"product","2":"type-product","3":"status-publish","4":"has-post-thumbnail","6":"product_cat-barcelona-kindertrikot","7":"product_tag-coole-fussballtrikots","8":"product_tag-fc-barcelona-trikots","9":"product_tag-fussballtrikot-fuer-kinder","10":"product_tag-fussballtrikot-guenstig-kaufen","11":"product_tag-guenstiges-fussballtrikot","13":"first","14":"instock","15":"shipping-taxable","16":"purchasable","17":"product-type-variable"},"_links":{"self":[{"href":"https:\/\/www.billigtrikotde.com\/es\/wp-json\/wp\/v2\/product\/20662","targetHints":{"allow":["GET"]}}],"collection":[{"href":"https:\/\/www.billigtrikotde.com\/es\/wp-json\/wp\/v2\/product"}],"about":[{"href":"https:\/\/www.billigtrikotde.com\/es\/wp-json\/wp\/v2\/types\/product"}],"replies":[{"embeddable":true,"href":"https:\/\/www.billigtrikotde.com\/es\/wp-json\/wp\/v2\/comments?post=20662"}],"wp:featuredmedia":[{"embeddable":true,"href":"https:\/\/www.billigtrikotde.com\/es\/wp-json\/wp\/v2\/media\/20664"}],"wp:attachment":[{"href":"https:\/\/www.billigtrikotde.com\/es\/wp-json\/wp\/v2\/media?parent=20662"}],"wp:term":[{"taxonomy":"product_brand","embeddable":true,"href":"https:\/\/www.billigtrikotde.com\/es\/wp-json\/wp\/v2\/product_brand?post=20662"},{"taxonomy":"product_cat","embeddable":true,"href":"https:\/\/www.billigtrikotde.com\/es\/wp-json\/wp\/v2\/product_cat?post=20662"},{"taxonomy":"product_tag","embeddable":true,"href":"https:\/\/www.billigtrikotde.com\/es\/wp-json\/wp\/v2\/product_tag?post=20662"}],"curies":[{"name":"wp","href":"https:\/\/api.w.org\/{rel}","templated":true}]}}