{"id":20652,"date":"2025-01-24T08:09:11","date_gmt":"2025-01-24T07:09:11","guid":{"rendered":"https:\/\/www.billigtrikotde.com\/?post_type=product&#038;p=20652"},"modified":"2025-03-01T09:21:27","modified_gmt":"2025-03-01T08:21:27","slug":"kinder-fussball-trikot-fc-barcelona-auswaerts-trikotsatz-2024-25-fermin-lopez-16","status":"publish","type":"product","link":"https:\/\/www.billigtrikotde.com\/es\/kinder-fussball-trikot-fc-barcelona-auswaerts-trikotsatz-2024-25-fermin-lopez-16\/","title":{"rendered":"Camiseta F\u00fatbol Ni\u00f1o FC Barcelona Away Kit 2024-25 Fermin Lopez 16"},"content":{"rendered":"<p>La camiseta visitante del FC Barcelona 2024\/25 presenta las ic\u00f3nicas rayas del Bar\u00e7a sobre un elegante fondo negro para un llamativo contraste visual. Destaca el escudo del club, una insignia de TPU con una superficie reflectante y un borde azul y granate. El lanzamiento de esta equipaci\u00f3n 2024\/25 coincide con el 125 aniversario del Barcelona, lo que le da un significado especial. La decisi\u00f3n del club de retomar esta combinaci\u00f3n de colores es una mezcla de nostalgia e innovaci\u00f3n, que atraer\u00e1 tanto a los aficionados de toda la vida como a los nuevos.<\/p>\n<p>Consejos para la impresi\u00f3n: Si el nombre y el n\u00famero que aparecen en la imagen son exactamente los que desea, no es necesario que los vuelva a introducir. En caso contrario, deber\u00e1 introducir el nombre y el n\u00famero que desee.<\/p>\n<p>Consejos de lavado: Se recomienda lavar las camisetas de f\u00fatbol a mano. Si desea utilizar la lavadora, recuerde poner las camisetas de f\u00fatbol del rev\u00e9s y luego lavarlas. Llena la lavadora con agua fr\u00eda y utiliza un ciclo delicado para proteger mejor los colores.<\/p>","protected":false},"excerpt":{"rendered":"<p>Das Ausw\u00e4rtstrikot 2024\/25 des FC Barcelona zeigt die ikonischen Barca-Streifen auf einem eleganten schwarzen Hintergrund f\u00fcr einen auff\u00e4lligen optischen Kontrast. Ein Highlight ist das Vereinsabzeichen, ein TPU-Abzeichen mit reflektierender Oberfl\u00e4che und einer blauen und kastanienbraunen Umrandung. Dieses Ausw\u00e4rtstrikot 2024\/25 erscheint genau zu Barcelonas 125-j\u00e4hrigem Jubil\u00e4um, was der Ver\u00f6ffentlichung eine besondere Bedeutung verleiht. Die Entscheidung des [&hellip;]<\/p>","protected":false},"featured_media":20654,"comment_status":"open","ping_status":"closed","template":"","meta":[],"product_brand":[],"product_cat":[146],"product_tag":[20,33,1385,1261,22,24],"class_list":{"0":"post-20652","1":"product","2":"type-product","3":"status-publish","4":"has-post-thumbnail","6":"product_cat-barcelona-kindertrikot","7":"product_tag-coole-fussballtrikots","8":"product_tag-fc-barcelona-trikots","9":"product_tag-fermin-lopez-trikots","10":"product_tag-fussballtrikot-fuer-kinder","11":"product_tag-fussballtrikot-guenstig-kaufen","12":"product_tag-guenstiges-fussballtrikot","14":"first","15":"instock","16":"shipping-taxable","17":"purchasable","18":"product-type-variable"},"_links":{"self":[{"href":"https:\/\/www.billigtrikotde.com\/es\/wp-json\/wp\/v2\/product\/20652","targetHints":{"allow":["GET"]}}],"collection":[{"href":"https:\/\/www.billigtrikotde.com\/es\/wp-json\/wp\/v2\/product"}],"about":[{"href":"https:\/\/www.billigtrikotde.com\/es\/wp-json\/wp\/v2\/types\/product"}],"replies":[{"embeddable":true,"href":"https:\/\/www.billigtrikotde.com\/es\/wp-json\/wp\/v2\/comments?post=20652"}],"wp:featuredmedia":[{"embeddable":true,"href":"https:\/\/www.billigtrikotde.com\/es\/wp-json\/wp\/v2\/media\/20654"}],"wp:attachment":[{"href":"https:\/\/www.billigtrikotde.com\/es\/wp-json\/wp\/v2\/media?parent=20652"}],"wp:term":[{"taxonomy":"product_brand","embeddable":true,"href":"https:\/\/www.billigtrikotde.com\/es\/wp-json\/wp\/v2\/product_brand?post=20652"},{"taxonomy":"product_cat","embeddable":true,"href":"https:\/\/www.billigtrikotde.com\/es\/wp-json\/wp\/v2\/product_cat?post=20652"},{"taxonomy":"product_tag","embeddable":true,"href":"https:\/\/www.billigtrikotde.com\/es\/wp-json\/wp\/v2\/product_tag?post=20652"}],"curies":[{"name":"wp","href":"https:\/\/api.w.org\/{rel}","templated":true}]}}