{"id":20612,"date":"2025-01-14T15:35:48","date_gmt":"2025-01-14T14:35:48","guid":{"rendered":"https:\/\/www.billigtrikotde.com\/?post_type=product&#038;p=20612"},"modified":"2025-03-01T09:19:38","modified_gmt":"2025-03-01T08:19:38","slug":"guenstige-trikots-kinder-fc-barcelona-heimtrikot-2024-25-dani-olmo-20","status":"publish","type":"product","link":"https:\/\/www.billigtrikotde.com\/es\/guenstige-trikots-kinder-fc-barcelona-heimtrikot-2024-25-dani-olmo-20\/","title":{"rendered":"Cheap Jerseys Ni\u00f1os FC Barcelona Home Shirt 2024-25 Dani Olmo 20"},"content":{"rendered":"<p>La asequible camiseta del FC Barcelona 2024-25 tiene una combinaci\u00f3n de colores y un dise\u00f1o prometedores. La camiseta del Barcelona 2024-25 combina azul real, azul marino y rojo con logotipos dorados. En cuanto al dise\u00f1o, la camiseta del Barcelona 24-25 tiene un look mitad y mitad en azul y granate. Los logotipos del Swoosh y Spotify son dorados, mientras que el escudo tiene los colores habituales. El cuello y los pu\u00f1os son azul marino. La combinaci\u00f3n de colores y el dise\u00f1o recuerdan a la camiseta del centenario del Barcelona.<\/p>\n<p>Consejos para la impresi\u00f3n: Si el nombre y el n\u00famero que aparecen en la imagen son exactamente los que desea, no es necesario que los vuelva a introducir. En caso contrario, deber\u00e1 introducir el nombre y el n\u00famero que desee.<\/p>\n<p>Consejos de lavado: Se recomienda lavar las camisetas de f\u00fatbol a mano. Si desea utilizar la lavadora, recuerde poner las camisetas de f\u00fatbol del rev\u00e9s y luego lavarlas. Llena la lavadora con agua fr\u00eda y utiliza un ciclo delicado para proteger mejor los colores.<\/p>","protected":false},"excerpt":{"rendered":"<p>Das g\u00fcnstige FC Barcelona 2024-25 Trikot hat eine vielversprechende Farbkombination und Design. Das Barcelona 2024-25 Trikot kombiniert K\u00f6nigsblau, Marineblau und Rot mit goldenen Logos. Was das Design angeht, so hat das Barcelona 24-25 Trikot einen Halb-und-Halb-Look in Blau und Kastanienbraun. Der Swoosh und die Spotify-Logos sind goldfarben, w\u00e4hrend das Wappen in den Standardfarben gehalten ist. [&hellip;]<\/p>","protected":false},"featured_media":20614,"comment_status":"open","ping_status":"closed","template":"","meta":[],"product_brand":[],"product_cat":[146],"product_tag":[20,1230,33,1261,22,24],"class_list":{"0":"post-20612","1":"product","2":"type-product","3":"status-publish","4":"has-post-thumbnail","6":"product_cat-barcelona-kindertrikot","7":"product_tag-coole-fussballtrikots","8":"product_tag-dani-olmo-trikots","9":"product_tag-fc-barcelona-trikots","10":"product_tag-fussballtrikot-fuer-kinder","11":"product_tag-fussballtrikot-guenstig-kaufen","12":"product_tag-guenstiges-fussballtrikot","14":"first","15":"instock","16":"shipping-taxable","17":"purchasable","18":"product-type-variable"},"_links":{"self":[{"href":"https:\/\/www.billigtrikotde.com\/es\/wp-json\/wp\/v2\/product\/20612","targetHints":{"allow":["GET"]}}],"collection":[{"href":"https:\/\/www.billigtrikotde.com\/es\/wp-json\/wp\/v2\/product"}],"about":[{"href":"https:\/\/www.billigtrikotde.com\/es\/wp-json\/wp\/v2\/types\/product"}],"replies":[{"embeddable":true,"href":"https:\/\/www.billigtrikotde.com\/es\/wp-json\/wp\/v2\/comments?post=20612"}],"wp:featuredmedia":[{"embeddable":true,"href":"https:\/\/www.billigtrikotde.com\/es\/wp-json\/wp\/v2\/media\/20614"}],"wp:attachment":[{"href":"https:\/\/www.billigtrikotde.com\/es\/wp-json\/wp\/v2\/media?parent=20612"}],"wp:term":[{"taxonomy":"product_brand","embeddable":true,"href":"https:\/\/www.billigtrikotde.com\/es\/wp-json\/wp\/v2\/product_brand?post=20612"},{"taxonomy":"product_cat","embeddable":true,"href":"https:\/\/www.billigtrikotde.com\/es\/wp-json\/wp\/v2\/product_cat?post=20612"},{"taxonomy":"product_tag","embeddable":true,"href":"https:\/\/www.billigtrikotde.com\/es\/wp-json\/wp\/v2\/product_tag?post=20612"}],"curies":[{"name":"wp","href":"https:\/\/api.w.org\/{rel}","templated":true}]}}