{"id":20560,"date":"2025-01-10T14:40:09","date_gmt":"2025-01-10T13:40:09","guid":{"rendered":"https:\/\/www.billigtrikotde.com\/?post_type=product&#038;p=20560"},"modified":"2025-02-13T10:36:14","modified_gmt":"2025-02-13T09:36:14","slug":"kinder-real-madrid-auswaerts-trikotsatz-2024-25-orange-fussballtrikots-kylian-mbappe-9","status":"publish","type":"product","link":"https:\/\/www.billigtrikotde.com\/es\/kinder-real-madrid-auswaerts-trikotsatz-2024-25-orange-fussballtrikots-kylian-mbappe-9\/","title":{"rendered":"Ni\u00f1os Real Madrid Away Kit 2024-25 naranja Camisetas de F\u00fatbol Kylian Mbappe 9"},"content":{"rendered":"<p>La camiseta visitante barata del Real Madrid 24-25 recuerda al color de la tercera camiseta de la temporada 2013-2014 y en ella predomina el naranja brillante con aplicaciones en negro. El color de la camiseta visitante del Real Madrid 24-25 recuerda al de la tercera camiseta de la temporada 2013-2014. En la temporada 2013-2014, el Madrid logr\u00f3 su sue\u00f1o de la Decima, el d\u00e9cimo t\u00edtulo de la Liga de Campeones.<\/p>\n<p>Consejos para la impresi\u00f3n: Si el nombre y el n\u00famero que aparecen en la imagen son exactamente los que desea, no es necesario que los vuelva a introducir. En caso contrario, deber\u00e1 introducir el nombre y el n\u00famero que desee.<\/p>\n<p>Consejos de lavado: Se recomienda lavar las camisetas de f\u00fatbol a mano. Si desea utilizar la lavadora, recuerde poner las camisetas de f\u00fatbol del rev\u00e9s y luego lavarlas. Llena la lavadora con agua fr\u00eda y utiliza un ciclo delicado para proteger mejor los colores.<\/p>","protected":false},"excerpt":{"rendered":"<p>La asequible camiseta visitante del Real Madrid 24-25 recuerda a la tercera camiseta de la 2013-2014 en cuanto al color. Predomina el naranja brillante con aplicaciones en negro. El cuello tiene detalles blancos. El color de la camiseta visitante del Real Madrid 24-25 recuerda a la tercera camiseta de la temporada 2013-2014. En la temporada 2013-2014, el Madrid logr\u00f3 su sue\u00f1o de la Decima, el d\u00e9cimo t\u00edtulo de la Liga de Campeones.<\/p>","protected":false},"featured_media":20562,"comment_status":"open","ping_status":"closed","template":"","meta":[],"product_brand":[],"product_cat":[165],"product_tag":[20,574,24,94,1271,879,880,47,166],"class_list":{"0":"post-20560","1":"product","2":"type-product","3":"status-publish","4":"has-post-thumbnail","6":"product_cat-real-madrid-kindertrikot","7":"product_tag-coole-fussballtrikots","8":"product_tag-fussballtrikot-deutschland","9":"product_tag-guenstiges-fussballtrikot","10":"product_tag-kinder-fussball-trikotsatz","11":"product_tag-kylian-mbappe-trikots","12":"product_tag-real-madrid-fussballtrikots-kinder","13":"product_tag-real-madrid-trikot-fuer-kinder","14":"product_tag-real-madrid-trikots","15":"product_tag-real-madrid-trikotsatz-fuer-kinder","17":"first","18":"instock","19":"shipping-taxable","20":"purchasable","21":"product-type-variable"},"_links":{"self":[{"href":"https:\/\/www.billigtrikotde.com\/es\/wp-json\/wp\/v2\/product\/20560","targetHints":{"allow":["GET"]}}],"collection":[{"href":"https:\/\/www.billigtrikotde.com\/es\/wp-json\/wp\/v2\/product"}],"about":[{"href":"https:\/\/www.billigtrikotde.com\/es\/wp-json\/wp\/v2\/types\/product"}],"replies":[{"embeddable":true,"href":"https:\/\/www.billigtrikotde.com\/es\/wp-json\/wp\/v2\/comments?post=20560"}],"wp:featuredmedia":[{"embeddable":true,"href":"https:\/\/www.billigtrikotde.com\/es\/wp-json\/wp\/v2\/media\/20562"}],"wp:attachment":[{"href":"https:\/\/www.billigtrikotde.com\/es\/wp-json\/wp\/v2\/media?parent=20560"}],"wp:term":[{"taxonomy":"product_brand","embeddable":true,"href":"https:\/\/www.billigtrikotde.com\/es\/wp-json\/wp\/v2\/product_brand?post=20560"},{"taxonomy":"product_cat","embeddable":true,"href":"https:\/\/www.billigtrikotde.com\/es\/wp-json\/wp\/v2\/product_cat?post=20560"},{"taxonomy":"product_tag","embeddable":true,"href":"https:\/\/www.billigtrikotde.com\/es\/wp-json\/wp\/v2\/product_tag?post=20560"}],"curies":[{"name":"wp","href":"https:\/\/api.w.org\/{rel}","templated":true}]}}