{"id":20418,"date":"2024-12-19T09:27:39","date_gmt":"2024-12-19T08:27:39","guid":{"rendered":"https:\/\/www.gunstigfussballtrikot.de\/?post_type=product&#038;p=20418"},"modified":"2024-12-19T09:27:40","modified_gmt":"2024-12-19T08:27:40","slug":"rb-leipzig-heim-trikotsatz-2024-25-neuen-fussballtrikot-fuer-kinder-antonio-nusa-7","status":"publish","type":"product","link":"https:\/\/www.billigtrikotde.com\/es\/rb-leipzig-heim-trikotsatz-2024-25-neuen-fussballtrikot-fuer-kinder-antonio-nusa-7\/","title":{"rendered":"RB Leipzig Home Kit 2024-25 Nueva camiseta de f\u00fatbol para ni\u00f1os Antonio Nusa 7"},"content":{"rendered":"<p>La camiseta del RB Leipzig 2024-2025 tiene un dise\u00f1o moderno con los colores del club, blanco y rojo. Lo que hace que la camiseta RB Leipzig 2024-2025 destaque es el dise\u00f1o de la parte delantera.44. La camiseta Leipzig 24-25 tiene un dise\u00f1o gr\u00e1fico rojo \u00fanico. El estampado est\u00e1 inspirado en la Universidad de Leipzig y tanto el cuello como los pu\u00f1os de la camiseta local Rasenballsports Leipzig 24-25 son rojos.<\/p>\n<p>Consejos para la impresi\u00f3n: Si el nombre y el n\u00famero que aparecen en la imagen son exactamente los que desea, no es necesario que los vuelva a introducir. En caso contrario, deber\u00e1 introducir el nombre y el n\u00famero que desee.<\/p>\n<p>Consejos de lavado: Se recomienda lavar las camisetas de f\u00fatbol a mano. Si desea utilizar la lavadora, recuerde poner las camisetas de f\u00fatbol del rev\u00e9s y luego lavarlas. Llena la lavadora con agua fr\u00eda y utiliza un ciclo delicado para proteger mejor los colores.<\/p>","protected":false},"excerpt":{"rendered":"<p>La camiseta del RB Leipzig 2024-2025 tiene un dise\u00f1o moderno con los colores del club, blanco y rojo. Lo que hace que la camiseta RB Leipzig 2024-2025 destaque es el dise\u00f1o de la parte delantera.44. La camiseta Leipzig 24-25 tiene un dise\u00f1o gr\u00e1fico rojo \u00fanico. El estampado est\u00e1 inspirado en la Universidad de Leipzig. Tanto el cuello como los pu\u00f1os de la camiseta local Rasenballsports Leipzig 24-25 son rojos.<\/p>","protected":false},"featured_media":20420,"comment_status":"open","ping_status":"closed","template":"","meta":[],"product_brand":[],"product_cat":[1330],"product_tag":[1378,20,574,24,94,1331,1332,1333,187,1334],"class_list":{"0":"post-20418","1":"product","2":"type-product","3":"status-publish","4":"has-post-thumbnail","6":"product_cat-rb-leipzig-kindertrikot","7":"product_tag-antonio-nusa-trikots","8":"product_tag-coole-fussballtrikots","9":"product_tag-fussballtrikot-deutschland","10":"product_tag-guenstiges-fussballtrikot","11":"product_tag-kinder-fussball-trikotsatz","12":"product_tag-rb-leipzig-fussballtrikots-kinder","13":"product_tag-rb-leipzig-kinder-trikot-set","14":"product_tag-rb-leipzig-trikot-fuer-kinder","15":"product_tag-rb-leipzig-trikots","16":"product_tag-rb-leipzig-trikotsatz-fuer-kinder","18":"first","19":"instock","20":"shipping-taxable","21":"purchasable","22":"product-type-variable"},"_links":{"self":[{"href":"https:\/\/www.billigtrikotde.com\/es\/wp-json\/wp\/v2\/product\/20418","targetHints":{"allow":["GET"]}}],"collection":[{"href":"https:\/\/www.billigtrikotde.com\/es\/wp-json\/wp\/v2\/product"}],"about":[{"href":"https:\/\/www.billigtrikotde.com\/es\/wp-json\/wp\/v2\/types\/product"}],"replies":[{"embeddable":true,"href":"https:\/\/www.billigtrikotde.com\/es\/wp-json\/wp\/v2\/comments?post=20418"}],"wp:featuredmedia":[{"embeddable":true,"href":"https:\/\/www.billigtrikotde.com\/es\/wp-json\/wp\/v2\/media\/20420"}],"wp:attachment":[{"href":"https:\/\/www.billigtrikotde.com\/es\/wp-json\/wp\/v2\/media?parent=20418"}],"wp:term":[{"taxonomy":"product_brand","embeddable":true,"href":"https:\/\/www.billigtrikotde.com\/es\/wp-json\/wp\/v2\/product_brand?post=20418"},{"taxonomy":"product_cat","embeddable":true,"href":"https:\/\/www.billigtrikotde.com\/es\/wp-json\/wp\/v2\/product_cat?post=20418"},{"taxonomy":"product_tag","embeddable":true,"href":"https:\/\/www.billigtrikotde.com\/es\/wp-json\/wp\/v2\/product_tag?post=20418"}],"curies":[{"name":"wp","href":"https:\/\/api.w.org\/{rel}","templated":true}]}}