{"id":2036,"date":"2024-10-23T13:57:04","date_gmt":"2024-10-23T11:57:04","guid":{"rendered":"http:\/\/billigtrikots.com\/?post_type=product&#038;p=2036"},"modified":"2024-10-23T13:58:40","modified_gmt":"2024-10-23T11:58:40","slug":"herren-chelsea-fc-stadium-2022-auswaertstrikot-gelb-schwarz","status":"publish","type":"product","link":"https:\/\/www.billigtrikotde.com\/es\/herren-chelsea-fc-stadium-2022-auswaertstrikot-gelb-schwarz\/","title":{"rendered":"Camiseta visitante Chelsea FC Stadium 2022 de hombre amarillo\/negro"},"content":{"rendered":"<p>Representa a tu equipo con la camiseta Chelsea FC Stadium Away. El material altamente transpirable aleja el sudor de la piel, manteni\u00e9ndote fresco y c\u00f3modo tanto si est\u00e1s en el campo como en las gradas.<\/p>\n<p>La tecnolog\u00eda Nike Dri-FIT aleja el sudor de la piel, permitiendo que se evapore r\u00e1pidamente y manteni\u00e9ndote seco y c\u00f3modo.<\/p>\n<p>El material Nike Breathe es especialmente transpirable y te mantiene fresco.<\/p>\n<p>Consejos para la impresi\u00f3n: Si el nombre y el n\u00famero que aparecen en la imagen son exactamente los que desea, no es necesario que los vuelva a introducir. En caso contrario, deber\u00e1 introducir el nombre y el n\u00famero que desee.<\/p>\n<p>Consejos de lavado: Se recomienda lavar las camisetas de f\u00fatbol a mano. Si desea utilizar la lavadora, recuerde poner las camisetas de f\u00fatbol del rev\u00e9s y luego lavarlas. Llena la lavadora con agua fr\u00eda y utiliza un ciclo delicado para proteger mejor los colores.<\/p>","protected":false},"excerpt":{"rendered":"<p>Repr\u00e4sentiere dein Team im Chelsea FC Stadium Away Trikot. Das \u00e4u\u00dferst atmungsaktive Material leitet den Schwei\u00df von der Haut ab und sorgt damit f\u00fcr k\u00fchlen Tragekomfort \u2013 egal, ob auf dem Spielfeld oder der Trib\u00fcne. Die Nike Dri-FIT-Technologie leitet Schwei\u00df von der Haut ab, wodurch er schnell verdunstet, und erm\u00f6glicht so trockenen Tragekomfort. Das Nike [&hellip;]<\/p>","protected":false},"featured_media":2068,"comment_status":"open","ping_status":"closed","template":"","meta":[],"product_brand":[],"product_cat":[72],"product_tag":[20,76,73,21,22,23,24],"class_list":{"0":"post-2036","1":"product","2":"type-product","3":"status-publish","4":"has-post-thumbnail","6":"product_cat-chelsea","7":"product_tag-coole-fussballtrikots","8":"product_tag-chelsea-auswaertstrikot","9":"product_tag-chelsea-trikots","10":"product_tag-fussballtrikot-fuer-herren","11":"product_tag-fussballtrikot-guenstig-kaufen","12":"product_tag-fussballtrikot-kurzarm","13":"product_tag-guenstiges-fussballtrikot","15":"first","16":"instock","17":"shipping-taxable","18":"purchasable","19":"product-type-variable"},"_links":{"self":[{"href":"https:\/\/www.billigtrikotde.com\/es\/wp-json\/wp\/v2\/product\/2036","targetHints":{"allow":["GET"]}}],"collection":[{"href":"https:\/\/www.billigtrikotde.com\/es\/wp-json\/wp\/v2\/product"}],"about":[{"href":"https:\/\/www.billigtrikotde.com\/es\/wp-json\/wp\/v2\/types\/product"}],"replies":[{"embeddable":true,"href":"https:\/\/www.billigtrikotde.com\/es\/wp-json\/wp\/v2\/comments?post=2036"}],"wp:featuredmedia":[{"embeddable":true,"href":"https:\/\/www.billigtrikotde.com\/es\/wp-json\/wp\/v2\/media\/2068"}],"wp:attachment":[{"href":"https:\/\/www.billigtrikotde.com\/es\/wp-json\/wp\/v2\/media?parent=2036"}],"wp:term":[{"taxonomy":"product_brand","embeddable":true,"href":"https:\/\/www.billigtrikotde.com\/es\/wp-json\/wp\/v2\/product_brand?post=2036"},{"taxonomy":"product_cat","embeddable":true,"href":"https:\/\/www.billigtrikotde.com\/es\/wp-json\/wp\/v2\/product_cat?post=2036"},{"taxonomy":"product_tag","embeddable":true,"href":"https:\/\/www.billigtrikotde.com\/es\/wp-json\/wp\/v2\/product_tag?post=2036"}],"curies":[{"name":"wp","href":"https:\/\/api.w.org\/{rel}","templated":true}]}}