{"id":1979,"date":"2024-10-23T13:54:22","date_gmt":"2024-10-23T11:54:22","guid":{"rendered":"http:\/\/billigtrikots.com\/?post_type=product&#038;p=1979"},"modified":"2024-10-23T13:56:24","modified_gmt":"2024-10-23T11:56:24","slug":"fc-chelsea-2022-stadium-ausweichtrikot-blustery-hyper-crimson-herren-fanbekleidung","status":"publish","type":"product","link":"https:\/\/www.billigtrikotde.com\/es\/fc-chelsea-2022-stadium-ausweichtrikot-blustery-hyper-crimson-herren-fanbekleidung\/","title":{"rendered":"Camiseta de f\u00fatbol para hombre Chelsea FC 2022 Stadium Blustery\/Hyper Crimson"},"content":{"rendered":"<p>Juega como el Orgullo de Londres con la camiseta visitante Nike Chelsea 2022 Stadium, una versi\u00f3n para aficionados de la camiseta que llevan los profesionales.<\/p>\n<p>Dise\u00f1ada pensando en los aficionados, la camiseta visitante Nike Chelsea 21\/22 Stadium est\u00e1 confeccionada con el ligero tejido Nike Breathe para mantenerte fresco y c\u00f3modo tanto si animas a tus h\u00e9roes en el partido como si lo haces desde la grada.<\/p>\n<p>Llevando la moda callejera al terreno de juego, la camiseta visitante 21\/22 del Chelsea presenta una en\u00e9rgica combinaci\u00f3n de colores y estampado de camuflaje inspirada en las llamativas prendas ACG de Nike.<\/p>\n<p>Consejos para la impresi\u00f3n: Si el nombre y el n\u00famero que aparecen en la imagen son exactamente los que desea, no es necesario que los vuelva a introducir. En caso contrario, deber\u00e1 introducir el nombre y el n\u00famero que desee.<\/p>\n<p>Consejos de lavado: Se recomienda lavar las camisetas de f\u00fatbol a mano. Si desea utilizar la lavadora, recuerde poner las camisetas de f\u00fatbol del rev\u00e9s y luego lavarlas. Llena la lavadora con agua fr\u00eda y utiliza un ciclo delicado para proteger mejor los colores.<\/p>","protected":false},"excerpt":{"rendered":"<p>Spiele wie die Pride of London mit dem Nike Chelsea 2022 Stadium Ausweichtrikot, einer Fan-Version des Trikots, das von den Profis getragen wird. Das speziell f\u00fcr Fans entworfene Nike Chelsea 21\/22 Stadium Ausweichtrikot besteht aus leichtem Nike Breathe-Material, das dich k\u00fchl und bequem h\u00e4lt, egal ob du deinen Helden beim Spielen nacheiferst oder sie von [&hellip;]<\/p>","protected":false},"featured_media":2016,"comment_status":"open","ping_status":"closed","template":"","meta":[],"product_brand":[],"product_cat":[72],"product_tag":[20,74,73,21,22,23,24],"class_list":{"0":"post-1979","1":"product","2":"type-product","3":"status-publish","4":"has-post-thumbnail","6":"product_cat-chelsea","7":"product_tag-coole-fussballtrikots","8":"product_tag-chelsea-ausweichtrikot","9":"product_tag-chelsea-trikots","10":"product_tag-fussballtrikot-fuer-herren","11":"product_tag-fussballtrikot-guenstig-kaufen","12":"product_tag-fussballtrikot-kurzarm","13":"product_tag-guenstiges-fussballtrikot","15":"first","16":"instock","17":"shipping-taxable","18":"purchasable","19":"product-type-variable"},"_links":{"self":[{"href":"https:\/\/www.billigtrikotde.com\/es\/wp-json\/wp\/v2\/product\/1979","targetHints":{"allow":["GET"]}}],"collection":[{"href":"https:\/\/www.billigtrikotde.com\/es\/wp-json\/wp\/v2\/product"}],"about":[{"href":"https:\/\/www.billigtrikotde.com\/es\/wp-json\/wp\/v2\/types\/product"}],"replies":[{"embeddable":true,"href":"https:\/\/www.billigtrikotde.com\/es\/wp-json\/wp\/v2\/comments?post=1979"}],"wp:featuredmedia":[{"embeddable":true,"href":"https:\/\/www.billigtrikotde.com\/es\/wp-json\/wp\/v2\/media\/2016"}],"wp:attachment":[{"href":"https:\/\/www.billigtrikotde.com\/es\/wp-json\/wp\/v2\/media?parent=1979"}],"wp:term":[{"taxonomy":"product_brand","embeddable":true,"href":"https:\/\/www.billigtrikotde.com\/es\/wp-json\/wp\/v2\/product_brand?post=1979"},{"taxonomy":"product_cat","embeddable":true,"href":"https:\/\/www.billigtrikotde.com\/es\/wp-json\/wp\/v2\/product_cat?post=1979"},{"taxonomy":"product_tag","embeddable":true,"href":"https:\/\/www.billigtrikotde.com\/es\/wp-json\/wp\/v2\/product_tag?post=1979"}],"curies":[{"name":"wp","href":"https:\/\/api.w.org\/{rel}","templated":true}]}}