{"id":1973,"date":"2024-10-23T13:54:18","date_gmt":"2024-10-23T11:54:18","guid":{"rendered":"http:\/\/billigtrikots.com\/?post_type=product&#038;p=1973"},"modified":"2024-10-23T13:55:52","modified_gmt":"2024-10-23T11:55:52","slug":"fc-chelsea-stadium-2022-herren-edouard-mendy-16-fussball-trikot","status":"publish","type":"product","link":"https:\/\/www.billigtrikotde.com\/es\/fc-chelsea-stadium-2022-herren-edouard-mendy-16-fussball-trikot\/","title":{"rendered":"Chelsea FC Estadio 2022 Hombres Edouard Mendy 16# Camiseta de F\u00fatbol"},"content":{"rendered":"<p>\u00a1Por fin est\u00e1 disponible la nueva equipaci\u00f3n local del Chelsea 2021\/22! La equipaci\u00f3n local del Chelsea 2021\/22 satisfar\u00e1 sin duda a los mayores fans del club londinense. Por supuesto, \u00a1el azul sigue siendo el color principal de los Blues del Chelsea! Para esta temporada, sin embargo, Nike ha decidido arriesgarse con un nuevo dise\u00f1o que pasar\u00e1 todo menos desapercibido.<\/p>\n<p>Del damero al zigzag, es claramente una apuesta del Chelsea Football Club para esta temporada 21\/22. A destacar, la aparici\u00f3n tambi\u00e9n en esta camiseta del Chelsea jersey home 21\/22 del color amarillo, color hist\u00f3rico del club. Tambi\u00e9n cabe destacar el hecho de que la nueva camiseta del Chelsea 21\/22 est\u00e1 fabricada con materiales reciclables, \u00a1un bonito gesto por parte de los Blues!<\/p>\n<p>Demuestra tu fidelidad a tu club favorito y hazte sin dudarlo con la nueva camiseta local del Chelsea 2021\/22.<\/p>\n<p>Consejos para la impresi\u00f3n: Si el nombre y el n\u00famero que aparecen en la imagen son exactamente los que desea, no es necesario que los vuelva a introducir. En caso contrario, deber\u00e1 introducir el nombre y el n\u00famero que desee.<\/p>\n<p>Consejos de lavado: Se recomienda lavar las camisetas de f\u00fatbol a mano. Si desea utilizar la lavadora, recuerde poner las camisetas de f\u00fatbol del rev\u00e9s y luego lavarlas. Llena la lavadora con agua fr\u00eda y utiliza un ciclo delicado para proteger mejor los colores.<\/p>","protected":false},"excerpt":{"rendered":"<p>\u00a1Por fin est\u00e1 disponible la nueva equipaci\u00f3n local del Chelsea 2021\/22! La equipaci\u00f3n local del Chelsea 2021\/22 satisfar\u00e1 sin duda a los mayores fans del club londinense. Por supuesto, \u00a1el azul sigue siendo el color principal de los Blues del Chelsea! Para esta temporada, sin embargo, Nike ha decidido arriesgarse con un nuevo dise\u00f1o que pasar\u00e1 todo menos desapercibido.<\/p>","protected":false},"featured_media":2005,"comment_status":"open","ping_status":"closed","template":"","meta":[],"product_brand":[],"product_cat":[72],"product_tag":[20,73,21,23,24],"class_list":{"0":"post-1973","1":"product","2":"type-product","3":"status-publish","4":"has-post-thumbnail","6":"product_cat-chelsea","7":"product_tag-coole-fussballtrikots","8":"product_tag-chelsea-trikots","9":"product_tag-fussballtrikot-fuer-herren","10":"product_tag-fussballtrikot-kurzarm","11":"product_tag-guenstiges-fussballtrikot","13":"first","14":"instock","15":"shipping-taxable","16":"purchasable","17":"product-type-variable"},"_links":{"self":[{"href":"https:\/\/www.billigtrikotde.com\/es\/wp-json\/wp\/v2\/product\/1973","targetHints":{"allow":["GET"]}}],"collection":[{"href":"https:\/\/www.billigtrikotde.com\/es\/wp-json\/wp\/v2\/product"}],"about":[{"href":"https:\/\/www.billigtrikotde.com\/es\/wp-json\/wp\/v2\/types\/product"}],"replies":[{"embeddable":true,"href":"https:\/\/www.billigtrikotde.com\/es\/wp-json\/wp\/v2\/comments?post=1973"}],"wp:featuredmedia":[{"embeddable":true,"href":"https:\/\/www.billigtrikotde.com\/es\/wp-json\/wp\/v2\/media\/2005"}],"wp:attachment":[{"href":"https:\/\/www.billigtrikotde.com\/es\/wp-json\/wp\/v2\/media?parent=1973"}],"wp:term":[{"taxonomy":"product_brand","embeddable":true,"href":"https:\/\/www.billigtrikotde.com\/es\/wp-json\/wp\/v2\/product_brand?post=1973"},{"taxonomy":"product_cat","embeddable":true,"href":"https:\/\/www.billigtrikotde.com\/es\/wp-json\/wp\/v2\/product_cat?post=1973"},{"taxonomy":"product_tag","embeddable":true,"href":"https:\/\/www.billigtrikotde.com\/es\/wp-json\/wp\/v2\/product_tag?post=1973"}],"curies":[{"name":"wp","href":"https:\/\/api.w.org\/{rel}","templated":true}]}}